{"id":7060,"date":"2024-12-04T13:25:24","date_gmt":"2024-12-04T13:25:24","guid":{"rendered":"https:\/\/www.metron-ks.com\/?post_type=product&#038;p=7060"},"modified":"2024-12-18T12:10:44","modified_gmt":"2024-12-18T12:10:44","slug":"ore-e-mencur-meanit-m43-lady-1-46","status":"publish","type":"product","link":"https:\/\/www.metron-ks.com\/?product=ore-e-mencur-meanit-m43-lady-1-46","title":{"rendered":"Or\u00eb e men\u00e7ur meanIT M43 Lady, 1.46&#8243;"},"content":{"rendered":"<p>Mund\u00ebsia e thirrjes direkt nga ora n\u00ebp\u00ebrmjet lidhjes me Bluetooth (BT) me nj\u00eb smartphone.<br \/>\nBateria: 230 mAh<br \/>\nEkran me prekje 1,46&#8243; (IPS 360 x 360)<br \/>\nMb\u00ebshtetje p\u00ebr shum\u00eb sporte.<br \/>\nMenyja kroate n\u00eb or\u00eb dhe aplikacion.<br \/>\nAplikacioni DaFit (mb\u00ebshtetje p\u00ebr pajisjet Android dhe iPhone).<br \/>\nFytyra t\u00eb k\u00ebmbyeshme t\u00eb or\u00ebs<br \/>\nMatja e rrahjeve t\u00eb zemr\u00ebs dhe hapat<br \/>\nMonitorimi i ciklit menstrual<\/p>\n","protected":false},"excerpt":{"rendered":"<p>M43 Lady<\/p>\n","protected":false},"featured_media":7065,"comment_status":"open","ping_status":"closed","template":"","meta":[],"product_brand":[],"product_cat":[118,66,114],"product_tag":[],"class_list":{"0":"post-7060","1":"product","2":"type-product","3":"status-publish","4":"has-post-thumbnail","6":"product_cat-aksesore","7":"product_cat-oremates-aktiviteti","8":"product_cat-smart","10":"first","11":"instock","12":"shipping-taxable","13":"purchasable","14":"product-type-simple"},"_links":{"self":[{"href":"https:\/\/www.metron-ks.com\/index.php?rest_route=\/wp\/v2\/product\/7060","targetHints":{"allow":["GET"]}}],"collection":[{"href":"https:\/\/www.metron-ks.com\/index.php?rest_route=\/wp\/v2\/product"}],"about":[{"href":"https:\/\/www.metron-ks.com\/index.php?rest_route=\/wp\/v2\/types\/product"}],"replies":[{"embeddable":true,"href":"https:\/\/www.metron-ks.com\/index.php?rest_route=%2Fwp%2Fv2%2Fcomments&post=7060"}],"wp:featuredmedia":[{"embeddable":true,"href":"https:\/\/www.metron-ks.com\/index.php?rest_route=\/wp\/v2\/media\/7065"}],"wp:attachment":[{"href":"https:\/\/www.metron-ks.com\/index.php?rest_route=%2Fwp%2Fv2%2Fmedia&parent=7060"}],"wp:term":[{"taxonomy":"product_brand","embeddable":true,"href":"https:\/\/www.metron-ks.com\/index.php?rest_route=%2Fwp%2Fv2%2Fproduct_brand&post=7060"},{"taxonomy":"product_cat","embeddable":true,"href":"https:\/\/www.metron-ks.com\/index.php?rest_route=%2Fwp%2Fv2%2Fproduct_cat&post=7060"},{"taxonomy":"product_tag","embeddable":true,"href":"https:\/\/www.metron-ks.com\/index.php?rest_route=%2Fwp%2Fv2%2Fproduct_tag&post=7060"}],"curies":[{"name":"wp","href":"https:\/\/api.w.org\/{rel}","templated":true}]}}