{"id":709,"date":"2023-03-06T22:22:41","date_gmt":"2023-03-06T22:22:41","guid":{"rendered":"https:\/\/www.metron-ks.com\/product\/kufje-in-ear-meanit-b11-bluetooth-zeze-kuqe\/"},"modified":"2025-01-03T14:08:02","modified_gmt":"2025-01-03T14:08:02","slug":"kufje-in-ear-meanit-b11-bluetooth-zeze-kuqe","status":"publish","type":"product","link":"https:\/\/www.metron-ks.com\/?product=kufje-in-ear-meanit-b11-bluetooth-zeze-kuqe","title":{"rendered":"Kufje in-ear meanIT B11, bluetooth, zez\u00eb \/ kuqe"},"content":{"rendered":"<p>Kufje Bluetooth stereo v4.2 + EDR<br \/>\nMbeshtet A2DP<br \/>\nBateri 60 mAh<br \/>\nMikrofon i integruar<br \/>\nKoha e pun\u00ebs deri n\u00eb 3 or\u00eb<br \/>\nKoha e bised\u00ebs deri n\u00eb 2 or\u00eb<br \/>\nKoha e gatishm\u00ebris\u00eb deri n\u00eb 100 or\u00eb<br \/>\nLidh\u00ebs karikimi microUSB<br \/>\nRrezja e sinjalit deri n\u00eb 10 metra jasht\u00eb<\/p>\n","protected":false},"excerpt":{"rendered":"<p>Kufje meanIT Bluetooth, In-ear, B11<\/p>\n","protected":false},"featured_media":2767,"comment_status":"closed","ping_status":"closed","template":"","meta":[],"product_brand":[],"product_cat":[113,168],"product_tag":[],"class_list":{"0":"post-709","1":"product","2":"type-product","3":"status-publish","4":"has-post-thumbnail","6":"product_cat-celulartabletnavigim","7":"product_cat-kufje-celulartabletnavigim","9":"first","10":"instock","11":"shipping-taxable","12":"purchasable","13":"product-type-simple"},"_links":{"self":[{"href":"https:\/\/www.metron-ks.com\/index.php?rest_route=\/wp\/v2\/product\/709","targetHints":{"allow":["GET"]}}],"collection":[{"href":"https:\/\/www.metron-ks.com\/index.php?rest_route=\/wp\/v2\/product"}],"about":[{"href":"https:\/\/www.metron-ks.com\/index.php?rest_route=\/wp\/v2\/types\/product"}],"replies":[{"embeddable":true,"href":"https:\/\/www.metron-ks.com\/index.php?rest_route=%2Fwp%2Fv2%2Fcomments&post=709"}],"wp:featuredmedia":[{"embeddable":true,"href":"https:\/\/www.metron-ks.com\/index.php?rest_route=\/wp\/v2\/media\/2767"}],"wp:attachment":[{"href":"https:\/\/www.metron-ks.com\/index.php?rest_route=%2Fwp%2Fv2%2Fmedia&parent=709"}],"wp:term":[{"taxonomy":"product_brand","embeddable":true,"href":"https:\/\/www.metron-ks.com\/index.php?rest_route=%2Fwp%2Fv2%2Fproduct_brand&post=709"},{"taxonomy":"product_cat","embeddable":true,"href":"https:\/\/www.metron-ks.com\/index.php?rest_route=%2Fwp%2Fv2%2Fproduct_cat&post=709"},{"taxonomy":"product_tag","embeddable":true,"href":"https:\/\/www.metron-ks.com\/index.php?rest_route=%2Fwp%2Fv2%2Fproduct_tag&post=709"}],"curies":[{"name":"wp","href":"https:\/\/api.w.org\/{rel}","templated":true}]}}