{"id":710,"date":"2023-03-06T22:22:41","date_gmt":"2023-03-06T22:22:41","guid":{"rendered":"https:\/\/www.metron-ks.com\/product\/kufje-manhattan-me-mikrofon-stereo-179638\/"},"modified":"2024-12-31T14:28:02","modified_gmt":"2024-12-31T14:28:02","slug":"kufje-manhattan-me-mikrofon-stereo-179638","status":"publish","type":"product","link":"https:\/\/www.metron-ks.com\/?product=kufje-manhattan-me-mikrofon-stereo-179638","title":{"rendered":"Kufje Manhattan, me mikrofon, stereo, 179638"},"content":{"rendered":"<p><span style=\"color: #000000;\">Kufjet Stereo, Manhattan kombinojn\u00eb performanc\u00ebn cil\u00ebsore dhe dizajnin e rehatsh\u00ebm. Jast\u00ebk\u00ebt e veshit t\u00eb mbushur\u00a0dhe shiriti i kok\u00ebs rregullohen p\u00ebr t&#8217;iu p\u00ebrshtatur pothuajse \u00e7do d\u00ebgjuesi. Dizajni i tij i leht\u00eb me mikrofon fleksib\u00ebl siguron performanc\u00eb cil\u00ebsore t\u00eb audios dhe komunikime n\u00eb internet. Butoni i intergruar n\u00eb kabllo\u00a0siguron leht\u00ebsi p\u00ebr rregullime t\u00eb shpejta t\u00eb z\u00ebrit.\u00a0<\/span><\/p>\n<p><span style=\"color: #000000;\"><br \/>\nMikrofon i rregulluesh\u00ebm dhe kontrolli i z\u00ebrit n\u00eb linj\u00eb p\u00ebr komunikim.<br \/>\nInstalim i leht\u00eb me lidh\u00ebs stereo 3,5 mm.<br \/>\nKablloja e\u00a0gjat\u00eb arrin leht\u00ebsisht kompjuter\u00ebt desktop, laptop\u00ebt dhe pajisjet e tjera.<\/span><\/p>\n<p><span style=\"color: #000000;\">Kufje<br \/>\nShtrirja e frekuenc\u00ebs: 20 Hz &#8211; 20 kHz<br \/>\nImpedanca: 32 \u03a9<br \/>\nNdjeshm\u00ebria: 100 dB SPL<br \/>\nHyrja: 80 mW (maksimumi)<br \/>\nKonektori:\u00a0stereo 3,5 mm<\/span><\/p>\n<p><span style=\"color: #000000;\">Mikrofoni<br \/>\nShtrirja e frekuenc\u00ebs: 30 Hz &#8211; 15 kHz<br \/>\nNdjeshm\u00ebria: -54 +\/- 3 dB<br \/>\nImpedanca: 2.2 k\u03a9<\/span><\/p>\n","protected":false},"excerpt":{"rendered":"<p>Kufje me mikrofon Stereo,Manhattan, 179638<\/p>\n","protected":false},"featured_media":2768,"comment_status":"closed","ping_status":"closed","template":"","meta":[],"product_brand":[],"product_cat":[118,44,166],"product_tag":[],"class_list":{"0":"post-710","1":"product","2":"type-product","3":"status-publish","4":"has-post-thumbnail","6":"product_cat-aksesore","7":"product_cat-kufje","8":"product_cat-kufje-per-zyre","10":"first","11":"instock","12":"shipping-taxable","13":"purchasable","14":"product-type-simple"},"_links":{"self":[{"href":"https:\/\/www.metron-ks.com\/index.php?rest_route=\/wp\/v2\/product\/710","targetHints":{"allow":["GET"]}}],"collection":[{"href":"https:\/\/www.metron-ks.com\/index.php?rest_route=\/wp\/v2\/product"}],"about":[{"href":"https:\/\/www.metron-ks.com\/index.php?rest_route=\/wp\/v2\/types\/product"}],"replies":[{"embeddable":true,"href":"https:\/\/www.metron-ks.com\/index.php?rest_route=%2Fwp%2Fv2%2Fcomments&post=710"}],"wp:featuredmedia":[{"embeddable":true,"href":"https:\/\/www.metron-ks.com\/index.php?rest_route=\/wp\/v2\/media\/2768"}],"wp:attachment":[{"href":"https:\/\/www.metron-ks.com\/index.php?rest_route=%2Fwp%2Fv2%2Fmedia&parent=710"}],"wp:term":[{"taxonomy":"product_brand","embeddable":true,"href":"https:\/\/www.metron-ks.com\/index.php?rest_route=%2Fwp%2Fv2%2Fproduct_brand&post=710"},{"taxonomy":"product_cat","embeddable":true,"href":"https:\/\/www.metron-ks.com\/index.php?rest_route=%2Fwp%2Fv2%2Fproduct_cat&post=710"},{"taxonomy":"product_tag","embeddable":true,"href":"https:\/\/www.metron-ks.com\/index.php?rest_route=%2Fwp%2Fv2%2Fproduct_tag&post=710"}],"curies":[{"name":"wp","href":"https:\/\/api.w.org\/{rel}","templated":true}]}}