{"id":7147,"date":"2024-12-16T13:43:29","date_gmt":"2024-12-16T13:43:29","guid":{"rendered":"https:\/\/www.metron-ks.com\/?post_type=product&#038;p=7147"},"modified":"2024-12-18T13:07:44","modified_gmt":"2024-12-18T13:07:44","slug":"tastiere-sbox-k-123-e-zeze","status":"publish","type":"product","link":"https:\/\/www.metron-ks.com\/?product=tastiere-sbox-k-123-e-zeze","title":{"rendered":"Tastier\u00eb Sbox K-123, e zez\u00eb"},"content":{"rendered":"<p>Numri i tasteve: 104\/105<br \/>\nLloji i tastit: Membrane<br \/>\nJet\u00ebgjat\u00ebsia: Mbi 10 M shtypje<br \/>\nNgjyra: E zez\u00eb<br \/>\nMateriali: Plastike<br \/>\nInterface: USB 2.0<br \/>\nK\u00ebmb\u00eb shtes\u00eb p\u00ebr ngritje: Po<br \/>\nGjat\u00ebsia e kabllit (m): 1,5<br \/>\nP\u00ebrputhshm\u00ebria: Windows 7\/8\/10\/11\/MacO<\/p>\n","protected":false},"excerpt":{"rendered":"<p>K-123<\/p>\n","protected":false},"featured_media":7148,"comment_status":"open","ping_status":"closed","template":"","meta":[],"product_brand":[],"product_cat":[118,141,193],"product_tag":[],"class_list":{"0":"post-7147","1":"product","2":"type-product","3":"status-publish","4":"has-post-thumbnail","6":"product_cat-aksesore","7":"product_cat-pclaptop","8":"product_cat-tastiere","10":"first","11":"instock","12":"shipping-taxable","13":"purchasable","14":"product-type-simple"},"_links":{"self":[{"href":"https:\/\/www.metron-ks.com\/index.php?rest_route=\/wp\/v2\/product\/7147","targetHints":{"allow":["GET"]}}],"collection":[{"href":"https:\/\/www.metron-ks.com\/index.php?rest_route=\/wp\/v2\/product"}],"about":[{"href":"https:\/\/www.metron-ks.com\/index.php?rest_route=\/wp\/v2\/types\/product"}],"replies":[{"embeddable":true,"href":"https:\/\/www.metron-ks.com\/index.php?rest_route=%2Fwp%2Fv2%2Fcomments&post=7147"}],"wp:featuredmedia":[{"embeddable":true,"href":"https:\/\/www.metron-ks.com\/index.php?rest_route=\/wp\/v2\/media\/7148"}],"wp:attachment":[{"href":"https:\/\/www.metron-ks.com\/index.php?rest_route=%2Fwp%2Fv2%2Fmedia&parent=7147"}],"wp:term":[{"taxonomy":"product_brand","embeddable":true,"href":"https:\/\/www.metron-ks.com\/index.php?rest_route=%2Fwp%2Fv2%2Fproduct_brand&post=7147"},{"taxonomy":"product_cat","embeddable":true,"href":"https:\/\/www.metron-ks.com\/index.php?rest_route=%2Fwp%2Fv2%2Fproduct_cat&post=7147"},{"taxonomy":"product_tag","embeddable":true,"href":"https:\/\/www.metron-ks.com\/index.php?rest_route=%2Fwp%2Fv2%2Fproduct_tag&post=7147"}],"curies":[{"name":"wp","href":"https:\/\/api.w.org\/{rel}","templated":true}]}}