{"id":7195,"date":"2024-12-26T12:43:48","date_gmt":"2024-12-26T12:43:48","guid":{"rendered":"https:\/\/www.metron-ks.com\/?post_type=product&#038;p=7195"},"modified":"2024-12-26T12:43:56","modified_gmt":"2024-12-26T12:43:56","slug":"swissten-xham-mbrojtes-per-kamer-apple-iphone-16-pro","status":"publish","type":"product","link":"https:\/\/www.metron-ks.com\/?product=swissten-xham-mbrojtes-per-kamer-apple-iphone-16-pro","title":{"rendered":"SWISSTEN XHAM MBROJT\u00cbS P\u00cbR KAMER APPLE IPHONE 16 PRO"},"content":{"rendered":"<p>Mbron kamer\u00ebn nga g\u00ebrvishtjet, pluhuri dhe papast\u00ebrtit\u00eb.<br \/>\nB\u00ebr\u00eb nga xhami cil\u00ebsor i temperuar<br \/>\nMbulon plot\u00ebsisht t\u00eb gjith\u00eb sip\u00ebrfaqen e kamerave.<br \/>\nPlot\u00ebsisht transparente (Nuk do t\u00eb ndikoj\u00eb n\u00eb cil\u00ebsin\u00eb e fotografis\u00eb)<\/p>\n","protected":false},"excerpt":{"rendered":"<p>94500118<\/p>\n","protected":false},"featured_media":7196,"comment_status":"open","ping_status":"closed","template":"","meta":[],"product_brand":[],"product_cat":[118,113,102],"product_tag":[],"class_list":{"0":"post-7195","1":"product","2":"type-product","3":"status-publish","4":"has-post-thumbnail","6":"product_cat-aksesore","7":"product_cat-celulartabletnavigim","8":"product_cat-xhammbrojtes","10":"first","11":"instock","12":"shipping-taxable","13":"purchasable","14":"product-type-simple"},"_links":{"self":[{"href":"https:\/\/www.metron-ks.com\/index.php?rest_route=\/wp\/v2\/product\/7195","targetHints":{"allow":["GET"]}}],"collection":[{"href":"https:\/\/www.metron-ks.com\/index.php?rest_route=\/wp\/v2\/product"}],"about":[{"href":"https:\/\/www.metron-ks.com\/index.php?rest_route=\/wp\/v2\/types\/product"}],"replies":[{"embeddable":true,"href":"https:\/\/www.metron-ks.com\/index.php?rest_route=%2Fwp%2Fv2%2Fcomments&post=7195"}],"wp:featuredmedia":[{"embeddable":true,"href":"https:\/\/www.metron-ks.com\/index.php?rest_route=\/wp\/v2\/media\/7196"}],"wp:attachment":[{"href":"https:\/\/www.metron-ks.com\/index.php?rest_route=%2Fwp%2Fv2%2Fmedia&parent=7195"}],"wp:term":[{"taxonomy":"product_brand","embeddable":true,"href":"https:\/\/www.metron-ks.com\/index.php?rest_route=%2Fwp%2Fv2%2Fproduct_brand&post=7195"},{"taxonomy":"product_cat","embeddable":true,"href":"https:\/\/www.metron-ks.com\/index.php?rest_route=%2Fwp%2Fv2%2Fproduct_cat&post=7195"},{"taxonomy":"product_tag","embeddable":true,"href":"https:\/\/www.metron-ks.com\/index.php?rest_route=%2Fwp%2Fv2%2Fproduct_tag&post=7195"}],"curies":[{"name":"wp","href":"https:\/\/api.w.org\/{rel}","templated":true}]}}