{"id":7203,"date":"2025-01-03T11:03:10","date_gmt":"2025-01-03T11:03:10","guid":{"rendered":"https:\/\/www.metron-ks.com\/?post_type=product&#038;p=7203"},"modified":"2025-01-03T11:03:37","modified_gmt":"2025-01-03T11:03:37","slug":"vegel-gerryese-xavax-111760","status":"publish","type":"product","link":"https:\/\/www.metron-ks.com\/?product=vegel-gerryese-xavax-111760","title":{"rendered":"Veg\u00ebl g\u00ebrryese Xavax, 111760"},"content":{"rendered":"<p>P\u00ebr heqjen\u00a0e shpejt\u00eb dhe pa mundim t\u00eb etiketave, ngjit\u00ebsve t\u00eb tjer\u00eb nga sip\u00ebrfaqe t\u00eb ndryshme<\/p>\n<p>Heqje e leht\u00eb e mbetjeve ushqimore apo edhe reklamave te ndryshme nga qelqi, qeramika etj. Para se t\u00eb aplikoni pastrimin, duhet t\u00eb hiqni papast\u00ebrtit\u00eb dhe mbetjet tjera n\u00eb xham apo qeramik.<\/p>\n","protected":false},"excerpt":{"rendered":"<p>111760<\/p>\n","protected":false},"featured_media":7204,"comment_status":"open","ping_status":"closed","template":"","meta":[],"product_brand":[],"product_cat":[118],"product_tag":[],"class_list":{"0":"post-7203","1":"product","2":"type-product","3":"status-publish","4":"has-post-thumbnail","6":"product_cat-aksesore","8":"first","9":"instock","10":"shipping-taxable","11":"purchasable","12":"product-type-simple"},"_links":{"self":[{"href":"https:\/\/www.metron-ks.com\/index.php?rest_route=\/wp\/v2\/product\/7203","targetHints":{"allow":["GET"]}}],"collection":[{"href":"https:\/\/www.metron-ks.com\/index.php?rest_route=\/wp\/v2\/product"}],"about":[{"href":"https:\/\/www.metron-ks.com\/index.php?rest_route=\/wp\/v2\/types\/product"}],"replies":[{"embeddable":true,"href":"https:\/\/www.metron-ks.com\/index.php?rest_route=%2Fwp%2Fv2%2Fcomments&post=7203"}],"wp:featuredmedia":[{"embeddable":true,"href":"https:\/\/www.metron-ks.com\/index.php?rest_route=\/wp\/v2\/media\/7204"}],"wp:attachment":[{"href":"https:\/\/www.metron-ks.com\/index.php?rest_route=%2Fwp%2Fv2%2Fmedia&parent=7203"}],"wp:term":[{"taxonomy":"product_brand","embeddable":true,"href":"https:\/\/www.metron-ks.com\/index.php?rest_route=%2Fwp%2Fv2%2Fproduct_brand&post=7203"},{"taxonomy":"product_cat","embeddable":true,"href":"https:\/\/www.metron-ks.com\/index.php?rest_route=%2Fwp%2Fv2%2Fproduct_cat&post=7203"},{"taxonomy":"product_tag","embeddable":true,"href":"https:\/\/www.metron-ks.com\/index.php?rest_route=%2Fwp%2Fv2%2Fproduct_tag&post=7203"}],"curies":[{"name":"wp","href":"https:\/\/api.w.org\/{rel}","templated":true}]}}