{"id":7239,"date":"2025-01-14T13:35:21","date_gmt":"2025-01-14T13:35:21","guid":{"rendered":"https:\/\/www.metron-ks.com\/?post_type=product&#038;p=7239"},"modified":"2025-01-14T13:39:52","modified_gmt":"2025-01-14T13:39:52","slug":"tavoline-gaming-white-shark-helix-120x60x75cm-e-zeze","status":"publish","type":"product","link":"https:\/\/www.metron-ks.com\/?product=tavoline-gaming-white-shark-helix-120x60x75cm-e-zeze","title":{"rendered":"Tavolin\u00eb Gaming White Shark ,Helix , 120x60x75cm, e zez\u00eb"},"content":{"rendered":"<p>Tavolina gaming White Shark Helix ofron stil, q\u00ebndrueshm\u00ebri dhe komoditet. Me nj\u00eb tavolin\u00eb t\u00eb gjer\u00eb 1200&#215;600 mm t\u00eb zez\u00eb dhe t\u00eb zez\u00eb mat dhe nj\u00eb korniz\u00eb t\u00eb fort\u00eb \u00e7eliku q\u00eb mb\u00ebshtet deri n\u00eb 75 kg, \u00ebsht\u00eb e p\u00ebrkryer p\u00ebr \u00e7do lojtar. Lart\u00ebsia 750 mm siguron rehati ergonomike, nd\u00ebrsa pjesa e sip\u00ebrme me trash\u00ebsi 16 mm shton q\u00ebndrueshm\u00ebri. Shtesat funksionale si mbajt\u00ebsja e pijeve dhe mbajtesja i kufjeve i mbajn\u00eb gj\u00ebrat thelb\u00ebsore af\u00ebr. E krijuar nga pllaka grimcash dhe melamine, kjo tavolin\u00eb \u00ebsht\u00eb nj\u00eb domosdoshm\u00ebri p\u00ebr lojtar\u00ebt q\u00eb k\u00ebrkojn\u00eb nj\u00eb hap\u00ebsir\u00eb \u200b\u200bt\u00eb hijshme dhe t\u00eb organizuar.<\/p>\n<p>Lloji i artikullit: Tavolin\u00eb Gaming<br \/>\nNgarkesa (kg): 75<br \/>\nK\u00ebrkohet montimi: Po<br \/>\nNgjyra: E zez\u00eb<br \/>\nMateriali: Melamin\u00eb\/\u00c7eliku<br \/>\nNumri i k\u00ebmb\u00ebve: 2<br \/>\nNgjyra: E zez\u00eb &amp; E zez\u00eb Mat<br \/>\nP\u00ebrmasat (cm): 120x60x75<br \/>\nTrash\u00ebsia (mm): 16<br \/>\nLart\u00ebsia e tavolin\u00ebs (mm): 750<br \/>\nT\u00eb tjera: Mbajt\u00ebse pijesh, Kap\u00ebse kufjesh<\/p>\n","protected":false},"excerpt":{"rendered":"<p>Helix<\/p>\n","protected":false},"featured_media":7240,"comment_status":"open","ping_status":"closed","template":"","meta":[],"product_brand":[],"product_cat":[118,116,127],"product_tag":[],"class_list":{"0":"post-7239","1":"product","2":"type-product","3":"status-publish","4":"has-post-thumbnail","6":"product_cat-aksesore","7":"product_cat-gaming","8":"product_cat-tavoline-gaming","10":"first","11":"instock","12":"shipping-taxable","13":"purchasable","14":"product-type-simple"},"_links":{"self":[{"href":"https:\/\/www.metron-ks.com\/index.php?rest_route=\/wp\/v2\/product\/7239","targetHints":{"allow":["GET"]}}],"collection":[{"href":"https:\/\/www.metron-ks.com\/index.php?rest_route=\/wp\/v2\/product"}],"about":[{"href":"https:\/\/www.metron-ks.com\/index.php?rest_route=\/wp\/v2\/types\/product"}],"replies":[{"embeddable":true,"href":"https:\/\/www.metron-ks.com\/index.php?rest_route=%2Fwp%2Fv2%2Fcomments&post=7239"}],"wp:featuredmedia":[{"embeddable":true,"href":"https:\/\/www.metron-ks.com\/index.php?rest_route=\/wp\/v2\/media\/7240"}],"wp:attachment":[{"href":"https:\/\/www.metron-ks.com\/index.php?rest_route=%2Fwp%2Fv2%2Fmedia&parent=7239"}],"wp:term":[{"taxonomy":"product_brand","embeddable":true,"href":"https:\/\/www.metron-ks.com\/index.php?rest_route=%2Fwp%2Fv2%2Fproduct_brand&post=7239"},{"taxonomy":"product_cat","embeddable":true,"href":"https:\/\/www.metron-ks.com\/index.php?rest_route=%2Fwp%2Fv2%2Fproduct_cat&post=7239"},{"taxonomy":"product_tag","embeddable":true,"href":"https:\/\/www.metron-ks.com\/index.php?rest_route=%2Fwp%2Fv2%2Fproduct_tag&post=7239"}],"curies":[{"name":"wp","href":"https:\/\/api.w.org\/{rel}","templated":true}]}}