{"id":728,"date":"2023-03-06T22:22:56","date_gmt":"2023-03-06T22:22:56","guid":{"rendered":"https:\/\/www.metron-ks.com\/product\/kufje-per-femije-hama-teens-guard-184112-bluetooth-te-gjelbera\/"},"modified":"2025-05-22T14:39:09","modified_gmt":"2025-05-22T14:39:09","slug":"kufje-per-femije-hama-teens-guard-184112-bluetooth-te-gjelbera","status":"publish","type":"product","link":"https:\/\/www.metron-ks.com\/?product=kufje-per-femije-hama-teens-guard-184112-bluetooth-te-gjelbera","title":{"rendered":"Kufje p\u00ebr f\u00ebmij\u00eb Hama &#8220;Teens Guard II&#8221;, Bluetooth, roz\u00eb\/ portokallta"},"content":{"rendered":"<p><strong>Mbron vesh\u00ebt e ndjesh\u00ebm t\u00eb f\u00ebmij\u00ebve<\/strong><br \/>\nVesh\u00ebt e ndjesh\u00ebm t\u00eb f\u00ebmij\u00ebve mbrohen duke kufizuar presionin e z\u00ebrit n\u00eb maksimum 85 dB<\/p>\n<p><strong>Teknologjia Multipoint<\/strong><br \/>\nLejon q\u00eb kufjet t\u00eb lidhen me shum\u00eb pajisje Bluetooth nj\u00ebkoh\u00ebsisht<\/p>\n<p><strong>Qasje direkte n\u00eb Siri dhe Google Assistant<\/strong><br \/>\nMb\u00ebshtet asistent\u00ebt ekzistues t\u00eb z\u00ebrit Siri dhe Google Assistant<\/p>\n<p><strong>Shirit koke i rregulluesh\u00ebm<\/strong><br \/>\nK\u00ebto kufje rriten me f\u00ebmij\u00ebn tuaj: Shiriti i kok\u00ebs ve\u00e7an\u00ebrisht i rehatsh\u00ebm mund t\u00eb rregullohet p\u00ebr t&#8217;iu p\u00ebrshtatur madh\u00ebsis\u00eb s\u00eb kok\u00ebs s\u00eb f\u00ebmij\u00ebs<\/p>\n<p><strong>Mbush\u00ebs t\u00eb but\u00eb veshi<\/strong><br \/>\nMbush\u00ebsit e but\u00eb t\u00eb veshit q\u00ebndrojn\u00eb rehat, edhe n\u00ebse k\u00ebnaq\u00ebsia e d\u00ebgjimit zgjat m\u00eb shum\u00eb<\/p>\n<p><strong>P\u00ebrdorim i ndryshuesh\u00ebm i mikrofonit<\/strong><br \/>\nDy variante individuale t\u00eb mikrofonit jan\u00eb perfekte p\u00ebr f\u00ebmij\u00ebt n\u00eb shkollimin n\u00eb sht\u00ebpi: p\u00ebrdorni mikrofonin e integruar n\u00eb kufje ose mikrofonin e bashkangjitur<\/p>\n<p><strong>Shirit koke fleksib\u00ebl<\/strong><br \/>\nThjesht i q\u00ebndruesh\u00ebm: shiriti i kok\u00ebs fleksib\u00ebl dhe i fort\u00eb \u00ebsht\u00eb i p\u00ebrshtatsh\u00ebm p\u00ebr p\u00ebrdorim nga adoleshent\u00ebt dhe mbetet i q\u00ebndruesh\u00ebm dhe n\u00eb form\u00eb edhe kur \u00ebsht\u00eb i lakuar ose i shtremb\u00ebruar<\/p>\n<p>Klasa Bluetooth: Klasa 2<br \/>\nVersioni Bluetooth: 5.3<br \/>\nShtrirja e frekuenc\u00ebs: 2402-2480MHz<br \/>\nShtrirja e frekuenc\u00ebs s\u00eb kufjeve: 20 Hz &#8211; 20 kHz<br \/>\nShtrirja e frekuenc\u00ebs s\u00eb mikrofonit: 100 Hz &#8211; 10 kHz<br \/>\nImpedanca e kufjeve: 32 \u03a9<br \/>\nImpedanca e mikrofonit: 2 \u03a9<br \/>\nTeknologjia: MultiPoint<br \/>\nDistanca e transmetimit: 10 m<br \/>\nStereo<br \/>\nDizajni: On-ear<br \/>\nKarakteristik\u00eb e ve\u00e7ant\u00eb: Duplex<br \/>\nNdjeshm\u00ebria e kufjeve: 85 dB +\/- 3 dB<br \/>\nNdjeshm\u00ebria e mikrofonit: -38 dB +\/- 3 dB<br \/>\nKoha maksimale e bised\u00ebs: 50 or\u00eb<br \/>\nKoha maksimale e muzik\u00ebs: 48 or\u00eb<br \/>\nMaks. N\u00eb gatishm\u00ebri: 200 or\u00eb<br \/>\nPozicioni i mikrofonit: Mikrofon fleksib\u00ebl<br \/>\nKarakteristik\u00eb drejtimi: Mikrofon: Shum\u00ebdrejtim\u00ebsh<br \/>\nKontrolli zanor: Apple Siri\/Google Assistant<br \/>\nProfilet e mb\u00ebshtetura: Bluetooth A2DP V1.3.2\/AVRCP V1.6.2\/HFP V1.8<br \/>\nFunksione shtes\u00eb: Kontrolli i volumit\/Butoni i \u00e7ift\u00ebzimit t\u00eb shpejt\u00eb\/P\u00ebrgjigjejes<br \/>\nDiametri i altoparlantit: 40 mm<br \/>\nPesha: 90g<br \/>\nFuqia maksimale e k\u00ebrkuar: Furnizim me energji 2.0 W<br \/>\nFuqia minimale e k\u00ebrkuar: Furnizim me energji 2.0 W<\/p>\n","protected":false},"excerpt":{"rendered":"<p>184183<\/p>\n","protected":false},"featured_media":7700,"comment_status":"closed","ping_status":"closed","template":"","meta":[],"product_brand":[],"product_cat":[118,44,165],"product_tag":[],"class_list":{"0":"post-728","1":"product","2":"type-product","3":"status-publish","4":"has-post-thumbnail","6":"product_cat-aksesore","7":"product_cat-kufje","8":"product_cat-kufje-per-femije","10":"first","11":"instock","12":"shipping-taxable","13":"purchasable","14":"product-type-simple"},"_links":{"self":[{"href":"https:\/\/www.metron-ks.com\/index.php?rest_route=\/wp\/v2\/product\/728","targetHints":{"allow":["GET"]}}],"collection":[{"href":"https:\/\/www.metron-ks.com\/index.php?rest_route=\/wp\/v2\/product"}],"about":[{"href":"https:\/\/www.metron-ks.com\/index.php?rest_route=\/wp\/v2\/types\/product"}],"replies":[{"embeddable":true,"href":"https:\/\/www.metron-ks.com\/index.php?rest_route=%2Fwp%2Fv2%2Fcomments&post=728"}],"wp:featuredmedia":[{"embeddable":true,"href":"https:\/\/www.metron-ks.com\/index.php?rest_route=\/wp\/v2\/media\/7700"}],"wp:attachment":[{"href":"https:\/\/www.metron-ks.com\/index.php?rest_route=%2Fwp%2Fv2%2Fmedia&parent=728"}],"wp:term":[{"taxonomy":"product_brand","embeddable":true,"href":"https:\/\/www.metron-ks.com\/index.php?rest_route=%2Fwp%2Fv2%2Fproduct_brand&post=728"},{"taxonomy":"product_cat","embeddable":true,"href":"https:\/\/www.metron-ks.com\/index.php?rest_route=%2Fwp%2Fv2%2Fproduct_cat&post=728"},{"taxonomy":"product_tag","embeddable":true,"href":"https:\/\/www.metron-ks.com\/index.php?rest_route=%2Fwp%2Fv2%2Fproduct_tag&post=728"}],"curies":[{"name":"wp","href":"https:\/\/api.w.org\/{rel}","templated":true}]}}