{"id":7306,"date":"2025-02-05T08:33:57","date_gmt":"2025-02-05T08:33:57","guid":{"rendered":"https:\/\/www.metron-ks.com\/?post_type=product&#038;p=7306"},"modified":"2025-02-05T08:34:05","modified_gmt":"2025-02-05T08:34:05","slug":"projektor-portativ-vankyo-h300-1080p","status":"publish","type":"product","link":"https:\/\/www.metron-ks.com\/?product=projektor-portativ-vankyo-h300-1080p","title":{"rendered":"Projektor portativ Vankyo H300, 1080p"},"content":{"rendered":"<p>VANKYO Performance H300W \u00ebsht\u00eb i pajisur me \u00e7ipin m\u00eb t\u00eb fundit t\u00eb ekranit, duke prodhuar definicion t\u00eb lart\u00eb t\u00eb rezolucionit origjinal 1920*1080 (mb\u00ebshtetje 4K). Dizajni vertikal \u00ebsht\u00eb i p\u00ebrshtatsh\u00ebm p\u00ebr t&#8217;u par\u00eb dhe p\u00ebrdorur kudo. Nj\u00eb ekran LED me 220 ANSI lumen mund t\u00eb shfaq\u00eb imazhe deri n\u00eb 200 in\u00e7. Fokusimi n\u00eb distanc\u00eb \u00ebsht\u00eb i p\u00ebrshtatsh\u00ebm dhe elegant. Teknologjia e avancuar me dy drejtime Bluetooth 5.1 mund t\u00eb lidhet me telefona celular\u00eb, tablet\u00eb dhe pajisje t\u00eb tjera ose t\u00eb p\u00ebrdoret si nj\u00eb altoparlant i ve\u00e7ant\u00eb Bluetooth. Nj\u00eb gam\u00eb e gjer\u00eb interfaces, duke p\u00ebrfshir\u00eb HDMI, USB, AV, etj., dhe mb\u00ebshtet WiFi 2.4G+5G. Niveli jasht\u00ebzakonisht i ul\u00ebt i zhurm\u00ebs n\u00ebn 20 dB mund\u00ebson nj\u00eb p\u00ebrvoj\u00eb t\u00eb k\u00ebndshme filmi.<\/p>\n<p><strong>Native 1080P &amp; mb\u00ebshtet 4K | 220 ANSI | Zmadhimi 50%.<\/strong><\/p>\n<p>Me raportin e tij mahnit\u00ebs t\u00eb kontrastit dinamik 20000:1 dhe rezolucionin 1080P, projektori VANKYO Performance H300W 4K me lente xhami precize ofron cil\u00ebsi t\u00eb jasht\u00ebzakonshme imazhi p\u00ebr nj\u00eb p\u00ebrvoj\u00eb vizuale t\u00ebrheq\u00ebse kinematografike. Madh\u00ebsia e projeksionit mund t\u00eb ndryshohet n\u00eb m\u00ebnyr\u00eb fleksib\u00ebl nga 50% n\u00eb 100% p\u00ebr t&#8217;iu p\u00ebrshtatur \u00e7do muri ose ekrani fal\u00eb funksioneve t\u00eb zmadhimit dhe zvog\u00eblimit.<\/p>\n<p><strong>Fokus automatik|Auto Keystone|Rreshtim i ekranit| Shmangia inteligjente e pengesave<\/strong><\/p>\n<p>Rregullimi plot\u00ebsisht automatik i projektorit t\u00eb filmit VANKYO mund\u00ebson arg\u00ebtim inteligjent kinematografik p\u00ebrmes AI. Projektori gjithashtu mund\u00ebson largimin nga pengesat si piktura, bim\u00eb ose objekte t\u00eb tjera dhe p\u00ebrputhjen pa probleme t\u00eb imazhit t\u00eb projektuar me ekranin fal\u00eb shmangies s\u00eb sofistikuar t\u00eb pengesave dhe shtrirjes s\u00eb ekranit.<\/p>\n<p>Motor plot\u00ebsisht i mbyllur me nivel zhurme n\u00ebn 20dB<\/p>\n<p>Me nj\u00eb motor plot\u00ebsisht t\u00eb mbyllur q\u00eb \u00ebsht\u00eb i verifikuesh\u00ebm n\u00eb nd\u00ebrtimin e tij, ky projektor portativ parandalon me sukses njollat \u200b\u200be zeza t\u00eb ekranit dhe degradimin e cil\u00ebsis\u00eb s\u00eb imazhit p\u00ebr performanc\u00eb afatgjat\u00eb.<\/p>\n<p><strong>Specifikat<\/strong><\/p>\n<p>Andriond OS: (Android 9.0) 1G + 8G<br \/>\nResolucioni\u00a0: 1920*1080P<br \/>\nNdri\u00e7imi\u00a0(ANSI Lumens): 220<br \/>\nBurimi I Drites: LED<br \/>\nWifi: Wifi 6 2.4+5GHz<br \/>\nBluetooth: 5.1<br \/>\nAltoparlant\u00eb: 5W * 1<br \/>\nFokus :Auto<br \/>\nKeytone: Auto<br \/>\nHdmi :1<br \/>\nAV:1<br \/>\nUSB :1<\/p>\n","protected":false},"excerpt":{"rendered":"<p>Vankyo H300 Android<\/p>\n","protected":false},"featured_media":7308,"comment_status":"open","ping_status":"closed","template":"","meta":[],"product_brand":[],"product_cat":[118,143,210],"product_tag":[],"class_list":{"0":"post-7306","1":"product","2":"type-product","3":"status-publish","4":"has-post-thumbnail","6":"product_cat-aksesore","7":"product_cat-projektor","8":"product_cat-projektor-2","10":"first","11":"instock","12":"shipping-taxable","13":"purchasable","14":"product-type-simple"},"_links":{"self":[{"href":"https:\/\/www.metron-ks.com\/index.php?rest_route=\/wp\/v2\/product\/7306","targetHints":{"allow":["GET"]}}],"collection":[{"href":"https:\/\/www.metron-ks.com\/index.php?rest_route=\/wp\/v2\/product"}],"about":[{"href":"https:\/\/www.metron-ks.com\/index.php?rest_route=\/wp\/v2\/types\/product"}],"replies":[{"embeddable":true,"href":"https:\/\/www.metron-ks.com\/index.php?rest_route=%2Fwp%2Fv2%2Fcomments&post=7306"}],"wp:featuredmedia":[{"embeddable":true,"href":"https:\/\/www.metron-ks.com\/index.php?rest_route=\/wp\/v2\/media\/7308"}],"wp:attachment":[{"href":"https:\/\/www.metron-ks.com\/index.php?rest_route=%2Fwp%2Fv2%2Fmedia&parent=7306"}],"wp:term":[{"taxonomy":"product_brand","embeddable":true,"href":"https:\/\/www.metron-ks.com\/index.php?rest_route=%2Fwp%2Fv2%2Fproduct_brand&post=7306"},{"taxonomy":"product_cat","embeddable":true,"href":"https:\/\/www.metron-ks.com\/index.php?rest_route=%2Fwp%2Fv2%2Fproduct_cat&post=7306"},{"taxonomy":"product_tag","embeddable":true,"href":"https:\/\/www.metron-ks.com\/index.php?rest_route=%2Fwp%2Fv2%2Fproduct_tag&post=7306"}],"curies":[{"name":"wp","href":"https:\/\/api.w.org\/{rel}","templated":true}]}}