{"id":731,"date":"2023-03-06T22:22:57","date_gmt":"2023-03-06T22:22:57","guid":{"rendered":"https:\/\/www.metron-ks.com\/product\/kufje-samsung-galaxy-buds-2-pro-grafit\/"},"modified":"2025-01-03T14:37:09","modified_gmt":"2025-01-03T14:37:09","slug":"kufje-samsung-galaxy-buds-2-pro-grafit","status":"publish","type":"product","link":"https:\/\/www.metron-ks.com\/?product=kufje-samsung-galaxy-buds-2-pro-grafit","title":{"rendered":"Kufje Samsung Galaxy Buds 2 Pro, grafit"},"content":{"rendered":"<p>Tingull Hi-Fi 24 bit p\u00ebr p\u00ebrvoj\u00eb d\u00ebgjimi cil\u00ebsore.<br \/>\nANC me 3 mikrofona me SNR t\u00eb lart\u00eb eliminojn\u00eb m\u00eb shum\u00eb zhurm\u00ebn e jashtme.<br \/>\n3 mikrofona me SNR t\u00eb lart\u00eb eliminojn\u00eb m\u00eb shum\u00eb tinguj nga jasht\u00eb.<br \/>\nDizajn ergonomik p\u00ebr rehati gjat\u00eb gjith\u00eb dit\u00ebs.<br \/>\nAudio 360 ju rrethon sikur je aty.<br \/>\nAudio 24-bit,Hi-Fi.<br \/>\nBluetooth 5.3<br \/>\nRezistent\u00a0ndaj ujit IPX7.<\/p>\n","protected":false},"excerpt":{"rendered":"<p>Kufje Samsung Galaxy Buds 2 Pro, grafit SM-R510NZAAEUC<\/p>\n","protected":false},"featured_media":2696,"comment_status":"closed","ping_status":"closed","template":"","meta":[],"product_brand":[],"product_cat":[113,168],"product_tag":[],"class_list":{"0":"post-731","1":"product","2":"type-product","3":"status-publish","4":"has-post-thumbnail","6":"product_cat-celulartabletnavigim","7":"product_cat-kufje-celulartabletnavigim","9":"first","10":"instock","11":"shipping-taxable","12":"purchasable","13":"product-type-simple"},"_links":{"self":[{"href":"https:\/\/www.metron-ks.com\/index.php?rest_route=\/wp\/v2\/product\/731","targetHints":{"allow":["GET"]}}],"collection":[{"href":"https:\/\/www.metron-ks.com\/index.php?rest_route=\/wp\/v2\/product"}],"about":[{"href":"https:\/\/www.metron-ks.com\/index.php?rest_route=\/wp\/v2\/types\/product"}],"replies":[{"embeddable":true,"href":"https:\/\/www.metron-ks.com\/index.php?rest_route=%2Fwp%2Fv2%2Fcomments&post=731"}],"wp:featuredmedia":[{"embeddable":true,"href":"https:\/\/www.metron-ks.com\/index.php?rest_route=\/wp\/v2\/media\/2696"}],"wp:attachment":[{"href":"https:\/\/www.metron-ks.com\/index.php?rest_route=%2Fwp%2Fv2%2Fmedia&parent=731"}],"wp:term":[{"taxonomy":"product_brand","embeddable":true,"href":"https:\/\/www.metron-ks.com\/index.php?rest_route=%2Fwp%2Fv2%2Fproduct_brand&post=731"},{"taxonomy":"product_cat","embeddable":true,"href":"https:\/\/www.metron-ks.com\/index.php?rest_route=%2Fwp%2Fv2%2Fproduct_cat&post=731"},{"taxonomy":"product_tag","embeddable":true,"href":"https:\/\/www.metron-ks.com\/index.php?rest_route=%2Fwp%2Fv2%2Fproduct_tag&post=731"}],"curies":[{"name":"wp","href":"https:\/\/api.w.org\/{rel}","templated":true}]}}