{"id":7329,"date":"2025-02-05T14:02:55","date_gmt":"2025-02-05T14:02:55","guid":{"rendered":"https:\/\/www.metron-ks.com\/?post_type=product&#038;p=7329"},"modified":"2025-02-05T14:03:03","modified_gmt":"2025-02-05T14:03:03","slug":"mbeshtjelles-per-samsung-galaxy-s25-ultra-rugged-e-zeze","status":"publish","type":"product","link":"https:\/\/www.metron-ks.com\/?product=mbeshtjelles-per-samsung-galaxy-s25-ultra-rugged-e-zeze","title":{"rendered":"Mb\u00ebshtjell\u00ebs p\u00ebr Samsung Galaxy S25 Ultra, Rugged e zez\u00eb"},"content":{"rendered":"<p>Rugged Case ka v\u00ebrtetuar aft\u00ebsin\u00eb e saj p\u00ebr t&#8217;i b\u00ebr\u00eb ball\u00eb r\u00ebnieve deri n\u00eb 1.2M, n\u00eb sip\u00ebrfaqe t\u00eb ashp\u00ebr si \u00e7eliku. Dizajni dhe modeli i tij japin mbrojtje dhe kapje optimale n\u00eb telefonin tuaj.<\/p>\n<p>\u00c7do komponent i sh\u00ebrben nj\u00eb q\u00ebllimi: skajet e ngritura japin mbrojtje, modelet me brazda p\u00ebrmir\u00ebsojn\u00eb q\u00ebndrueshm\u00ebrin\u00eb e kapjes dhe nj\u00eb shtres\u00eb e mbushur ofron elasticitet shtes\u00eb. E gjith\u00eb kjo \u00ebsht\u00eb e mbushur n\u00eb m\u00ebnyr\u00eb mbres\u00ebl\u00ebn\u00ebse n\u00eb nj\u00eb pamje moderne dhe t\u00eb hijshme.<\/p>\n","protected":false},"excerpt":{"rendered":"<p>EF-RS938CBEGWW<\/p>\n","protected":false},"featured_media":7331,"comment_status":"open","ping_status":"closed","template":"","meta":[],"product_brand":[],"product_cat":[118,113,56],"product_tag":[],"class_list":{"0":"post-7329","1":"product","2":"type-product","3":"status-publish","4":"has-post-thumbnail","6":"product_cat-aksesore","7":"product_cat-celulartabletnavigim","8":"product_cat-mbeshtjelles","10":"first","11":"instock","12":"shipping-taxable","13":"purchasable","14":"product-type-simple"},"_links":{"self":[{"href":"https:\/\/www.metron-ks.com\/index.php?rest_route=\/wp\/v2\/product\/7329","targetHints":{"allow":["GET"]}}],"collection":[{"href":"https:\/\/www.metron-ks.com\/index.php?rest_route=\/wp\/v2\/product"}],"about":[{"href":"https:\/\/www.metron-ks.com\/index.php?rest_route=\/wp\/v2\/types\/product"}],"replies":[{"embeddable":true,"href":"https:\/\/www.metron-ks.com\/index.php?rest_route=%2Fwp%2Fv2%2Fcomments&post=7329"}],"wp:featuredmedia":[{"embeddable":true,"href":"https:\/\/www.metron-ks.com\/index.php?rest_route=\/wp\/v2\/media\/7331"}],"wp:attachment":[{"href":"https:\/\/www.metron-ks.com\/index.php?rest_route=%2Fwp%2Fv2%2Fmedia&parent=7329"}],"wp:term":[{"taxonomy":"product_brand","embeddable":true,"href":"https:\/\/www.metron-ks.com\/index.php?rest_route=%2Fwp%2Fv2%2Fproduct_brand&post=7329"},{"taxonomy":"product_cat","embeddable":true,"href":"https:\/\/www.metron-ks.com\/index.php?rest_route=%2Fwp%2Fv2%2Fproduct_cat&post=7329"},{"taxonomy":"product_tag","embeddable":true,"href":"https:\/\/www.metron-ks.com\/index.php?rest_route=%2Fwp%2Fv2%2Fproduct_tag&post=7329"}],"curies":[{"name":"wp","href":"https:\/\/api.w.org\/{rel}","templated":true}]}}