{"id":7344,"date":"2025-02-06T12:08:56","date_gmt":"2025-02-06T12:08:56","guid":{"rendered":"https:\/\/www.metron-ks.com\/?post_type=product&#038;p=7344"},"modified":"2025-02-06T12:09:05","modified_gmt":"2025-02-06T12:09:05","slug":"mbeshtjelles-per-samsung-galaxy-s25-ultra-capella","status":"publish","type":"product","link":"https:\/\/www.metron-ks.com\/?product=mbeshtjelles-per-samsung-galaxy-s25-ultra-capella","title":{"rendered":"Mb\u00ebshtjell\u00ebs p\u00ebr samsung Galaxy S25 Ultra,  Capella"},"content":{"rendered":"<p>Unaza magnetike e integruar \u00ebsht\u00eb p\u00ebrfshir\u00eb p\u00ebr ta mbajtur pajisjen e sigurt p\u00ebr t\u00eb p\u00ebrdorur aksesor\u00ebt MagFit.<br \/>\nTPU ultra e past\u00ebr me teknologji kund\u00ebr zverdhjes dhe shtres\u00eb PC siguron thithjen e goditjeve, buz\u00ebt e ngritura rreth kamer\u00ebs ofrojn\u00eb mbrojtje shtes\u00eb.<\/p>\n","protected":false},"excerpt":{"rendered":"<p>GP-FPS938PGBJW<\/p>\n","protected":false},"featured_media":7345,"comment_status":"open","ping_status":"closed","template":"","meta":[],"product_brand":[],"product_cat":[30],"product_tag":[],"class_list":{"0":"post-7344","1":"product","2":"type-product","3":"status-publish","4":"has-post-thumbnail","6":"product_cat-docking","8":"first","9":"instock","10":"shipping-taxable","11":"purchasable","12":"product-type-simple"},"_links":{"self":[{"href":"https:\/\/www.metron-ks.com\/index.php?rest_route=\/wp\/v2\/product\/7344","targetHints":{"allow":["GET"]}}],"collection":[{"href":"https:\/\/www.metron-ks.com\/index.php?rest_route=\/wp\/v2\/product"}],"about":[{"href":"https:\/\/www.metron-ks.com\/index.php?rest_route=\/wp\/v2\/types\/product"}],"replies":[{"embeddable":true,"href":"https:\/\/www.metron-ks.com\/index.php?rest_route=%2Fwp%2Fv2%2Fcomments&post=7344"}],"wp:featuredmedia":[{"embeddable":true,"href":"https:\/\/www.metron-ks.com\/index.php?rest_route=\/wp\/v2\/media\/7345"}],"wp:attachment":[{"href":"https:\/\/www.metron-ks.com\/index.php?rest_route=%2Fwp%2Fv2%2Fmedia&parent=7344"}],"wp:term":[{"taxonomy":"product_brand","embeddable":true,"href":"https:\/\/www.metron-ks.com\/index.php?rest_route=%2Fwp%2Fv2%2Fproduct_brand&post=7344"},{"taxonomy":"product_cat","embeddable":true,"href":"https:\/\/www.metron-ks.com\/index.php?rest_route=%2Fwp%2Fv2%2Fproduct_cat&post=7344"},{"taxonomy":"product_tag","embeddable":true,"href":"https:\/\/www.metron-ks.com\/index.php?rest_route=%2Fwp%2Fv2%2Fproduct_tag&post=7344"}],"curies":[{"name":"wp","href":"https:\/\/api.w.org\/{rel}","templated":true}]}}