{"id":7362,"date":"2025-02-13T12:15:39","date_gmt":"2025-02-13T12:15:39","guid":{"rendered":"https:\/\/www.metron-ks.com\/?post_type=product&#038;p=7362"},"modified":"2025-02-13T12:25:15","modified_gmt":"2025-02-13T12:25:15","slug":"power-bank-swissten-pd-20w-10000mah","status":"publish","type":"product","link":"https:\/\/www.metron-ks.com\/?product=power-bank-swissten-pd-20w-10000mah","title":{"rendered":"POWER BANK SWISSTEN PD 20W, 10000mAh"},"content":{"rendered":"<p>N\u00ebse keni nj\u00eb pajisje q\u00eb mb\u00ebshtet karikimin me val\u00eb p\u00ebrmes protokollit QI, nuk do t&#8217;ju duhet m\u00eb t\u00eb p\u00ebrballeni me asnj\u00eb problem me kabllot e karikimit. Thjesht vendoseni telefonin tuaj n\u00eb sip\u00ebrfaqen e power bankit, ndizeni dhe pajisja juaj do t\u00eb filloj\u00eb t\u00eb karikohet me val\u00eb. Power Bank \u00ebsht\u00eb i shk\u00eblqyesh\u00ebm, kryesisht p\u00ebr shkak t\u00eb pesh\u00ebs s\u00eb tij t\u00eb ul\u00ebt (vet\u00ebm 206 gram) dhe dimensioneve t\u00eb vogla me nj\u00eb mbajt\u00ebs metalik.<\/p>\n<p>Karikimi me val\u00eb Qi<br \/>\nAvantazhi kryesor i powerbank \u00ebsht\u00eb karikimi me val\u00eb me protokollin Qi, i cili siguron karikim pa probleme t\u00eb pajisjes tuaj.<\/p>\n<p>Ngarkimi me val\u00eb MagSafe<br \/>\nFal\u00eb karikimit me val\u00eb MagSafe, mund t\u00eb karikoni leht\u00ebsisht \u00e7do iPhone 12 e lart. P\u00ebr iPhone t\u00eb nivelit t\u00eb ul\u00ebt me karikim me val\u00eb, do t&#8217;ju duhet nj\u00eb unaz\u00eb qendrore ose nj\u00eb kas\u00eb MagStick (MagSafe). Fal\u00eb p\u00ebrqendrimit magnetik, karikimi \u00ebsht\u00eb maksimalisht efikas.<\/p>\n<p>Kapaciteti i mjaftuesh\u00ebm i bateris\u00eb<br \/>\nPower bank ka nj\u00eb kapacitet prej 10,000 mAh, i cili garanton se do t\u00eb keni gjithmon\u00eb energji t\u00eb mjaftueshme me vete gjat\u00eb udh\u00ebtimeve tuaja. N\u00eb t\u00eb nj\u00ebjt\u00ebn koh\u00eb, nuk keni pse t\u00eb shqet\u00ebsoheni, fal\u00eb pesh\u00ebs prej vet\u00ebm 206 gram\u00ebsh.<\/p>\n<p>Kapaciteti: 10,000 mAh (3,85 V, 38,5 Wh)<br \/>\nLloji i bateris\u00eb: Li-polimer<br \/>\nP\u00ebrmasat: 107 x 71 x 20 mm<br \/>\nPesha: 206 g<br \/>\nMateriali: ABS plastike rezistente ndaj zjarrit + Polikarbonat + stend\u00eb alumini<br \/>\nHyrja: USB-C: 5V DC 3A, 9V DC 2A<br \/>\nDalja: USB-C PD: 5V DC 3A, 9V DC 2.2A, 12V DC 1.67A \/ Maks. 20 W<br \/>\nKarikimi me val\u00eb Qi: 5W, 7.5W, 10W, 15W<br \/>\nUSB-C + Karikimi me val\u00eb: 15W i p\u00ebrbashk\u00ebt<\/p>\n<p>Paketa p\u00ebrfshin nj\u00eb kabllo USB-C\/USB-C, 1 m e gjat\u00eb, 3A.<\/p>\n","protected":false},"excerpt":{"rendered":"<p>22013974<\/p>\n","protected":false},"featured_media":7363,"comment_status":"open","ping_status":"closed","template":"","meta":[],"product_brand":[],"product_cat":[118,113,153],"product_tag":[],"class_list":{"0":"post-7362","1":"product","2":"type-product","3":"status-publish","4":"has-post-thumbnail","6":"product_cat-aksesore","7":"product_cat-celulartabletnavigim","8":"product_cat-power-bank","10":"first","11":"instock","12":"shipping-taxable","13":"purchasable","14":"product-type-simple"},"_links":{"self":[{"href":"https:\/\/www.metron-ks.com\/index.php?rest_route=\/wp\/v2\/product\/7362","targetHints":{"allow":["GET"]}}],"collection":[{"href":"https:\/\/www.metron-ks.com\/index.php?rest_route=\/wp\/v2\/product"}],"about":[{"href":"https:\/\/www.metron-ks.com\/index.php?rest_route=\/wp\/v2\/types\/product"}],"replies":[{"embeddable":true,"href":"https:\/\/www.metron-ks.com\/index.php?rest_route=%2Fwp%2Fv2%2Fcomments&post=7362"}],"wp:featuredmedia":[{"embeddable":true,"href":"https:\/\/www.metron-ks.com\/index.php?rest_route=\/wp\/v2\/media\/7363"}],"wp:attachment":[{"href":"https:\/\/www.metron-ks.com\/index.php?rest_route=%2Fwp%2Fv2%2Fmedia&parent=7362"}],"wp:term":[{"taxonomy":"product_brand","embeddable":true,"href":"https:\/\/www.metron-ks.com\/index.php?rest_route=%2Fwp%2Fv2%2Fproduct_brand&post=7362"},{"taxonomy":"product_cat","embeddable":true,"href":"https:\/\/www.metron-ks.com\/index.php?rest_route=%2Fwp%2Fv2%2Fproduct_cat&post=7362"},{"taxonomy":"product_tag","embeddable":true,"href":"https:\/\/www.metron-ks.com\/index.php?rest_route=%2Fwp%2Fv2%2Fproduct_tag&post=7362"}],"curies":[{"name":"wp","href":"https:\/\/api.w.org\/{rel}","templated":true}]}}