{"id":7380,"date":"2025-02-13T13:13:09","date_gmt":"2025-02-13T13:13:09","guid":{"rendered":"https:\/\/www.metron-ks.com\/?post_type=product&#038;p=7380"},"modified":"2025-02-26T08:58:07","modified_gmt":"2025-02-26T08:58:07","slug":"7380","status":"publish","type":"product","link":"https:\/\/www.metron-ks.com\/?product=7380","title":{"rendered":"Rrip SWISSTEN p\u00ebr Apple Watch, Silikon 42 \/ 44 \/ 45 \/ 49 mm , Zez\u00eb,Hiri"},"content":{"rendered":"<p>Rripi \u00ebsht\u00eb prej silikoni, k\u00ebshtu q\u00eb \u00ebsht\u00eb shum\u00eb fleksib\u00ebl dhe p\u00ebrshtatet bukur n\u00eb dor\u00eb.<br \/>\nFal\u00eb materialit t\u00eb p\u00ebrdorur, rripi do t\u00eb ulet bukur n\u00eb ky\u00e7in e dor\u00ebs, k\u00ebshtu q\u00eb padyshim q\u00eb do t\u00eb shkoj\u00eb mir\u00eb me veshjen tuaj.<br \/>\nTrajtim shum\u00eb i leht\u00eb gjat\u00eb vendosjes dhe heqjes.<br \/>\nE p\u00ebrputhshme me Apple Watch Series 1, 2, 3, 4, 5, 6, 7, 8, SE, SE 2022, Ultra<\/p>\n","protected":false},"excerpt":{"rendered":"<p>46000511<\/p>\n","protected":false},"featured_media":7381,"comment_status":"open","ping_status":"closed","template":"","meta":[],"product_brand":[],"product_cat":[118,66,152],"product_tag":[],"class_list":{"0":"post-7380","1":"product","2":"type-product","3":"status-publish","4":"has-post-thumbnail","6":"product_cat-aksesore","7":"product_cat-oremates-aktiviteti","8":"product_cat-rripa","10":"first","11":"instock","12":"shipping-taxable","13":"purchasable","14":"product-type-simple"},"_links":{"self":[{"href":"https:\/\/www.metron-ks.com\/index.php?rest_route=\/wp\/v2\/product\/7380","targetHints":{"allow":["GET"]}}],"collection":[{"href":"https:\/\/www.metron-ks.com\/index.php?rest_route=\/wp\/v2\/product"}],"about":[{"href":"https:\/\/www.metron-ks.com\/index.php?rest_route=\/wp\/v2\/types\/product"}],"replies":[{"embeddable":true,"href":"https:\/\/www.metron-ks.com\/index.php?rest_route=%2Fwp%2Fv2%2Fcomments&post=7380"}],"wp:featuredmedia":[{"embeddable":true,"href":"https:\/\/www.metron-ks.com\/index.php?rest_route=\/wp\/v2\/media\/7381"}],"wp:attachment":[{"href":"https:\/\/www.metron-ks.com\/index.php?rest_route=%2Fwp%2Fv2%2Fmedia&parent=7380"}],"wp:term":[{"taxonomy":"product_brand","embeddable":true,"href":"https:\/\/www.metron-ks.com\/index.php?rest_route=%2Fwp%2Fv2%2Fproduct_brand&post=7380"},{"taxonomy":"product_cat","embeddable":true,"href":"https:\/\/www.metron-ks.com\/index.php?rest_route=%2Fwp%2Fv2%2Fproduct_cat&post=7380"},{"taxonomy":"product_tag","embeddable":true,"href":"https:\/\/www.metron-ks.com\/index.php?rest_route=%2Fwp%2Fv2%2Fproduct_tag&post=7380"}],"curies":[{"name":"wp","href":"https:\/\/api.w.org\/{rel}","templated":true}]}}