{"id":7384,"date":"2025-02-20T12:46:59","date_gmt":"2025-02-20T12:46:59","guid":{"rendered":"https:\/\/www.metron-ks.com\/?post_type=product&#038;p=7384"},"modified":"2025-02-20T12:47:07","modified_gmt":"2025-02-20T12:47:07","slug":"altoparlant-bluetooth-white-shark-dhak-hiri","status":"publish","type":"product","link":"https:\/\/www.metron-ks.com\/?product=altoparlant-bluetooth-white-shark-dhak-hiri","title":{"rendered":"Altoparlant Bluetooth White Shark Dhak, hiri"},"content":{"rendered":"<p>Shijo tingull t\u00eb qart\u00eb me altoparlantin Bluetooth White Shark DHAK. Interface i\u00a0tij i\u00a0gjithanshem\u00a0p\u00ebrfshin thirrjet Handsfreer, radion FM dhe mb\u00ebshtetjen e kart\u00ebs TF.\u00a0Portativ me nj\u00eb bateri 1200 mAh p\u00ebr deri n\u00eb 3 or\u00eb koh\u00eb\u00a0pune.<\/p>\n<p>Lloji i altoparlantit: Bluetooth<br \/>\nFuqia dal\u00ebse (mW): 5W RMS<br \/>\nShtrirja e frekuenc\u00ebs (Hz): 30Hz-18kHz<br \/>\nS\/N (dB): &gt;80<br \/>\nMadh\u00ebsia e altoparlantit (mm): 66<br \/>\nTensioni (V): 3.7<br \/>\nMateriali: ABS Plastik\u00eb, p\u00eblhur\u00eb,<br \/>\nNgjyra: Hiri<br \/>\nInterface: Handsfree, BT, FM, TF, TWS<br \/>\nBateria: 1200 mAh<br \/>\nDistanca (m): 10<br \/>\nKoha e bised\u00ebs \/ koha e muzik\u00ebs (h): 2-3<br \/>\nNdjeshm\u00ebria: 45 dB +\/- 2 dB<br \/>\nDimensionet e altoparlantit (mm): 114x114x131<br \/>\nNdri\u00e7im: Po<br \/>\nPesha (g): 523<\/p>\n","protected":false},"excerpt":{"rendered":"<p>GBT-888 DHAK<\/p>\n","protected":false},"featured_media":7385,"comment_status":"open","ping_status":"closed","template":"","meta":[],"product_brand":[],"product_cat":[118,22,158],"product_tag":[],"class_list":{"0":"post-7384","1":"product","2":"type-product","3":"status-publish","4":"has-post-thumbnail","6":"product_cat-aksesore","7":"product_cat-altoparlant-aksesore","8":"product_cat-pajisje-zerimi","10":"first","11":"instock","12":"shipping-taxable","13":"purchasable","14":"product-type-simple"},"_links":{"self":[{"href":"https:\/\/www.metron-ks.com\/index.php?rest_route=\/wp\/v2\/product\/7384","targetHints":{"allow":["GET"]}}],"collection":[{"href":"https:\/\/www.metron-ks.com\/index.php?rest_route=\/wp\/v2\/product"}],"about":[{"href":"https:\/\/www.metron-ks.com\/index.php?rest_route=\/wp\/v2\/types\/product"}],"replies":[{"embeddable":true,"href":"https:\/\/www.metron-ks.com\/index.php?rest_route=%2Fwp%2Fv2%2Fcomments&post=7384"}],"wp:featuredmedia":[{"embeddable":true,"href":"https:\/\/www.metron-ks.com\/index.php?rest_route=\/wp\/v2\/media\/7385"}],"wp:attachment":[{"href":"https:\/\/www.metron-ks.com\/index.php?rest_route=%2Fwp%2Fv2%2Fmedia&parent=7384"}],"wp:term":[{"taxonomy":"product_brand","embeddable":true,"href":"https:\/\/www.metron-ks.com\/index.php?rest_route=%2Fwp%2Fv2%2Fproduct_brand&post=7384"},{"taxonomy":"product_cat","embeddable":true,"href":"https:\/\/www.metron-ks.com\/index.php?rest_route=%2Fwp%2Fv2%2Fproduct_cat&post=7384"},{"taxonomy":"product_tag","embeddable":true,"href":"https:\/\/www.metron-ks.com\/index.php?rest_route=%2Fwp%2Fv2%2Fproduct_tag&post=7384"}],"curies":[{"name":"wp","href":"https:\/\/api.w.org\/{rel}","templated":true}]}}