{"id":7389,"date":"2025-02-20T13:41:05","date_gmt":"2025-02-20T13:41:05","guid":{"rendered":"https:\/\/www.metron-ks.com\/?post_type=product&#038;p=7389"},"modified":"2025-03-19T14:59:20","modified_gmt":"2025-03-19T14:59:20","slug":"mbajtese-per-tv-projektor-sbox-cplp-28s","status":"publish","type":"product","link":"https:\/\/www.metron-ks.com\/?product=mbajtese-per-tv-projektor-sbox-cplp-28s","title":{"rendered":"Mbajt\u00ebse p\u00ebr TV\/Projektor Sbox CPLB-28S"},"content":{"rendered":"<p>Madh\u00ebsia e rekomanduar e ekranit: 23 \u201d &#8211; 43\u201d \/ 58 cm &#8211; 109 cm<br \/>\nNgarkesa maksimale (kg): 30<br \/>\nVESA: 75&#215;75 &#8211; 200&#215;200<br \/>\nPjerr\u00ebsi vertikale: -20 \u00b0\/20 \u00b0<br \/>\nI kthyesh\u00ebm: 180 \u00b0<br \/>\nMenaxhimi i kabllove: Po<br \/>\nNgjyra: E zez\u00eb<br \/>\nMateriali: \u00e7elik<br \/>\nRregullimi i lart\u00ebsis\u00eb: 608 &#8211; 858 mm (nga tavani n\u00eb TV)<br \/>\nDimensionet (mm): 138x220x968<\/p>\n","protected":false},"excerpt":{"rendered":"<p>CPLP-28S<\/p>\n","protected":false},"featured_media":7390,"comment_status":"open","ping_status":"closed","template":"","meta":[],"product_brand":[],"product_cat":[118,160,145,143,138],"product_tag":[],"class_list":{"0":"post-7389","1":"product","2":"type-product","3":"status-publish","4":"has-post-thumbnail","6":"product_cat-aksesore","7":"product_cat-mbajtese-tv","8":"product_cat-mbajtese-projektor","9":"product_cat-projektor","10":"product_cat-tv","12":"first","13":"instock","14":"shipping-taxable","15":"purchasable","16":"product-type-simple"},"_links":{"self":[{"href":"https:\/\/www.metron-ks.com\/index.php?rest_route=\/wp\/v2\/product\/7389","targetHints":{"allow":["GET"]}}],"collection":[{"href":"https:\/\/www.metron-ks.com\/index.php?rest_route=\/wp\/v2\/product"}],"about":[{"href":"https:\/\/www.metron-ks.com\/index.php?rest_route=\/wp\/v2\/types\/product"}],"replies":[{"embeddable":true,"href":"https:\/\/www.metron-ks.com\/index.php?rest_route=%2Fwp%2Fv2%2Fcomments&post=7389"}],"wp:featuredmedia":[{"embeddable":true,"href":"https:\/\/www.metron-ks.com\/index.php?rest_route=\/wp\/v2\/media\/7390"}],"wp:attachment":[{"href":"https:\/\/www.metron-ks.com\/index.php?rest_route=%2Fwp%2Fv2%2Fmedia&parent=7389"}],"wp:term":[{"taxonomy":"product_brand","embeddable":true,"href":"https:\/\/www.metron-ks.com\/index.php?rest_route=%2Fwp%2Fv2%2Fproduct_brand&post=7389"},{"taxonomy":"product_cat","embeddable":true,"href":"https:\/\/www.metron-ks.com\/index.php?rest_route=%2Fwp%2Fv2%2Fproduct_cat&post=7389"},{"taxonomy":"product_tag","embeddable":true,"href":"https:\/\/www.metron-ks.com\/index.php?rest_route=%2Fwp%2Fv2%2Fproduct_tag&post=7389"}],"curies":[{"name":"wp","href":"https:\/\/api.w.org\/{rel}","templated":true}]}}