{"id":7399,"date":"2025-02-25T09:06:03","date_gmt":"2025-02-25T09:06:03","guid":{"rendered":"https:\/\/www.metron-ks.com\/?post_type=product&#038;p=7399"},"modified":"2025-02-25T09:14:08","modified_gmt":"2025-02-25T09:14:08","slug":"power-bank-swissten-40-000mah-100w-laptoptabletcelular","status":"publish","type":"product","link":"https:\/\/www.metron-ks.com\/?product=power-bank-swissten-40-000mah-100w-laptoptabletcelular","title":{"rendered":"Power Bank Swissten 40.000mAh, 100W Laptop,Tablet,Celular"},"content":{"rendered":"<p>P\u00ebrshkrimi i produktit:<\/p>\n<p>Power Bank-u SWISSTEN ka nj\u00eb kapacitet prej 40,000 mAh (148 Wh) ka nj\u00eb fuqi t\u00eb lart\u00eb dal\u00ebse prej 100 W, karikim t\u00eb shpejt\u00eb dhe \u00ebsht\u00eb b\u00ebr\u00eb nga materiali jo i ndezsh\u00ebm p\u00ebr siguri t\u00eb shtuar.<\/p>\n<p>\u00c7far\u00eb mund t\u00eb rimbushet&#8230;<\/p>\n<p>Fal\u00eb fuqis\u00eb dhe kapacitetit t\u00eb saj t\u00eb lart\u00eb t\u00eb prodhimit, power bank mund t\u00eb p\u00ebrdoret p\u00ebr t\u00eb karikuar laptop\u00eb, tablet, telefona inteligjent\u00eb dhe pajisje t\u00eb tjera. Power Bank ka gjithashtu nj\u00eb modalitet t\u00eb ul\u00ebt t\u00eb rrym\u00ebs p\u00ebr karikimin e kufjeve, byzylyk\u00ebve dhe or\u00ebve TWS. 3 dalje USB-A dhe nj\u00eb USB-C mund t\u00eb p\u00ebrdoren p\u00ebr karikim dhe fal\u00eb teknologjis\u00eb SMART IC, e cila zbulon pajisjet e lidhura dhe optimizon karikimin e tyre, shum\u00eb pajisje mund t\u00eb karikohen menj\u00ebher\u00eb.<\/p>\n<p>Karikimi i shpejt\u00eb<\/p>\n<p>Power Bank mb\u00ebshtet nj\u00eb gam\u00eb t\u00eb gjer\u00eb t\u00eb formateve t\u00eb karikimit t\u00eb shpejt\u00eb. Sigurisht, ka PowerDelivery 2.0 dhe 3.0 dhe Qualcomm 2.0 dhe 3.0. P\u00ebr m\u00eb tep\u00ebr, Huawei FCP (Protokolli i Karikimit t\u00eb Shpejt\u00eb), Huawei SCP (Protokolli SuperCharge), Samsung AFC (Karkim i Shpejt\u00eb Adaptive), Samsung 2A, Apple 2.4A.<\/p>\n<p>&nbsp;<\/p>\n<p>Theksi mbi sigurin\u00eb<\/p>\n<p>P\u00ebr siguri maksimale, power bank-i \u00ebsht\u00eb prej materiali ABS+PC rezistent ndaj flak\u00ebs dhe nga pik\u00ebpamja funksionale sigurojn\u00eb sigurin\u00eb e mbrojtjes nga mbitensioni, mbingarkesa, qarku i shkurt\u00ebr, mbinxehja, mbingarkesa dhe n\u00ebnshkarkimi. Power Bank \u00ebsht\u00eb b\u00ebr\u00eb nga baterit\u00eb litium-polimer, t\u00eb cilat kan\u00eb p\u00ebrpar\u00ebsin\u00eb e nj\u00eb numri m\u00eb t\u00eb madh ciklesh karikimi, m\u00eb pak efekt memorie dhe pesh\u00eb m\u00eb t\u00eb ul\u00ebt ndaj baterive litium-jon.<\/p>\n<p>&nbsp;<\/p>\n<p>Specifikat<br \/>\nKapaciteti: 40000 mAh (3.7V\/148Wh)<br \/>\nBateria: Bateri Li-polimer<br \/>\nDalja USB-A 1: 4,5V DC 5A, 5V DC 4,5A, 5V DC 3A, 9V DC 2A, 12V DC 1,5A &#8211; 22,5W (QC2.0\/QC3.0\/SAMSUNG AFC\/HUAWEI FCP\/HUAPPLEING. 2A\/DCP1.5A)<br \/>\nDalja USB-A 2: 5V DC 3A, 9V DC 2A, 12V DC 1.5A &#8211; 18W (QC2.0\/QC3.0\/SAMSUNG AFC\/HUAWEI FCP\/APPLE 2.4A\/SAMSUNG 2A\/DCP1.5A)<br \/>\nDalja USB-A 3: 5V DC 3A (APPLE2.4A\/SAMSUNG 2A\/DCP1.5A)<br \/>\nDalja USB-C: 5V DC 3A, 9V DC 3A, 12V DC 3A, 15V DC 3A, 20V DC 5A 100W (QC2.0\/QC3.0\/SAMSUNG AFC\/HUAWEI FCP\/APPLE 2.4A\/SAMPD2.4A\/SAMPD2. PD3.0)<br \/>\nHyrja MicroUSB: 5V DC 2A, 9V DC 2A (QC2.0)<br \/>\nHyrja USB-C: 5V DC 3A, 9V DC 3A, 12V DC 3A, 15V DC 3A, 20V DC 3.25A 65W (PD2.0\/PD3.0\/QC2.0)<br \/>\nMadh\u00ebsia: 154x70x55mm<br \/>\nPesha: 830g<br \/>\nMateriali: ABS+PC<br \/>\nMbrojtje: mbitensioni, qarku i shkurt\u00ebr, mbinxehja, mbingarkesa dhe n\u00ebntensioni.<\/p>\n","protected":false},"excerpt":{"rendered":"<p>22013941<\/p>\n","protected":false},"featured_media":7400,"comment_status":"open","ping_status":"closed","template":"","meta":[],"product_brand":[],"product_cat":[118,113,153],"product_tag":[],"class_list":{"0":"post-7399","1":"product","2":"type-product","3":"status-publish","4":"has-post-thumbnail","6":"product_cat-aksesore","7":"product_cat-celulartabletnavigim","8":"product_cat-power-bank","10":"first","11":"instock","12":"shipping-taxable","13":"purchasable","14":"product-type-simple"},"_links":{"self":[{"href":"https:\/\/www.metron-ks.com\/index.php?rest_route=\/wp\/v2\/product\/7399","targetHints":{"allow":["GET"]}}],"collection":[{"href":"https:\/\/www.metron-ks.com\/index.php?rest_route=\/wp\/v2\/product"}],"about":[{"href":"https:\/\/www.metron-ks.com\/index.php?rest_route=\/wp\/v2\/types\/product"}],"replies":[{"embeddable":true,"href":"https:\/\/www.metron-ks.com\/index.php?rest_route=%2Fwp%2Fv2%2Fcomments&post=7399"}],"wp:featuredmedia":[{"embeddable":true,"href":"https:\/\/www.metron-ks.com\/index.php?rest_route=\/wp\/v2\/media\/7400"}],"wp:attachment":[{"href":"https:\/\/www.metron-ks.com\/index.php?rest_route=%2Fwp%2Fv2%2Fmedia&parent=7399"}],"wp:term":[{"taxonomy":"product_brand","embeddable":true,"href":"https:\/\/www.metron-ks.com\/index.php?rest_route=%2Fwp%2Fv2%2Fproduct_brand&post=7399"},{"taxonomy":"product_cat","embeddable":true,"href":"https:\/\/www.metron-ks.com\/index.php?rest_route=%2Fwp%2Fv2%2Fproduct_cat&post=7399"},{"taxonomy":"product_tag","embeddable":true,"href":"https:\/\/www.metron-ks.com\/index.php?rest_route=%2Fwp%2Fv2%2Fproduct_tag&post=7399"}],"curies":[{"name":"wp","href":"https:\/\/api.w.org\/{rel}","templated":true}]}}