{"id":740,"date":"2023-03-06T22:23:01","date_gmt":"2023-03-06T22:23:01","guid":{"rendered":"https:\/\/www.metron-ks.com\/product\/kufje-sbox-hs-736-te-bardha\/"},"modified":"2025-01-03T14:39:39","modified_gmt":"2025-01-03T14:39:39","slug":"kufje-sbox-hs-736-te-bardha","status":"publish","type":"product","link":"https:\/\/www.metron-ks.com\/?product=kufje-sbox-hs-736-te-bardha","title":{"rendered":"Kufje SBOX HS-736, t\u00eb bardha"},"content":{"rendered":"<div>Madh\u00ebsiae d\u00ebgjueses [mm]: 40<\/div>\n<div>Shtrirja e Frekuenc\u00ebs: 20Hz &#8211; 20kHz<\/div>\n<div>Ndjeshm\u00ebria e d\u00ebgjues\u00ebve: 105 dB \u00b1 3dB<\/div>\n<div>Kabllo: E shesht\u00eb<\/div>\n<div>Gjat\u00ebsia e kabllos [m]: 2<\/div>\n<div>Lidhja: 3,5 mm<\/div>\n<div>Ngjyra: Bardh\u00eb<\/div>\n<div><\/div>\n<div><\/div>\n","protected":false},"excerpt":{"rendered":"<p>Kufje SBOX HS-736, t\u00eb bardha<\/p>\n","protected":false},"featured_media":2630,"comment_status":"closed","ping_status":"closed","template":"","meta":[],"product_brand":[],"product_cat":[118,44],"product_tag":[],"class_list":{"0":"post-740","1":"product","2":"type-product","3":"status-publish","4":"has-post-thumbnail","6":"product_cat-aksesore","7":"product_cat-kufje","9":"first","10":"instock","11":"shipping-taxable","12":"purchasable","13":"product-type-simple"},"_links":{"self":[{"href":"https:\/\/www.metron-ks.com\/index.php?rest_route=\/wp\/v2\/product\/740","targetHints":{"allow":["GET"]}}],"collection":[{"href":"https:\/\/www.metron-ks.com\/index.php?rest_route=\/wp\/v2\/product"}],"about":[{"href":"https:\/\/www.metron-ks.com\/index.php?rest_route=\/wp\/v2\/types\/product"}],"replies":[{"embeddable":true,"href":"https:\/\/www.metron-ks.com\/index.php?rest_route=%2Fwp%2Fv2%2Fcomments&post=740"}],"wp:featuredmedia":[{"embeddable":true,"href":"https:\/\/www.metron-ks.com\/index.php?rest_route=\/wp\/v2\/media\/2630"}],"wp:attachment":[{"href":"https:\/\/www.metron-ks.com\/index.php?rest_route=%2Fwp%2Fv2%2Fmedia&parent=740"}],"wp:term":[{"taxonomy":"product_brand","embeddable":true,"href":"https:\/\/www.metron-ks.com\/index.php?rest_route=%2Fwp%2Fv2%2Fproduct_brand&post=740"},{"taxonomy":"product_cat","embeddable":true,"href":"https:\/\/www.metron-ks.com\/index.php?rest_route=%2Fwp%2Fv2%2Fproduct_cat&post=740"},{"taxonomy":"product_tag","embeddable":true,"href":"https:\/\/www.metron-ks.com\/index.php?rest_route=%2Fwp%2Fv2%2Fproduct_tag&post=740"}],"curies":[{"name":"wp","href":"https:\/\/api.w.org\/{rel}","templated":true}]}}