{"id":7464,"date":"2025-03-06T12:33:00","date_gmt":"2025-03-06T12:33:00","guid":{"rendered":"https:\/\/www.metron-ks.com\/?post_type=product&#038;p=7464"},"modified":"2025-03-10T08:52:25","modified_gmt":"2025-03-10T08:52:25","slug":"mbajtese-per-tv-sbox-bl-3744f-32-75-inch-fix","status":"publish","type":"product","link":"https:\/\/www.metron-ks.com\/?product=mbajtese-per-tv-sbox-bl-3744f-32-75-inch-fix","title":{"rendered":"Mbajt\u00ebse p\u00ebr TV Sbox BL-3744F, 32&#8243;-75&#8243; inch, Fix"},"content":{"rendered":"<p>Lloji i mbajt\u00ebsit: Fiks<br \/>\nVESA minimale: 50&#215;50<br \/>\nVESA maksimale: 400&#215;400<br \/>\nNgarkesa maksimale (kg): 45<br \/>\nMadh\u00ebsia minimale e ekranit: 32&#8221; \/ 81 cm<br \/>\nMadh\u00ebsia maksimale e ekranit: 75&#8221; \/ 191 cm<br \/>\nDistanca minimale dhe maksimale nga muri (mm): 22<br \/>\nNiveli: Po<br \/>\nP\u00ebr ekranet e lakuar: Jo<br \/>\nMenaxhimi i kabllove: Jo<br \/>\nPllak\u00eb VESA e ndashme: Po<br \/>\nNgjyra: E zez\u00eb<br \/>\nMateriali: \u00e7elik\/plastik\u00eb<br \/>\nDimensionet (mm): 445x420x22<\/p>\n","protected":false},"excerpt":{"rendered":"<p>BL-3744F<\/p>\n","protected":false},"featured_media":7465,"comment_status":"open","ping_status":"closed","template":"","meta":[],"product_brand":[],"product_cat":[118,160,138],"product_tag":[],"class_list":{"0":"post-7464","1":"product","2":"type-product","3":"status-publish","4":"has-post-thumbnail","6":"product_cat-aksesore","7":"product_cat-mbajtese-tv","8":"product_cat-tv","10":"first","11":"instock","12":"shipping-taxable","13":"purchasable","14":"product-type-simple"},"_links":{"self":[{"href":"https:\/\/www.metron-ks.com\/index.php?rest_route=\/wp\/v2\/product\/7464","targetHints":{"allow":["GET"]}}],"collection":[{"href":"https:\/\/www.metron-ks.com\/index.php?rest_route=\/wp\/v2\/product"}],"about":[{"href":"https:\/\/www.metron-ks.com\/index.php?rest_route=\/wp\/v2\/types\/product"}],"replies":[{"embeddable":true,"href":"https:\/\/www.metron-ks.com\/index.php?rest_route=%2Fwp%2Fv2%2Fcomments&post=7464"}],"wp:featuredmedia":[{"embeddable":true,"href":"https:\/\/www.metron-ks.com\/index.php?rest_route=\/wp\/v2\/media\/7465"}],"wp:attachment":[{"href":"https:\/\/www.metron-ks.com\/index.php?rest_route=%2Fwp%2Fv2%2Fmedia&parent=7464"}],"wp:term":[{"taxonomy":"product_brand","embeddable":true,"href":"https:\/\/www.metron-ks.com\/index.php?rest_route=%2Fwp%2Fv2%2Fproduct_brand&post=7464"},{"taxonomy":"product_cat","embeddable":true,"href":"https:\/\/www.metron-ks.com\/index.php?rest_route=%2Fwp%2Fv2%2Fproduct_cat&post=7464"},{"taxonomy":"product_tag","embeddable":true,"href":"https:\/\/www.metron-ks.com\/index.php?rest_route=%2Fwp%2Fv2%2Fproduct_tag&post=7464"}],"curies":[{"name":"wp","href":"https:\/\/api.w.org\/{rel}","templated":true}]}}