{"id":7525,"date":"2025-03-19T10:11:15","date_gmt":"2025-03-19T10:11:15","guid":{"rendered":"https:\/\/www.metron-ks.com\/?post_type=product&#038;p=7525"},"modified":"2025-03-19T10:11:23","modified_gmt":"2025-03-19T10:11:23","slug":"kontroller-gaming-white-shark-gpw-8040-praetorian","status":"publish","type":"product","link":"https:\/\/www.metron-ks.com\/?product=kontroller-gaming-white-shark-gpw-8040-praetorian","title":{"rendered":"Kontroller Gaming White Shark GPW-8040, Praetorian"},"content":{"rendered":"<p>Numri i butonave: 19 + D-PAD + 2 analoge<br \/>\nGjat\u00ebsia e kabllit (m): 1<br \/>\nDridhje: Po, motor\u00eb t\u00eb dyfisht\u00eb<br \/>\nNgjyra: Transparent<br \/>\nInterface: Bluetooth 5.0, Type-C<br \/>\nDimensionet (mm): 160x110x68<br \/>\nBateria: 800 mAh Li-polimer<br \/>\nPesha (g): 380<br \/>\nDistanca e punes (m): 8-10<br \/>\nP\u00ebrputhshm\u00ebria: Android\/iOS 13.0+\/N-Switch\/PC (vet\u00ebm kabllo WTH)\/PS4\/PS3<br \/>\nKoha e punes (H): 5-10<br \/>\nKoha e Karikimit (H): 2-2.5<br \/>\nMateriali: Plastik<br \/>\nTjet\u00ebr: Dizajn Ergonomik, Mb\u00ebshtetje `Funksioni Key Set` p\u00ebr Android me Shkarkim t\u00eb Aplikacionit nga Google Play, RGB Illumination<\/p>\n","protected":false},"excerpt":{"rendered":"<p>GPW-8040, Praetorian<\/p>\n","protected":false},"featured_media":7526,"comment_status":"open","ping_status":"closed","template":"","meta":[],"product_brand":[],"product_cat":[118,116,132],"product_tag":[],"class_list":{"0":"post-7525","1":"product","2":"type-product","3":"status-publish","4":"has-post-thumbnail","6":"product_cat-aksesore","7":"product_cat-gaming","8":"product_cat-kontroller-gaming","10":"first","11":"instock","12":"shipping-taxable","13":"purchasable","14":"product-type-simple"},"_links":{"self":[{"href":"https:\/\/www.metron-ks.com\/index.php?rest_route=\/wp\/v2\/product\/7525","targetHints":{"allow":["GET"]}}],"collection":[{"href":"https:\/\/www.metron-ks.com\/index.php?rest_route=\/wp\/v2\/product"}],"about":[{"href":"https:\/\/www.metron-ks.com\/index.php?rest_route=\/wp\/v2\/types\/product"}],"replies":[{"embeddable":true,"href":"https:\/\/www.metron-ks.com\/index.php?rest_route=%2Fwp%2Fv2%2Fcomments&post=7525"}],"wp:featuredmedia":[{"embeddable":true,"href":"https:\/\/www.metron-ks.com\/index.php?rest_route=\/wp\/v2\/media\/7526"}],"wp:attachment":[{"href":"https:\/\/www.metron-ks.com\/index.php?rest_route=%2Fwp%2Fv2%2Fmedia&parent=7525"}],"wp:term":[{"taxonomy":"product_brand","embeddable":true,"href":"https:\/\/www.metron-ks.com\/index.php?rest_route=%2Fwp%2Fv2%2Fproduct_brand&post=7525"},{"taxonomy":"product_cat","embeddable":true,"href":"https:\/\/www.metron-ks.com\/index.php?rest_route=%2Fwp%2Fv2%2Fproduct_cat&post=7525"},{"taxonomy":"product_tag","embeddable":true,"href":"https:\/\/www.metron-ks.com\/index.php?rest_route=%2Fwp%2Fv2%2Fproduct_tag&post=7525"}],"curies":[{"name":"wp","href":"https:\/\/api.w.org\/{rel}","templated":true}]}}