{"id":7539,"date":"2025-03-19T10:54:39","date_gmt":"2025-03-19T10:54:39","guid":{"rendered":"https:\/\/www.metron-ks.com\/?post_type=product&#038;p=7539"},"modified":"2025-03-19T13:40:56","modified_gmt":"2025-03-19T13:40:56","slug":"mbajtese-me-rrota-manhattan-per-tv-37-70","status":"publish","type":"product","link":"https:\/\/www.metron-ks.com\/?product=mbajtese-me-rrota-manhattan-per-tv-37-70","title":{"rendered":"Mbajt\u00ebse me rrota Manhattan p\u00ebr TV, 37&#8243;-70&#8243;"},"content":{"rendered":"<p>Projektuar p\u00ebr shumic\u00ebn e ekraneve 37 &#8221; &#8211; 70&#8243;<br \/>\nNgarkesat e vler\u00ebsuara: Ekran: 50 kg<br \/>\nLart\u00ebsia e rregullueshme me pjerr\u00ebsi +\/- 10 \u00b0<br \/>\nMenaxhimi i brendsh\u00ebm i kabllove<br \/>\nDimensionet e raftit: 485 x 293 mm \/ 19.09 x 11.53 in\u00e7<br \/>\nPesha neto e produktit: 14.3 kg<br \/>\nPesha bruto e produktit: 15.82 kg<br \/>\nDimensionet: 679 (L) x 913 (w) x 1803 (h) [mm]\nStandardet VESA: 200&#215;200 deri 600&#215;400 p.sh. 200&#215;200, 300&#215;300, 400&#215;200, 400&#215;400, 600&#215;400<\/p>\n","protected":false},"excerpt":{"rendered":"<p>461238<\/p>\n","protected":false},"featured_media":7540,"comment_status":"open","ping_status":"closed","template":"","meta":[],"product_brand":[],"product_cat":[118,160,138],"product_tag":[],"class_list":{"0":"post-7539","1":"product","2":"type-product","3":"status-publish","4":"has-post-thumbnail","6":"product_cat-aksesore","7":"product_cat-mbajtese-tv","8":"product_cat-tv","10":"first","11":"instock","12":"shipping-taxable","13":"purchasable","14":"product-type-simple"},"_links":{"self":[{"href":"https:\/\/www.metron-ks.com\/index.php?rest_route=\/wp\/v2\/product\/7539","targetHints":{"allow":["GET"]}}],"collection":[{"href":"https:\/\/www.metron-ks.com\/index.php?rest_route=\/wp\/v2\/product"}],"about":[{"href":"https:\/\/www.metron-ks.com\/index.php?rest_route=\/wp\/v2\/types\/product"}],"replies":[{"embeddable":true,"href":"https:\/\/www.metron-ks.com\/index.php?rest_route=%2Fwp%2Fv2%2Fcomments&post=7539"}],"wp:featuredmedia":[{"embeddable":true,"href":"https:\/\/www.metron-ks.com\/index.php?rest_route=\/wp\/v2\/media\/7540"}],"wp:attachment":[{"href":"https:\/\/www.metron-ks.com\/index.php?rest_route=%2Fwp%2Fv2%2Fmedia&parent=7539"}],"wp:term":[{"taxonomy":"product_brand","embeddable":true,"href":"https:\/\/www.metron-ks.com\/index.php?rest_route=%2Fwp%2Fv2%2Fproduct_brand&post=7539"},{"taxonomy":"product_cat","embeddable":true,"href":"https:\/\/www.metron-ks.com\/index.php?rest_route=%2Fwp%2Fv2%2Fproduct_cat&post=7539"},{"taxonomy":"product_tag","embeddable":true,"href":"https:\/\/www.metron-ks.com\/index.php?rest_route=%2Fwp%2Fv2%2Fproduct_tag&post=7539"}],"curies":[{"name":"wp","href":"https:\/\/api.w.org\/{rel}","templated":true}]}}