{"id":7569,"date":"2025-03-27T10:47:56","date_gmt":"2025-03-27T10:47:56","guid":{"rendered":"https:\/\/www.metron-ks.com\/?post_type=product&#038;p=7569"},"modified":"2025-03-27T10:51:23","modified_gmt":"2025-03-27T10:51:23","slug":"maus-sbox-wireless-wm-109-i-kuq","status":"publish","type":"product","link":"https:\/\/www.metron-ks.com\/?product=maus-sbox-wireless-wm-109-i-kuq","title":{"rendered":"Maus Sbox Wireless, WM-109, i kuq"},"content":{"rendered":"<p>Lloji: 3D<br \/>\nLloji i sensorit: Optik<br \/>\nRezolucioni (DPI): 1000<br \/>\nJet\u00ebgjat\u00ebsia: 3 M Shtypje<br \/>\nNgjyra: E kuqe<br \/>\nMateriali: Plastike<br \/>\nInterface: 2.4 GHz<br \/>\nDimensionet (mm): 103x66x38<br \/>\nPesha (g): 57<br \/>\nDistanca e punes (m): 10<br \/>\nP\u00ebrputhshm\u00ebria e miut: Windows 7\/8\/10\/11 dhe MacOS<br \/>\nBateria: 2 x AAA (e p\u00ebrfshir\u00eb n\u00eb pako)<\/p>\n","protected":false},"excerpt":{"rendered":"<p>WM-109<\/p>\n","protected":false},"featured_media":7570,"comment_status":"open","ping_status":"closed","template":"","meta":[],"product_brand":[],"product_cat":[118,149,141],"product_tag":[],"class_list":{"0":"post-7569","1":"product","2":"type-product","3":"status-publish","4":"has-post-thumbnail","6":"product_cat-aksesore","7":"product_cat-mouse","8":"product_cat-pclaptop","10":"first","11":"instock","12":"shipping-taxable","13":"purchasable","14":"product-type-simple"},"_links":{"self":[{"href":"https:\/\/www.metron-ks.com\/index.php?rest_route=\/wp\/v2\/product\/7569","targetHints":{"allow":["GET"]}}],"collection":[{"href":"https:\/\/www.metron-ks.com\/index.php?rest_route=\/wp\/v2\/product"}],"about":[{"href":"https:\/\/www.metron-ks.com\/index.php?rest_route=\/wp\/v2\/types\/product"}],"replies":[{"embeddable":true,"href":"https:\/\/www.metron-ks.com\/index.php?rest_route=%2Fwp%2Fv2%2Fcomments&post=7569"}],"wp:featuredmedia":[{"embeddable":true,"href":"https:\/\/www.metron-ks.com\/index.php?rest_route=\/wp\/v2\/media\/7570"}],"wp:attachment":[{"href":"https:\/\/www.metron-ks.com\/index.php?rest_route=%2Fwp%2Fv2%2Fmedia&parent=7569"}],"wp:term":[{"taxonomy":"product_brand","embeddable":true,"href":"https:\/\/www.metron-ks.com\/index.php?rest_route=%2Fwp%2Fv2%2Fproduct_brand&post=7569"},{"taxonomy":"product_cat","embeddable":true,"href":"https:\/\/www.metron-ks.com\/index.php?rest_route=%2Fwp%2Fv2%2Fproduct_cat&post=7569"},{"taxonomy":"product_tag","embeddable":true,"href":"https:\/\/www.metron-ks.com\/index.php?rest_route=%2Fwp%2Fv2%2Fproduct_tag&post=7569"}],"curies":[{"name":"wp","href":"https:\/\/api.w.org\/{rel}","templated":true}]}}