{"id":7584,"date":"2025-03-27T11:49:52","date_gmt":"2025-03-27T11:49:52","guid":{"rendered":"https:\/\/www.metron-ks.com\/?post_type=product&#038;p=7584"},"modified":"2026-01-07T15:17:32","modified_gmt":"2026-01-07T15:17:32","slug":"tastiere-gaming-white-shark-ronin","status":"publish","type":"product","link":"https:\/\/www.metron-ks.com\/?product=tastiere-gaming-white-shark-ronin","title":{"rendered":"Tastier\u00eb Gaming White Shark Ronin, GK-2201 roz\u00eb"},"content":{"rendered":"<p>Numri i tasteve: 68<br \/>\nParaqitja kryesore: Kompakt<br \/>\nLloji i tastit: Membrane<br \/>\nJet\u00ebgjat\u00ebsia: Mbi 10 M shtypje<br \/>\nAnti-Ghosting: Po \/ 19 taste<br \/>\nNdri\u00e7imi: Efekti LED Rainbow<br \/>\nNgjyra: Roz\u00eb<br \/>\nMateriali: ABS plastike<br \/>\nInterface: USB 2.0<br \/>\nK\u00ebmb\u00eb shtes\u00eb n\u00eb ngritje: Po<br \/>\nGjat\u00ebsia e kabllit (m): 1,5<br \/>\nDimensionet (mm): 311x102x38<br \/>\nPesha (g): 470<\/p>\n","protected":false},"excerpt":{"rendered":"<p>Ronin, GK-2201<\/p>\n","protected":false},"featured_media":7585,"comment_status":"closed","ping_status":"closed","template":"","meta":[],"product_brand":[],"product_cat":[116,117],"product_tag":[],"class_list":{"0":"post-7584","1":"product","2":"type-product","3":"status-publish","4":"has-post-thumbnail","6":"product_cat-gaming","7":"product_cat-tastiere-gaming","9":"first","10":"instock","11":"shipping-taxable","12":"purchasable","13":"product-type-simple"},"_links":{"self":[{"href":"https:\/\/www.metron-ks.com\/index.php?rest_route=\/wp\/v2\/product\/7584","targetHints":{"allow":["GET"]}}],"collection":[{"href":"https:\/\/www.metron-ks.com\/index.php?rest_route=\/wp\/v2\/product"}],"about":[{"href":"https:\/\/www.metron-ks.com\/index.php?rest_route=\/wp\/v2\/types\/product"}],"replies":[{"embeddable":true,"href":"https:\/\/www.metron-ks.com\/index.php?rest_route=%2Fwp%2Fv2%2Fcomments&post=7584"}],"wp:featuredmedia":[{"embeddable":true,"href":"https:\/\/www.metron-ks.com\/index.php?rest_route=\/wp\/v2\/media\/7585"}],"wp:attachment":[{"href":"https:\/\/www.metron-ks.com\/index.php?rest_route=%2Fwp%2Fv2%2Fmedia&parent=7584"}],"wp:term":[{"taxonomy":"product_brand","embeddable":true,"href":"https:\/\/www.metron-ks.com\/index.php?rest_route=%2Fwp%2Fv2%2Fproduct_brand&post=7584"},{"taxonomy":"product_cat","embeddable":true,"href":"https:\/\/www.metron-ks.com\/index.php?rest_route=%2Fwp%2Fv2%2Fproduct_cat&post=7584"},{"taxonomy":"product_tag","embeddable":true,"href":"https:\/\/www.metron-ks.com\/index.php?rest_route=%2Fwp%2Fv2%2Fproduct_tag&post=7584"}],"curies":[{"name":"wp","href":"https:\/\/api.w.org\/{rel}","templated":true}]}}