{"id":7631,"date":"2025-05-22T12:36:11","date_gmt":"2025-05-22T12:36:11","guid":{"rendered":"https:\/\/www.metron-ks.com\/?post_type=product&#038;p=7631"},"modified":"2025-07-29T08:30:40","modified_gmt":"2025-07-29T08:30:40","slug":"kufje-gaming-wireless-white-shark-gh-2445-fox-2","status":"publish","type":"product","link":"https:\/\/www.metron-ks.com\/?product=kufje-gaming-wireless-white-shark-gh-2445-fox-2","title":{"rendered":"Kufje Gaming White Shark GH-2445 Fox"},"content":{"rendered":"<p>Zhytuni n\u00eb loj\u00eb me kufjet gaming stereo\u00a0White Shark FOX. Me degjuese 40 mm, mikrofon t\u00eb gjithansh\u00ebm dhe kontroll t\u00eb volumit n\u00eb vesh, ai jep tingull t\u00eb qart\u00eb dhe rehati. E nd\u00ebrtuar me eko-l\u00ebkur\u00eb dhe tekstil p\u00ebr q\u00ebndrueshm\u00ebri, \u00ebsht\u00eb e p\u00ebrkryer p\u00ebr PC, PS4\/5 dhe Mac. Q\u00ebndroni n\u00eb kontroll me nj\u00eb kabllo t\u00eb g\u00ebrshetuar dhe butonin\u00a0ON\/OFF t\u00eb mikrofonit.<\/p>\n<p>Lloji i kufjeve: Kufje Gaming stereo 2.0<br \/>\nShtrirtja e frekuenc\u00ebs (Hz): 20 &#8211; 20000<br \/>\nRezistenca e kufjeve (Ohm): 32 +\/- 15%<br \/>\nNdjeshm\u00ebria e kufjeve (dB): 106 +\/- 3<br \/>\nMadh\u00ebsia e degjueses (mm): 40<br \/>\nDimensionet e mikrofonit (mm): 6&#215;5<br \/>\nImpedanca e mikrofonit (Ohm): &lt;=2200<br \/>\nNdjeshm\u00ebria e mikrofonit (dB): -38 +\/- 2<br \/>\nModeli i marrjes MIC: Gjith\u00ebdrejtues<br \/>\nInterface: 3,5 mm (4pin) me p\u00ebrshtat\u00ebs 2x 3,5 mm mashkull me 3pin<br \/>\nGjat\u00ebsia e kabllit (m): 1.8<br \/>\nKabllo me g\u00ebrsheta: Po<br \/>\nKontrolli i volumit: N\u00eb kufje<br \/>\nMikrofon: Po<br \/>\nMateriali: plastik\u00eb, eko l\u00ebkur\u00eb, tekstil<br \/>\nNgjyra: Zeze<br \/>\nDimensionet (mm): 205x182x95<br \/>\nPesha (g): 280<br \/>\nNdri\u00e7im: Jo<br \/>\nT\u00eb tjera: Butoni ON\/OFF p\u00ebr mikrofonin, Kontrolli i volumit<br \/>\nP\u00ebrputhshm\u00ebria: PC, PS4\/5, MAC<\/p>\n","protected":false},"excerpt":{"rendered":"<p>GH-2445 Fox<\/p>\n","protected":false},"featured_media":7632,"comment_status":"closed","ping_status":"closed","template":"","meta":[],"product_brand":[],"product_cat":[118,116,131],"product_tag":[],"class_list":{"0":"post-7631","1":"product","2":"type-product","3":"status-publish","4":"has-post-thumbnail","6":"product_cat-aksesore","7":"product_cat-gaming","8":"product_cat-kufje-gaming","10":"first","11":"instock","12":"shipping-taxable","13":"purchasable","14":"product-type-simple"},"_links":{"self":[{"href":"https:\/\/www.metron-ks.com\/index.php?rest_route=\/wp\/v2\/product\/7631","targetHints":{"allow":["GET"]}}],"collection":[{"href":"https:\/\/www.metron-ks.com\/index.php?rest_route=\/wp\/v2\/product"}],"about":[{"href":"https:\/\/www.metron-ks.com\/index.php?rest_route=\/wp\/v2\/types\/product"}],"replies":[{"embeddable":true,"href":"https:\/\/www.metron-ks.com\/index.php?rest_route=%2Fwp%2Fv2%2Fcomments&post=7631"}],"wp:featuredmedia":[{"embeddable":true,"href":"https:\/\/www.metron-ks.com\/index.php?rest_route=\/wp\/v2\/media\/7632"}],"wp:attachment":[{"href":"https:\/\/www.metron-ks.com\/index.php?rest_route=%2Fwp%2Fv2%2Fmedia&parent=7631"}],"wp:term":[{"taxonomy":"product_brand","embeddable":true,"href":"https:\/\/www.metron-ks.com\/index.php?rest_route=%2Fwp%2Fv2%2Fproduct_brand&post=7631"},{"taxonomy":"product_cat","embeddable":true,"href":"https:\/\/www.metron-ks.com\/index.php?rest_route=%2Fwp%2Fv2%2Fproduct_cat&post=7631"},{"taxonomy":"product_tag","embeddable":true,"href":"https:\/\/www.metron-ks.com\/index.php?rest_route=%2Fwp%2Fv2%2Fproduct_tag&post=7631"}],"curies":[{"name":"wp","href":"https:\/\/api.w.org\/{rel}","templated":true}]}}