{"id":767,"date":"2023-03-06T22:23:13","date_gmt":"2023-03-06T22:23:13","guid":{"rendered":"https:\/\/www.metron-ks.com\/product\/maus-gaming-eshark-esl-m4-naginata-gaming\/"},"modified":"2025-01-03T14:56:36","modified_gmt":"2025-01-03T14:56:36","slug":"maus-gaming-eshark-esl-m4-naginata-gaming","status":"publish","type":"product","link":"https:\/\/www.metron-ks.com\/?product=maus-gaming-eshark-esl-m4-naginata-gaming","title":{"rendered":"Maus Gaming eShark ESL-M4 Naginata, gaming"},"content":{"rendered":"<p>Maus\u00a0jasht\u00ebzakonisht i leht\u00eb 60g i krijuar p\u00ebr nj\u00eb lojtar, fokusi kryesor i t\u00eb cilit \u00ebsht\u00eb performanca dhe rezultatet.<br \/>\nI pajisur me sensorin optik\u00a0Pixart PMW3389, t\u00eb b\u00ebr\u00eb p\u00ebr sakt\u00ebsi dhe shpejt\u00ebsi t\u00eb lart\u00eb.<\/p>\n<p>Ndri\u00e7im plot\u00ebsisht i p\u00ebrshtatsh\u00ebm RGB me 16.8 milion ngjyra. Me kalimin n\u00eb an\u00ebn e poshtme t\u00eb mausit, mund t\u00eb fikni plot\u00ebsisht ndri\u00e7imin ose t\u00eb ndizni ndri\u00e7imin me buton\u00a0t\u00eb ON \/ OFF. Me an\u00eb t\u00eb softuerit mund t\u00eb vendosni efekte t\u00eb ndryshme ndri\u00e7imi ose t\u00eb vendosni ngjyra t\u00eb ndryshme p\u00ebr secil\u00ebn cil\u00ebsim\u00a0t\u00eb DPI.<\/p>\n<p>16,000 DPI Pixart PMW3389 sensor optik me 400 IPS, p\u00ebrshpejtim 50G dhe\u00a01000Hz.<\/p>\n<p>NAGINATA \u00ebsht\u00eb e pajisur me gjasht\u00eb butona t\u00eb programuesh\u00ebm n\u00eb m\u00ebnyr\u00eb t\u00eb pavarur t\u00eb cilat mund t\u00eb p\u00ebrdoren gjithashtu si komanda makro. Butoni an\u00ebsor, mbrapa dhe p\u00ebrpara, s\u00eb bashku me butonin DPI, jan\u00eb vendosur ergonomikisht p\u00ebr p\u00ebrshtatje optimale dhe komoditet.<\/p>\n<p>Lloji i miut: Gaming 6D<br \/>\nChipset: Pixart PMW3389<br \/>\nLloji i sensorit: Optik<br \/>\nRezolucioni: Deri n\u00eb 16.000 DPI<br \/>\nPolling: 1000Hz<br \/>\nP\u00ebrshpejtimi (acceleration): 50G<br \/>\nJet\u00ebgjat\u00ebsia: 20 milion klikime &#8211; Butonat\u00a0OMRON<br \/>\nNdri\u00e7imi: RGB<br \/>\nInterface: USB 2.0<br \/>\nGjat\u00ebsia e kabllit: 1.8m<br \/>\nP\u00ebrmasat (mm): 126 x 65 x 39 mm<br \/>\nPesha: 60g<br \/>\nMateriali: Plastik\u00eb<br \/>\nNgjyra: E zez\u00eb<br \/>\nSoftware<\/p>\n","protected":false},"excerpt":{"rendered":"<p>Maus eShark ESL-M4 Naginata, gaming<\/p>\n","protected":false},"featured_media":2522,"comment_status":"closed","ping_status":"closed","template":"","meta":[],"product_brand":[],"product_cat":[116,124],"product_tag":[],"class_list":{"0":"post-767","1":"product","2":"type-product","3":"status-publish","4":"has-post-thumbnail","6":"product_cat-gaming","7":"product_cat-mouse-gaming","9":"first","10":"instock","11":"shipping-taxable","12":"purchasable","13":"product-type-simple"},"_links":{"self":[{"href":"https:\/\/www.metron-ks.com\/index.php?rest_route=\/wp\/v2\/product\/767","targetHints":{"allow":["GET"]}}],"collection":[{"href":"https:\/\/www.metron-ks.com\/index.php?rest_route=\/wp\/v2\/product"}],"about":[{"href":"https:\/\/www.metron-ks.com\/index.php?rest_route=\/wp\/v2\/types\/product"}],"replies":[{"embeddable":true,"href":"https:\/\/www.metron-ks.com\/index.php?rest_route=%2Fwp%2Fv2%2Fcomments&post=767"}],"wp:featuredmedia":[{"embeddable":true,"href":"https:\/\/www.metron-ks.com\/index.php?rest_route=\/wp\/v2\/media\/2522"}],"wp:attachment":[{"href":"https:\/\/www.metron-ks.com\/index.php?rest_route=%2Fwp%2Fv2%2Fmedia&parent=767"}],"wp:term":[{"taxonomy":"product_brand","embeddable":true,"href":"https:\/\/www.metron-ks.com\/index.php?rest_route=%2Fwp%2Fv2%2Fproduct_brand&post=767"},{"taxonomy":"product_cat","embeddable":true,"href":"https:\/\/www.metron-ks.com\/index.php?rest_route=%2Fwp%2Fv2%2Fproduct_cat&post=767"},{"taxonomy":"product_tag","embeddable":true,"href":"https:\/\/www.metron-ks.com\/index.php?rest_route=%2Fwp%2Fv2%2Fproduct_tag&post=767"}],"curies":[{"name":"wp","href":"https:\/\/api.w.org\/{rel}","templated":true}]}}