{"id":768,"date":"2023-03-06T22:23:13","date_gmt":"2023-03-06T22:23:13","guid":{"rendered":"https:\/\/www.metron-ks.com\/product\/maus-gaming-rgb-eshark-esl-m2-shinai-i-zi\/"},"modified":"2025-01-03T14:57:42","modified_gmt":"2025-01-03T14:57:42","slug":"maus-gaming-rgb-eshark-esl-m2-shinai-i-zi","status":"publish","type":"product","link":"https:\/\/www.metron-ks.com\/?product=maus-gaming-rgb-eshark-esl-m2-shinai-i-zi","title":{"rendered":"Maus Gaming RGB, eShark ESL-M2 Shinai, i zi"},"content":{"rendered":"<p>Nj\u00eb maus\u00a0simetrik minimalist i krijuar p\u00ebr nj\u00eb lojtar, fokusi kryesor i t\u00eb cilit \u00ebsht\u00eb performanca dhe rezultatet.<br \/>\nE pajisur me sensor t\u00eb shk\u00eblqyer optik Avago 3325 t\u00eb b\u00ebr\u00eb p\u00ebr sakt\u00ebsi dhe shpejt\u00ebsi t\u00eb lart\u00eb.<\/p>\n<p>P\u00ebrjetoni sensorin optik Avago 3325 t\u00eb nivelit t\u00eb sakt\u00eb t\u00eb lojrave me ndjeshm\u00ebri deri n\u00eb 7000 DPI.<\/p>\n<p>Shinai \u00ebsht\u00eb i pajisur me shtat\u00eb butona t\u00eb programuesh\u00ebm n\u00eb m\u00ebnyr\u00eb t\u00eb pavarur t\u00eb cilat gjithashtu mund t\u00eb p\u00ebrdoren si komanda makro. Butoni an\u00ebsor, mbrapa dhe p\u00ebrpara, s\u00eb bashku me butonat DPI, jan\u00eb vendosur n\u00eb m\u00ebnyr\u00eb ergonomike p\u00ebr p\u00ebrshtatje dhe leht\u00ebsi optimale.<\/p>\n<p>Secili buton mund t\u00eb konfigurohet n\u00eb softuerin SHINAI. Ndri\u00e7imi RGB mund t\u00eb vendoset q\u00eb t\u00eb p\u00ebrputhet me nj\u00eb nivel t\u00eb specifikuar t\u00eb DPI.<\/p>\n<p>Chipset: Avago 3325<br \/>\nLloji i sensorit: Optik<br \/>\nRezolucioni: 7000<br \/>\n1000 Hz Ultrapolling<br \/>\nP\u00ebrshpejtimi: 20g<br \/>\nJet\u00ebgjat\u00ebsia: Deri n\u00eb 5 milion her\u00eb<br \/>\nNdri\u00e7imi: RGB me 16.8 milion ngjyra t\u00eb personalizueshme<br \/>\nInterface: USB 2.0<br \/>\nGjat\u00ebsia e kabllit: 1,8m<br \/>\nP\u00ebrmasat (mm): 123 x 66 x 28<br \/>\nPesha: 133g<br \/>\nNgjyra: E zez\u00eb<br \/>\nSoftware<\/p>\n<p style=\"color: #222222; font-family: -apple-system, system-ui, BlinkMacSystemFont, 'Segoe UI', Roboto, 'Helvetica Neue', Arial, sans-serif; font-size: 16px;\">\n","protected":false},"excerpt":{"rendered":"<p>Maus eShark ESL-M2 Shinai, i zi<\/p>\n","protected":false},"featured_media":2533,"comment_status":"closed","ping_status":"closed","template":"","meta":[],"product_brand":[],"product_cat":[116,124],"product_tag":[],"class_list":{"0":"post-768","1":"product","2":"type-product","3":"status-publish","4":"has-post-thumbnail","6":"product_cat-gaming","7":"product_cat-mouse-gaming","9":"first","10":"instock","11":"shipping-taxable","12":"purchasable","13":"product-type-simple"},"_links":{"self":[{"href":"https:\/\/www.metron-ks.com\/index.php?rest_route=\/wp\/v2\/product\/768","targetHints":{"allow":["GET"]}}],"collection":[{"href":"https:\/\/www.metron-ks.com\/index.php?rest_route=\/wp\/v2\/product"}],"about":[{"href":"https:\/\/www.metron-ks.com\/index.php?rest_route=\/wp\/v2\/types\/product"}],"replies":[{"embeddable":true,"href":"https:\/\/www.metron-ks.com\/index.php?rest_route=%2Fwp%2Fv2%2Fcomments&post=768"}],"wp:featuredmedia":[{"embeddable":true,"href":"https:\/\/www.metron-ks.com\/index.php?rest_route=\/wp\/v2\/media\/2533"}],"wp:attachment":[{"href":"https:\/\/www.metron-ks.com\/index.php?rest_route=%2Fwp%2Fv2%2Fmedia&parent=768"}],"wp:term":[{"taxonomy":"product_brand","embeddable":true,"href":"https:\/\/www.metron-ks.com\/index.php?rest_route=%2Fwp%2Fv2%2Fproduct_brand&post=768"},{"taxonomy":"product_cat","embeddable":true,"href":"https:\/\/www.metron-ks.com\/index.php?rest_route=%2Fwp%2Fv2%2Fproduct_cat&post=768"},{"taxonomy":"product_tag","embeddable":true,"href":"https:\/\/www.metron-ks.com\/index.php?rest_route=%2Fwp%2Fv2%2Fproduct_tag&post=768"}],"curies":[{"name":"wp","href":"https:\/\/api.w.org\/{rel}","templated":true}]}}