{"id":7681,"date":"2025-05-22T14:02:22","date_gmt":"2025-05-22T14:02:22","guid":{"rendered":"https:\/\/www.metron-ks.com\/?post_type=product&#038;p=7681"},"modified":"2025-05-22T14:05:27","modified_gmt":"2025-05-22T14:05:27","slug":"kufje-gaming-baracuda-hydra-bgh-021-te-bardha","status":"publish","type":"product","link":"https:\/\/www.metron-ks.com\/?product=kufje-gaming-baracuda-hydra-bgh-021-te-bardha","title":{"rendered":"Kufje Gaming Baracuda Hydra BGH-021, t\u00eb bardha"},"content":{"rendered":"<p>Zhytuni n\u00eb loj\u00ebra me kufjet e gaming Baracuda Hydra. Stereo 2.0, siguron q\u00eb \u00e7do detaj t\u00eb d\u00ebgjohet. Dizajni elegant i zi, i leht\u00eb dhe efekt Rainbow LED i shtojn\u00eb hijeshi konfigurimit tuaj t\u00eb loj\u00ebrave. Kontrolli i z\u00ebrit n\u00eb kabllo p\u00ebrmir\u00ebson p\u00ebrvoj\u00ebn tuaj t\u00eb loj\u00ebs.<\/p>\n<p>Lloji i kufjeve: Kufje gaming stereo 2.0<br \/>\nShtrirja e frekuenc\u00ebs (Hz): 20 &#8211; 20000<br \/>\nRezistenca e kufjeve (Ohm): 32 +\/-15%<br \/>\nNdjeshm\u00ebria e kufjeve (dB): 98 +\/-<br \/>\nImpedanca e mikrofonit (Ohm): &lt;=2200<br \/>\nNdjeshm\u00ebria e mikrofonit (dB): -42 +\/- 3<br \/>\nOrientimi: I gjith\u00ebdrejtues<br \/>\nS\/N (dB): &gt;\/- 58<br \/>\nInterface: 2 x 3,5 mm + USB<br \/>\nGjat\u00ebsia e kabllit (m): 2<br \/>\nKontrolli i z\u00ebrit: N\u00eb kabllo<br \/>\nMikrofon: Po<br \/>\nMateriali: ABS plastike<br \/>\nNgjyra: E bardhe<br \/>\nPesha (g): 248<br \/>\nNdri\u00e7imi: Efekti RainbowLED<\/p>\n","protected":false},"excerpt":{"rendered":"<p>Hydra BGH-021<\/p>\n","protected":false},"featured_media":7682,"comment_status":"open","ping_status":"closed","template":"","meta":[],"product_brand":[],"product_cat":[118,116,131],"product_tag":[],"class_list":{"0":"post-7681","1":"product","2":"type-product","3":"status-publish","4":"has-post-thumbnail","6":"product_cat-aksesore","7":"product_cat-gaming","8":"product_cat-kufje-gaming","10":"first","11":"instock","12":"shipping-taxable","13":"purchasable","14":"product-type-simple"},"_links":{"self":[{"href":"https:\/\/www.metron-ks.com\/index.php?rest_route=\/wp\/v2\/product\/7681","targetHints":{"allow":["GET"]}}],"collection":[{"href":"https:\/\/www.metron-ks.com\/index.php?rest_route=\/wp\/v2\/product"}],"about":[{"href":"https:\/\/www.metron-ks.com\/index.php?rest_route=\/wp\/v2\/types\/product"}],"replies":[{"embeddable":true,"href":"https:\/\/www.metron-ks.com\/index.php?rest_route=%2Fwp%2Fv2%2Fcomments&post=7681"}],"wp:featuredmedia":[{"embeddable":true,"href":"https:\/\/www.metron-ks.com\/index.php?rest_route=\/wp\/v2\/media\/7682"}],"wp:attachment":[{"href":"https:\/\/www.metron-ks.com\/index.php?rest_route=%2Fwp%2Fv2%2Fmedia&parent=7681"}],"wp:term":[{"taxonomy":"product_brand","embeddable":true,"href":"https:\/\/www.metron-ks.com\/index.php?rest_route=%2Fwp%2Fv2%2Fproduct_brand&post=7681"},{"taxonomy":"product_cat","embeddable":true,"href":"https:\/\/www.metron-ks.com\/index.php?rest_route=%2Fwp%2Fv2%2Fproduct_cat&post=7681"},{"taxonomy":"product_tag","embeddable":true,"href":"https:\/\/www.metron-ks.com\/index.php?rest_route=%2Fwp%2Fv2%2Fproduct_tag&post=7681"}],"curies":[{"name":"wp","href":"https:\/\/api.w.org\/{rel}","templated":true}]}}