{"id":769,"date":"2023-03-06T22:23:14","date_gmt":"2023-03-06T22:23:14","guid":{"rendered":"https:\/\/www.metron-ks.com\/product\/maus-gaming-white-shark-gm-5003-azarah-rgb-6400dpi\/"},"modified":"2024-12-10T15:08:50","modified_gmt":"2024-12-10T15:08:50","slug":"maus-gaming-white-shark-gm-5003-azarah-rgb-6400dpi","status":"publish","type":"product","link":"https:\/\/www.metron-ks.com\/?product=maus-gaming-white-shark-gm-5003-azarah-rgb-6400dpi","title":{"rendered":"Maus Gaming White Shark GM-5003 Azarah, RGB, 6400DPI"},"content":{"rendered":"<p>&nbsp;<\/p>\n<p>Pajisur me 7 butona p\u00ebr veprim t\u00eb shpejt\u00eb gjat\u00eb loj\u00ebrave.<\/p>\n<p>Pajisur me sensorin optik t\u00eb shkall\u00ebs s\u00eb lojrave Sunplus 6651, i aft\u00eb deri n\u00eb 6400DPI.<\/p>\n<p>Butoni i rregulluesh\u00ebm DPI mund\u00ebson kalimin e qet\u00eb nd\u00ebrmjet 800\/1600\/2400\/3200\/4800\/6400 DPI, duke ju dh\u00ebn\u00eb nivelin e duhur t\u00eb sakt\u00ebsis\u00eb p\u00ebr cilindo loj\u00eb q\u00eb po luani.<\/p>\n<p>Ndri\u00e7im RGB me 16.8 mil. ngjyra t\u00eb ndryshme.<\/p>\n<p>P\u00ebrmir\u00ebson kontrollin duke parandaluar rr\u00ebshqitjen dhe rr\u00ebshqitjen e gisht\u00ebrinjve.<\/p>\n<p>Sensor : Optik\u00a0Sunplus 6651<br \/>\nRezolucion 800\/1600\/2400\/3200\/4800\/6400<br \/>\nNgjyra: Zez\u00eb<br \/>\nInterface: USB 2.0<br \/>\nMateriali: Plastik<br \/>\nGjat\u00ebsia e kabllos: 1.8m<br \/>\nPesha: 138g<\/p>\n","protected":false},"excerpt":{"rendered":"<p>GM-5003 Azarah, 6400DPI<\/p>\n","protected":false},"featured_media":2510,"comment_status":"closed","ping_status":"closed","template":"","meta":[],"product_brand":[],"product_cat":[116,124],"product_tag":[],"class_list":{"0":"post-769","1":"product","2":"type-product","3":"status-publish","4":"has-post-thumbnail","6":"product_cat-gaming","7":"product_cat-mouse-gaming","9":"first","10":"instock","11":"shipping-taxable","12":"purchasable","13":"product-type-simple"},"_links":{"self":[{"href":"https:\/\/www.metron-ks.com\/index.php?rest_route=\/wp\/v2\/product\/769","targetHints":{"allow":["GET"]}}],"collection":[{"href":"https:\/\/www.metron-ks.com\/index.php?rest_route=\/wp\/v2\/product"}],"about":[{"href":"https:\/\/www.metron-ks.com\/index.php?rest_route=\/wp\/v2\/types\/product"}],"replies":[{"embeddable":true,"href":"https:\/\/www.metron-ks.com\/index.php?rest_route=%2Fwp%2Fv2%2Fcomments&post=769"}],"wp:featuredmedia":[{"embeddable":true,"href":"https:\/\/www.metron-ks.com\/index.php?rest_route=\/wp\/v2\/media\/2510"}],"wp:attachment":[{"href":"https:\/\/www.metron-ks.com\/index.php?rest_route=%2Fwp%2Fv2%2Fmedia&parent=769"}],"wp:term":[{"taxonomy":"product_brand","embeddable":true,"href":"https:\/\/www.metron-ks.com\/index.php?rest_route=%2Fwp%2Fv2%2Fproduct_brand&post=769"},{"taxonomy":"product_cat","embeddable":true,"href":"https:\/\/www.metron-ks.com\/index.php?rest_route=%2Fwp%2Fv2%2Fproduct_cat&post=769"},{"taxonomy":"product_tag","embeddable":true,"href":"https:\/\/www.metron-ks.com\/index.php?rest_route=%2Fwp%2Fv2%2Fproduct_tag&post=769"}],"curies":[{"name":"wp","href":"https:\/\/api.w.org\/{rel}","templated":true}]}}