{"id":7763,"date":"2025-05-23T08:34:17","date_gmt":"2025-05-23T08:34:17","guid":{"rendered":"https:\/\/www.metron-ks.com\/?post_type=product&#038;p=7763"},"modified":"2025-05-23T08:38:30","modified_gmt":"2025-05-23T08:38:30","slug":"tastiere-gaming-baracuda-dolphin-e-bardhe-2","status":"publish","type":"product","link":"https:\/\/www.metron-ks.com\/?product=tastiere-gaming-baracuda-dolphin-e-bardhe-2","title":{"rendered":"Tastier\u00eb Gaming Baracuda Dolphin, e bardh\u00eb"},"content":{"rendered":"<p>Numri i tasteve: 61<br \/>\nLloji i tastit: Mekanik &#8211; i Kuq<br \/>\nAnti-Ghosting: Po \/ 22 taste<br \/>\nNdri\u00e7imi: Efekti Raibow &#8211; 17 m\u00ebnyra t\u00eb ndryshme<br \/>\nNgjyra: E zez\u00eb<br \/>\nMateriali: Plastik\u00eb<br \/>\nInterface: USB 2.0<br \/>\nK\u00ebmb\u00eb shtes\u00eb p\u00ebr ngritje: Po<br \/>\nGjat\u00ebsia e kabllit (m): 1.5<br \/>\nParaqitjet e disponueshme: US<br \/>\nDimensionet (mm): 290 x 99.5 x 36<br \/>\nPesha (g): 405<br \/>\nP\u00ebrputhshm\u00ebria: Windows 7 \/ 8 \/ 10 \/ 11, Mac OS, Chrome OS, Linux<\/p>\n","protected":false},"excerpt":{"rendered":"<p>DOLPHIN-B<\/p>\n","protected":false},"featured_media":7764,"comment_status":"open","ping_status":"closed","template":"","meta":[],"product_brand":[],"product_cat":[118,116,117],"product_tag":[],"class_list":{"0":"post-7763","1":"product","2":"type-product","3":"status-publish","4":"has-post-thumbnail","6":"product_cat-aksesore","7":"product_cat-gaming","8":"product_cat-tastiere-gaming","10":"first","11":"instock","12":"shipping-taxable","13":"purchasable","14":"product-type-simple"},"_links":{"self":[{"href":"https:\/\/www.metron-ks.com\/index.php?rest_route=\/wp\/v2\/product\/7763","targetHints":{"allow":["GET"]}}],"collection":[{"href":"https:\/\/www.metron-ks.com\/index.php?rest_route=\/wp\/v2\/product"}],"about":[{"href":"https:\/\/www.metron-ks.com\/index.php?rest_route=\/wp\/v2\/types\/product"}],"replies":[{"embeddable":true,"href":"https:\/\/www.metron-ks.com\/index.php?rest_route=%2Fwp%2Fv2%2Fcomments&post=7763"}],"wp:featuredmedia":[{"embeddable":true,"href":"https:\/\/www.metron-ks.com\/index.php?rest_route=\/wp\/v2\/media\/7764"}],"wp:attachment":[{"href":"https:\/\/www.metron-ks.com\/index.php?rest_route=%2Fwp%2Fv2%2Fmedia&parent=7763"}],"wp:term":[{"taxonomy":"product_brand","embeddable":true,"href":"https:\/\/www.metron-ks.com\/index.php?rest_route=%2Fwp%2Fv2%2Fproduct_brand&post=7763"},{"taxonomy":"product_cat","embeddable":true,"href":"https:\/\/www.metron-ks.com\/index.php?rest_route=%2Fwp%2Fv2%2Fproduct_cat&post=7763"},{"taxonomy":"product_tag","embeddable":true,"href":"https:\/\/www.metron-ks.com\/index.php?rest_route=%2Fwp%2Fv2%2Fproduct_tag&post=7763"}],"curies":[{"name":"wp","href":"https:\/\/api.w.org\/{rel}","templated":true}]}}