{"id":7772,"date":"2025-05-23T09:46:54","date_gmt":"2025-05-23T09:46:54","guid":{"rendered":"https:\/\/www.metron-ks.com\/?post_type=product&#038;p=7772"},"modified":"2025-05-23T09:46:54","modified_gmt":"2025-05-23T09:46:54","slug":"mikrofon-white-shark-gaming-udukku-dsm-04","status":"publish","type":"product","link":"https:\/\/www.metron-ks.com\/?product=mikrofon-white-shark-gaming-udukku-dsm-04","title":{"rendered":"Mikrofon White Shark Gaming Udukku DSM-04"},"content":{"rendered":"<p>Mikrofoni: Dinamik<br \/>\nModeli i kapjes: Kardioid<br \/>\nShtrirja e frekuenc\u00ebs (Hz): 40-16000<br \/>\nNdjeshm\u00ebria e mikrofonit (dB): XLR: -52 dBV\/Pa, USB: -10.5 dBFS\/Pa (Maks.)<br \/>\nSPL Maks.: 130 dB<br \/>\nShpejt\u00ebsia e biteve: 48 kHz \/ 24 bit-a<br \/>\nLidh\u00ebsi 1: USB C-&gt; USB C\/USB A<br \/>\nGjat\u00ebsia e kabllit (m): 2.5<br \/>\nPesha (g): 208<br \/>\nTjet\u00ebr: Mb\u00ebshtet\u00ebse portative, filt\u00ebr pop<\/p>\n","protected":false},"excerpt":{"rendered":"<p>DSM-04<\/p>\n","protected":false},"featured_media":7773,"comment_status":"open","ping_status":"closed","template":"","meta":[],"product_brand":[],"product_cat":[118,116,129],"product_tag":[],"class_list":{"0":"post-7772","1":"product","2":"type-product","3":"status-publish","4":"has-post-thumbnail","6":"product_cat-aksesore","7":"product_cat-gaming","8":"product_cat-mikrofon-gaming","10":"first","11":"instock","12":"shipping-taxable","13":"purchasable","14":"product-type-simple"},"_links":{"self":[{"href":"https:\/\/www.metron-ks.com\/index.php?rest_route=\/wp\/v2\/product\/7772","targetHints":{"allow":["GET"]}}],"collection":[{"href":"https:\/\/www.metron-ks.com\/index.php?rest_route=\/wp\/v2\/product"}],"about":[{"href":"https:\/\/www.metron-ks.com\/index.php?rest_route=\/wp\/v2\/types\/product"}],"replies":[{"embeddable":true,"href":"https:\/\/www.metron-ks.com\/index.php?rest_route=%2Fwp%2Fv2%2Fcomments&post=7772"}],"wp:featuredmedia":[{"embeddable":true,"href":"https:\/\/www.metron-ks.com\/index.php?rest_route=\/wp\/v2\/media\/7773"}],"wp:attachment":[{"href":"https:\/\/www.metron-ks.com\/index.php?rest_route=%2Fwp%2Fv2%2Fmedia&parent=7772"}],"wp:term":[{"taxonomy":"product_brand","embeddable":true,"href":"https:\/\/www.metron-ks.com\/index.php?rest_route=%2Fwp%2Fv2%2Fproduct_brand&post=7772"},{"taxonomy":"product_cat","embeddable":true,"href":"https:\/\/www.metron-ks.com\/index.php?rest_route=%2Fwp%2Fv2%2Fproduct_cat&post=7772"},{"taxonomy":"product_tag","embeddable":true,"href":"https:\/\/www.metron-ks.com\/index.php?rest_route=%2Fwp%2Fv2%2Fproduct_tag&post=7772"}],"curies":[{"name":"wp","href":"https:\/\/api.w.org\/{rel}","templated":true}]}}