{"id":779,"date":"2023-03-06T22:23:19","date_gmt":"2023-03-06T22:23:19","guid":{"rendered":"https:\/\/www.metron-ks.com\/product\/maus-gaming-white-shark-gm-9001-miyamoto5000-dpi\/"},"modified":"2025-01-03T15:04:22","modified_gmt":"2025-01-03T15:04:22","slug":"maus-gaming-white-shark-gm-9001-miyamoto5000-dpi","status":"publish","type":"product","link":"https:\/\/www.metron-ks.com\/?product=maus-gaming-white-shark-gm-9001-miyamoto5000-dpi","title":{"rendered":"Maus Gaming White Shark, Miyamoto, GM-9001, 5000DPI"},"content":{"rendered":"<p>&nbsp;<\/p>\n<p>Pamje elegante, form\u00eb ergonomike dhe i q\u00ebndrueshme<\/p>\n<p>Sensor optik SUNPLUS 6651 me cil\u00ebsi t\u00eb lart\u00eb p\u00ebr p\u00ebrvoj\u00ebn e fundit t\u00eb lojrave. Rregullime t\u00eb ndryshueshme t\u00eb nivelit t\u00eb ndjeshm\u00ebris\u00eb DPI nga 500 DPI n\u00eb maksimumin e ndjeshm\u00ebris\u00eb 5000 DPI.<\/p>\n<p>Ju jep mund\u00ebsin\u00eb p\u00ebr t\u00eb personalizuar miun p\u00ebr t&#8217;ju p\u00ebrshtatur nevojave tuaja.<\/p>\n<p>Ju mund ta rregulloni pesh\u00ebn e miut me gjasht\u00eb pesha 3.9 gram\u00eb.<\/p>\n<p>RGB<br \/>\nNj\u00eb drit\u00eb prapa e ndryshueshme n\u00eb mbi 16 milion ngjyra.<\/p>\n<p>P\u00ebrmir\u00ebson kontrollin duke parandaluar rr\u00ebshqitjen dhe rr\u00ebshqitjen e gisht\u00ebrinjve.<\/p>\n<p>Sensor : Optik\u00a0SUNPLUS 6651<br \/>\nRezolucion \u00a0500 \/ 1000 \/ 1600 \/ 2400 \/ 3200 \/ 4500 \/ 5000<br \/>\nInterface: USB 2.0<br \/>\nMateriali: Plastik<br \/>\nGjat\u00ebsia e kabllos: 1.5m<br \/>\nPesha: 127g\u00a0+ 6 x 3,9g pesha<\/p>\n","protected":false},"excerpt":{"rendered":"<p>Maus Gaming White Shark GM-9001 Miyamoto,5000 DPI<\/p>\n","protected":false},"featured_media":2465,"comment_status":"closed","ping_status":"closed","template":"","meta":[],"product_brand":[],"product_cat":[118,116,124],"product_tag":[],"class_list":{"0":"post-779","1":"product","2":"type-product","3":"status-publish","4":"has-post-thumbnail","6":"product_cat-aksesore","7":"product_cat-gaming","8":"product_cat-mouse-gaming","10":"first","11":"instock","12":"shipping-taxable","13":"purchasable","14":"product-type-simple"},"_links":{"self":[{"href":"https:\/\/www.metron-ks.com\/index.php?rest_route=\/wp\/v2\/product\/779","targetHints":{"allow":["GET"]}}],"collection":[{"href":"https:\/\/www.metron-ks.com\/index.php?rest_route=\/wp\/v2\/product"}],"about":[{"href":"https:\/\/www.metron-ks.com\/index.php?rest_route=\/wp\/v2\/types\/product"}],"replies":[{"embeddable":true,"href":"https:\/\/www.metron-ks.com\/index.php?rest_route=%2Fwp%2Fv2%2Fcomments&post=779"}],"wp:featuredmedia":[{"embeddable":true,"href":"https:\/\/www.metron-ks.com\/index.php?rest_route=\/wp\/v2\/media\/2465"}],"wp:attachment":[{"href":"https:\/\/www.metron-ks.com\/index.php?rest_route=%2Fwp%2Fv2%2Fmedia&parent=779"}],"wp:term":[{"taxonomy":"product_brand","embeddable":true,"href":"https:\/\/www.metron-ks.com\/index.php?rest_route=%2Fwp%2Fv2%2Fproduct_brand&post=779"},{"taxonomy":"product_cat","embeddable":true,"href":"https:\/\/www.metron-ks.com\/index.php?rest_route=%2Fwp%2Fv2%2Fproduct_cat&post=779"},{"taxonomy":"product_tag","embeddable":true,"href":"https:\/\/www.metron-ks.com\/index.php?rest_route=%2Fwp%2Fv2%2Fproduct_tag&post=779"}],"curies":[{"name":"wp","href":"https:\/\/api.w.org\/{rel}","templated":true}]}}