{"id":7844,"date":"2025-05-23T12:59:08","date_gmt":"2025-05-23T12:59:08","guid":{"rendered":"https:\/\/www.metron-ks.com\/?post_type=product&#038;p=7844"},"modified":"2025-05-23T12:59:08","modified_gmt":"2025-05-23T12:59:08","slug":"friteze-me-ajer-elit-nutrifry-af4000-e-zeze","status":"publish","type":"product","link":"https:\/\/www.metron-ks.com\/?product=friteze-me-ajer-elit-nutrifry-af4000-e-zeze","title":{"rendered":"Fritez\u00eb me aj\u00ebr ELIT NUTRIFRY AF4000, e zez\u00eb"},"content":{"rendered":"<p>Friteza\u00a0me aj\u00ebr t\u00eb nxeht\u00eb Elit NutriFry AF4000 ju lejon t\u00eb p\u00ebrgatitni ushqime t\u00eb shijshme dhe t\u00eb sh\u00ebndetshme me deri n\u00eb 80% m\u00eb pak yndyr\u00eb krahasuar me metodat tradicionale t\u00eb skuqjes. Fal\u00eb qarkullimit t\u00eb shpejt\u00eb t\u00eb ajrit dhe fuqis\u00eb prej 1350W, mund t\u00eb shijoni pjata krokante me m\u00eb pak konsum energjie.<\/p>\n<p>Kapaciteti prej 4 litrash \u00ebsht\u00eb i mjaftuesh\u00ebm p\u00ebr t\u00eb p\u00ebrgatitur vakte p\u00ebr t\u00eb gjith\u00eb familjen. Dritarja p\u00ebr t\u00eb kontrolluar procesin e gatimit ju lejon t\u00eb monitoroni p\u00ebrgatitjen e ushqimit pa e hapur fritezen, nd\u00ebrsa temperatura e rregullueshme nga 80\u00b0C n\u00eb 220\u00b0C siguron q\u00eb temperatura ideale t\u00eb mund t\u00eb rregullohet p\u00ebr lloje t\u00eb ndryshme ushqimesh.<\/p>\n<p>Friteza \u00ebsht\u00eb e pajisur me nj\u00eb koh\u00ebmat\u00ebs deri n\u00eb 60 minuta me sinjal p\u00ebrfundimi, duke ju lejuar t\u00eb kontrolloni me sakt\u00ebsi koh\u00ebn e gatimit. Tet\u00eb programe automatike e b\u00ebjn\u00eb t\u00eb leht\u00eb p\u00ebrgatitjen e nj\u00eb shum\u00ebllojshm\u00ebrie gatimesh, nd\u00ebrsa funksioni i kujtes\u00ebs p\u00ebr tundjen e ushqimit siguron gatim t\u00eb nj\u00ebtrajtsh\u00ebm.<\/p>\n<p>Ekrani i panelit t\u00eb kontrollit t\u00eb ndjesh\u00ebm ndaj prekjes dhe drita e brendshme e b\u00ebjn\u00eb p\u00ebrdorimin e fritezes\u00a0t\u00eb thjesht\u00eb dhe t\u00eb qart\u00eb. Tava e skar\u00ebs ka nj\u00eb shtres\u00eb jo-ngjit\u00ebse, e cila e b\u00ebn pastrimin dhe mir\u00ebmbajtjen e pajisjes t\u00eb leht\u00eb.<\/p>\n<p>P\u00ebr sigurin\u00eb tuaj, Elit NutriFry AF4000 ka mbrojtje t\u00eb integruar kund\u00ebr mbinxehjes, duke e b\u00ebr\u00eb t\u00eb sigurt p\u00ebr p\u00ebrdorim t\u00eb p\u00ebrditsh\u00ebm. Shijoni vakte t\u00eb sh\u00ebndetshme dhe t\u00eb shijshme me minimum p\u00ebrpjekje!<\/p>\n<p>Frites\u00eb dixhitale me aj\u00ebr me dritare<br \/>\nFurnizimi me energji elektrike 220-240V, 50\/60Hz, 1350W<br \/>\nKapaciteti: 4.0L,\u00a0 jo ngjit\u00ebse, kosh i ndash\u00ebm<br \/>\nKontrolli i temperatur\u00ebs 80-200\u2103<br \/>\nKoh\u00ebmat\u00ebsi deri n\u00eb 60 minuta.<br \/>\nGatimi shiko p\u00ebrmes funksionit<br \/>\n8 paracaktime gatimi<br \/>\nMe funksionin ALARM<br \/>\nSistemi i qarkullimit t\u00eb shpejt\u00eb t\u00eb ajrit p\u00ebr t\u00eb skuqur ushqimin m\u00eb shpejt dhe p\u00ebr t\u00eb kursyer energji<br \/>\nM\u00ebnyra e sh\u00ebndetshme p\u00ebr t\u00eb skuqur pa vaj dhe m\u00eb pak yndyr\u00eb 80%<br \/>\nQarqe mbrojt\u00ebse t\u00eb dyfishta p\u00ebr t\u00eb par\u00eb ushqimin e skuqur n\u00eb \u00e7do koh\u00eb<br \/>\nPjes\u00eb t\u00eb sigurta p\u00ebr lar\u00ebse en\u00ebsh<br \/>\nMbrojtje nga mbinxehja<br \/>\nK\u00ebmb\u00eb q\u00eb nuk rr\u00ebshqasin<br \/>\nDorez\u00eb me prekje t\u00eb ftoht\u00eb<\/p>\n","protected":false},"excerpt":{"rendered":"<p>AF4000<\/p>\n","protected":false},"featured_media":7845,"comment_status":"open","ping_status":"closed","template":"","meta":[],"product_brand":[],"product_cat":[118,214,136],"product_tag":[],"class_list":{"0":"post-7844","1":"product","2":"type-product","3":"status-publish","4":"has-post-thumbnail","6":"product_cat-aksesore","7":"product_cat-friteze","8":"product_cat-pajisje-shtepiake","10":"first","11":"instock","12":"shipping-taxable","13":"purchasable","14":"product-type-simple"},"_links":{"self":[{"href":"https:\/\/www.metron-ks.com\/index.php?rest_route=\/wp\/v2\/product\/7844","targetHints":{"allow":["GET"]}}],"collection":[{"href":"https:\/\/www.metron-ks.com\/index.php?rest_route=\/wp\/v2\/product"}],"about":[{"href":"https:\/\/www.metron-ks.com\/index.php?rest_route=\/wp\/v2\/types\/product"}],"replies":[{"embeddable":true,"href":"https:\/\/www.metron-ks.com\/index.php?rest_route=%2Fwp%2Fv2%2Fcomments&post=7844"}],"wp:featuredmedia":[{"embeddable":true,"href":"https:\/\/www.metron-ks.com\/index.php?rest_route=\/wp\/v2\/media\/7845"}],"wp:attachment":[{"href":"https:\/\/www.metron-ks.com\/index.php?rest_route=%2Fwp%2Fv2%2Fmedia&parent=7844"}],"wp:term":[{"taxonomy":"product_brand","embeddable":true,"href":"https:\/\/www.metron-ks.com\/index.php?rest_route=%2Fwp%2Fv2%2Fproduct_brand&post=7844"},{"taxonomy":"product_cat","embeddable":true,"href":"https:\/\/www.metron-ks.com\/index.php?rest_route=%2Fwp%2Fv2%2Fproduct_cat&post=7844"},{"taxonomy":"product_tag","embeddable":true,"href":"https:\/\/www.metron-ks.com\/index.php?rest_route=%2Fwp%2Fv2%2Fproduct_tag&post=7844"}],"curies":[{"name":"wp","href":"https:\/\/api.w.org\/{rel}","templated":true}]}}