{"id":791,"date":"2023-03-06T22:23:24","date_gmt":"2023-03-06T22:23:24","guid":{"rendered":"https:\/\/www.metron-ks.com\/product\/maus-optik-hama-mc-200-i-zi-182602\/"},"modified":"2025-01-03T15:12:52","modified_gmt":"2025-01-03T15:12:52","slug":"maus-optik-hama-mc-200-i-zi-182602","status":"publish","type":"product","link":"https:\/\/www.metron-ks.com\/?product=maus-optik-hama-mc-200-i-zi-182602","title":{"rendered":"Maus optik Hama &#8220;MC-200&#8221;, i zi 182602"},"content":{"rendered":"<p style=\"box-sizing: border-box; margin-right: 0px; margin-bottom: 16px; margin-left: 0px; text-rendering: optimizelegibility; -webkit-font-smoothing: antialiased; color: #606975; font-family: 'Maven Pro', Helvetica, Arial, sans-serif;\">Maus optik me 3 butona p\u00ebr kontrollim\u00a0te ndjesh\u00ebm dhe preciz. Nuk k\u00ebrkohet\u00a0softuer per instalim, thjesht futeni dhe filloni. I p\u00ebrshtatshem, i rehatshem dhe i leht\u00eb p\u00ebr navigim.<\/p>\n<p style=\"box-sizing: border-box; margin-right: 0px; margin-bottom: 16px; margin-left: 0px; text-rendering: optimizelegibility; -webkit-font-smoothing: antialiased; color: #606975; font-family: 'Maven Pro', Helvetica, Arial, sans-serif;\">DPI 1000<\/p>\n<p style=\"box-sizing: border-box; margin-right: 0px; margin-bottom: 16px; margin-left: 0px; text-rendering: optimizelegibility; -webkit-font-smoothing: antialiased; color: #606975; font-family: 'Maven Pro', Helvetica, Arial, sans-serif;\">Sistemet operative t\u00eb p\u00ebrputhshme: MAC OS 10.10 ose m\u00eb t\u00eb lart\u00eb \/ Windows 10\/8\/7<\/p>\n<p style=\"box-sizing: border-box; margin-right: 0px; margin-bottom: 16px; margin-left: 0px; text-rendering: optimizelegibility; -webkit-font-smoothing: antialiased; color: #606975; font-family: 'Maven Pro', Helvetica, Arial, sans-serif;\">Numri i butonave t\u00eb miut: 3 butona p\u00ebrfshir\u00eb rrot\u00ebn l\u00ebviz\u00ebse<\/p>\n<p style=\"box-sizing: border-box; margin-right: 0px; margin-bottom: 16px; margin-left: 0px; text-rendering: optimizelegibility; -webkit-font-smoothing: antialiased; color: #606975; font-family: 'Maven Pro', Helvetica, Arial, sans-serif;\">Per Djathtak\u00a0dhe majtak<\/p>\n<p style=\"box-sizing: border-box; margin-right: 0px; margin-bottom: 16px; margin-left: 0px; text-rendering: optimizelegibility; -webkit-font-smoothing: antialiased; color: #606975; font-family: 'Maven Pro', Helvetica, Arial, sans-serif;\">Sensori: Optik<\/p>\n<p>&nbsp;<\/p>\n","protected":false},"excerpt":{"rendered":"<p>Maus optik Hama &#8220;MC-200&#8221;, i zi 182602<\/p>\n","protected":false},"featured_media":2413,"comment_status":"closed","ping_status":"closed","template":"","meta":[],"product_brand":[],"product_cat":[118,149,141],"product_tag":[],"class_list":{"0":"post-791","1":"product","2":"type-product","3":"status-publish","4":"has-post-thumbnail","6":"product_cat-aksesore","7":"product_cat-mouse","8":"product_cat-pclaptop","10":"first","11":"instock","12":"shipping-taxable","13":"purchasable","14":"product-type-simple"},"_links":{"self":[{"href":"https:\/\/www.metron-ks.com\/index.php?rest_route=\/wp\/v2\/product\/791","targetHints":{"allow":["GET"]}}],"collection":[{"href":"https:\/\/www.metron-ks.com\/index.php?rest_route=\/wp\/v2\/product"}],"about":[{"href":"https:\/\/www.metron-ks.com\/index.php?rest_route=\/wp\/v2\/types\/product"}],"replies":[{"embeddable":true,"href":"https:\/\/www.metron-ks.com\/index.php?rest_route=%2Fwp%2Fv2%2Fcomments&post=791"}],"wp:featuredmedia":[{"embeddable":true,"href":"https:\/\/www.metron-ks.com\/index.php?rest_route=\/wp\/v2\/media\/2413"}],"wp:attachment":[{"href":"https:\/\/www.metron-ks.com\/index.php?rest_route=%2Fwp%2Fv2%2Fmedia&parent=791"}],"wp:term":[{"taxonomy":"product_brand","embeddable":true,"href":"https:\/\/www.metron-ks.com\/index.php?rest_route=%2Fwp%2Fv2%2Fproduct_brand&post=791"},{"taxonomy":"product_cat","embeddable":true,"href":"https:\/\/www.metron-ks.com\/index.php?rest_route=%2Fwp%2Fv2%2Fproduct_cat&post=791"},{"taxonomy":"product_tag","embeddable":true,"href":"https:\/\/www.metron-ks.com\/index.php?rest_route=%2Fwp%2Fv2%2Fproduct_tag&post=791"}],"curies":[{"name":"wp","href":"https:\/\/api.w.org\/{rel}","templated":true}]}}