{"id":7918,"date":"2025-05-23T14:17:03","date_gmt":"2025-05-23T14:17:03","guid":{"rendered":"https:\/\/www.metron-ks.com\/?post_type=product&#038;p=7918"},"modified":"2025-05-23T14:33:56","modified_gmt":"2025-05-23T14:33:56","slug":"cante-krahu-white-shark-defender-gbp-013-e-zeze","status":"publish","type":"product","link":"https:\/\/www.metron-ks.com\/?product=cante-krahu-white-shark-defender-gbp-013-e-zeze","title":{"rendered":"\u00c7ant\u00eb krahu White Shark Defender GBP-013, e zez\u00eb"},"content":{"rendered":"<p>P\u00ebr madh\u00ebsin\u00eb e laptopit: 20.0&#8221;<br \/>\nNgjyra: E zez\u00eb me detaje t\u00eb kuqe<br \/>\nNumri i ndarjeve: 1 x ndarje kryesore, 1 x ndarje n\u00eb pjes\u00ebn e pasme t\u00eb \u00e7ant\u00ebs s\u00eb shpin\u00ebs, 3 x ndarje shtes\u00eb n\u00eb pjes\u00ebn e p\u00ebrparme + xhepa rrjet\u00eb an\u00ebsore<br \/>\nMateriali: HQ najlon + 210D poliester<br \/>\nMaterial rezistent ndaj ujit: Po<br \/>\nDimensionet (mm): 370x510x170<br \/>\nTjet\u00ebr: Pjesa e pasme e mbushur e \u00e7ant\u00ebs, rripa t\u00eb mbushur t\u00eb shpatullave p\u00ebr rrjedhje m\u00eb t\u00eb mir\u00eb ajri, rrip mbrojt\u00ebs i gjoksit<\/p>\n","protected":false},"excerpt":{"rendered":"<p>GBP-013<\/p>\n","protected":false},"featured_media":7919,"comment_status":"open","ping_status":"closed","template":"","meta":[],"product_brand":[],"product_cat":[118,128,116],"product_tag":[],"class_list":{"0":"post-7918","1":"product","2":"type-product","3":"status-publish","4":"has-post-thumbnail","6":"product_cat-aksesore","7":"product_cat-cante-gaming","8":"product_cat-gaming","10":"first","11":"instock","12":"shipping-taxable","13":"purchasable","14":"product-type-simple"},"_links":{"self":[{"href":"https:\/\/www.metron-ks.com\/index.php?rest_route=\/wp\/v2\/product\/7918","targetHints":{"allow":["GET"]}}],"collection":[{"href":"https:\/\/www.metron-ks.com\/index.php?rest_route=\/wp\/v2\/product"}],"about":[{"href":"https:\/\/www.metron-ks.com\/index.php?rest_route=\/wp\/v2\/types\/product"}],"replies":[{"embeddable":true,"href":"https:\/\/www.metron-ks.com\/index.php?rest_route=%2Fwp%2Fv2%2Fcomments&post=7918"}],"wp:featuredmedia":[{"embeddable":true,"href":"https:\/\/www.metron-ks.com\/index.php?rest_route=\/wp\/v2\/media\/7919"}],"wp:attachment":[{"href":"https:\/\/www.metron-ks.com\/index.php?rest_route=%2Fwp%2Fv2%2Fmedia&parent=7918"}],"wp:term":[{"taxonomy":"product_brand","embeddable":true,"href":"https:\/\/www.metron-ks.com\/index.php?rest_route=%2Fwp%2Fv2%2Fproduct_brand&post=7918"},{"taxonomy":"product_cat","embeddable":true,"href":"https:\/\/www.metron-ks.com\/index.php?rest_route=%2Fwp%2Fv2%2Fproduct_cat&post=7918"},{"taxonomy":"product_tag","embeddable":true,"href":"https:\/\/www.metron-ks.com\/index.php?rest_route=%2Fwp%2Fv2%2Fproduct_tag&post=7918"}],"curies":[{"name":"wp","href":"https:\/\/api.w.org\/{rel}","templated":true}]}}