{"id":7928,"date":"2025-05-23T14:37:55","date_gmt":"2025-05-23T14:37:55","guid":{"rendered":"https:\/\/www.metron-ks.com\/?post_type=product&#038;p=7928"},"modified":"2025-05-23T14:37:55","modified_gmt":"2025-05-23T14:37:55","slug":"cante-krahu-sbox-valencia-nss-00276-e-zeze","status":"publish","type":"product","link":"https:\/\/www.metron-ks.com\/?product=cante-krahu-sbox-valencia-nss-00276-e-zeze","title":{"rendered":"\u00c7ant\u00eb krahu Sbox Valencia NSS-00276, e Zez\u00eb"},"content":{"rendered":"<p>\u00c7anta\u00a0SBOX Valencia \u00ebsht\u00eb partneri juaj i besuesh\u00ebm p\u00ebr pun\u00eb, shkoll\u00eb ose udh\u00ebtim. E projektuar p\u00ebr laptop\u00eb deri n\u00eb 18&#8243;, ajo p\u00ebrmban nj\u00eb ndarje kryesore t\u00eb bollshme, tre xhepa t\u00eb p\u00ebrparm\u00eb, dy mbajt\u00ebse rrjete an\u00ebsore dhe nj\u00eb mbules\u00eb t\u00eb brendshme p\u00ebr laptop. E prodhuar nga materiale me cil\u00ebsi t\u00eb lart\u00eb dhe rezistente ndaj ujit, ajo i mban sendet tuaja thelb\u00ebsore t\u00eb sigurta, t\u00eb thata dhe t\u00eb organizuara kudo q\u00eb t\u00eb shkoni.<\/p>\n<p>P\u00ebr madh\u00ebsin\u00eb e Laptopit: 18.0&#8221;<br \/>\nNumri i ndarjeve: 1 x ndarje kryesore me zinxhir + 3 x ndarje shtes\u00eb n\u00eb pjes\u00ebn e p\u00ebrparme + 2 xhepa rrjet\u00eb an\u00ebsore p\u00ebr shishe\/ombrell\u00eb + ndarje e brendshme p\u00ebr Laptop<br \/>\nMateriali: Najlon HQ<br \/>\nMaterial rezistent ndaj ujit: Po<br \/>\nDimensionet (mm): 355x460x120<br \/>\nMateriali i jasht\u00ebm: Poliester 210D<br \/>\nTjet\u00ebr: Pastroni me nj\u00eb leck\u00eb t\u00eb lagur<\/p>\n","protected":false},"excerpt":{"rendered":"<p>NSS-00276<\/p>\n","protected":false},"featured_media":7929,"comment_status":"open","ping_status":"closed","template":"","meta":[],"product_brand":[],"product_cat":[118,25,141],"product_tag":[],"class_list":{"0":"post-7928","1":"product","2":"type-product","3":"status-publish","4":"has-post-thumbnail","6":"product_cat-aksesore","7":"product_cat-cante","8":"product_cat-pclaptop","10":"first","11":"instock","12":"shipping-taxable","13":"purchasable","14":"product-type-simple"},"_links":{"self":[{"href":"https:\/\/www.metron-ks.com\/index.php?rest_route=\/wp\/v2\/product\/7928","targetHints":{"allow":["GET"]}}],"collection":[{"href":"https:\/\/www.metron-ks.com\/index.php?rest_route=\/wp\/v2\/product"}],"about":[{"href":"https:\/\/www.metron-ks.com\/index.php?rest_route=\/wp\/v2\/types\/product"}],"replies":[{"embeddable":true,"href":"https:\/\/www.metron-ks.com\/index.php?rest_route=%2Fwp%2Fv2%2Fcomments&post=7928"}],"wp:featuredmedia":[{"embeddable":true,"href":"https:\/\/www.metron-ks.com\/index.php?rest_route=\/wp\/v2\/media\/7929"}],"wp:attachment":[{"href":"https:\/\/www.metron-ks.com\/index.php?rest_route=%2Fwp%2Fv2%2Fmedia&parent=7928"}],"wp:term":[{"taxonomy":"product_brand","embeddable":true,"href":"https:\/\/www.metron-ks.com\/index.php?rest_route=%2Fwp%2Fv2%2Fproduct_brand&post=7928"},{"taxonomy":"product_cat","embeddable":true,"href":"https:\/\/www.metron-ks.com\/index.php?rest_route=%2Fwp%2Fv2%2Fproduct_cat&post=7928"},{"taxonomy":"product_tag","embeddable":true,"href":"https:\/\/www.metron-ks.com\/index.php?rest_route=%2Fwp%2Fv2%2Fproduct_tag&post=7928"}],"curies":[{"name":"wp","href":"https:\/\/api.w.org\/{rel}","templated":true}]}}