{"id":7968,"date":"2025-06-11T11:57:13","date_gmt":"2025-06-11T11:57:13","guid":{"rendered":"https:\/\/www.metron-ks.com\/?post_type=product&#038;p=7968"},"modified":"2025-06-11T11:58:21","modified_gmt":"2025-06-11T11:58:21","slug":"7968","status":"publish","type":"product","link":"https:\/\/www.metron-ks.com\/?product=7968","title":{"rendered":"Power Bank SWISSTEN 10.000mAh, 22.5W, PD, Power Line II"},"content":{"rendered":"<p>Power Bank SWISSTEN me nj\u00eb kapacitet 10,000 mAh do t&#8217;i mbaj\u00eb pajisjet tuaja t\u00eb furnizuara me energji edhe kur jeni n\u00eb l\u00ebvizje. Dizajni i saj kompakt dhe ekrani LED p\u00ebr monitorim t\u00eb leht\u00eb t\u00eb statusit t\u00eb bateris\u00eb e b\u00ebjn\u00eb at\u00eb nj\u00eb shoq\u00ebrues praktik p\u00ebr p\u00ebrdorim t\u00eb p\u00ebrditsh\u00ebm. P\u00ebr m\u00eb tep\u00ebr, ofron dalje t\u00eb shum\u00ebfishta dhe karikim t\u00eb shpejt\u00eb p\u00ebr mund\u00ebsi t\u00eb gjithanshme karikimi.<\/p>\n<p>Kapacitet i lart\u00eb prej 10,000 mAh<br \/>\nJu lejon t\u00eb karikoni pajisjet tuaja disa her\u00eb, k\u00ebshtu q\u00eb nuk keni pse t\u00eb shqet\u00ebsoheni .<\/p>\n<p>Karikim i shpejt\u00eb deri n\u00eb 22.5W<br \/>\nMe fuqi t\u00eb lart\u00eb dal\u00ebse, siguron rimbushje t\u00eb shpejt\u00eb t\u00eb energjis\u00eb p\u00ebr pajisjet tuaja, duke ju kursyer koh\u00eb dhe jet\u00ebgjat\u00ebsi t\u00eb bateris\u00eb.<\/p>\n<p>Material kompakt dhe i q\u00ebndruesh\u00ebm<br \/>\nI b\u00ebr\u00eb nga plastika rezistente ndaj zjarrit, ofron siguri maksimale dhe transportueshm\u00ebri t\u00eb leht\u00eb, duke e b\u00ebr\u00eb at\u00eb shoq\u00ebruesin ideal t\u00eb udh\u00ebtimit.<\/p>\n<p><strong>Specifikat<\/strong><br \/>\nKapaciteti: 10,000 mAh (3.7V, 37 Wh)<br \/>\nLloji i bateris\u00eb: Li-Polimer<br \/>\nDimensionet: 14.6 x 6.8 x 1.6 cm<br \/>\nPesha: 235 g<br \/>\nMateriali: Plastik ABS rezistent ndaj zjarrit + Polikarbonat<br \/>\nTreguesi i statusit t\u00eb karikimit: Ekran LED<br \/>\nKablloja e p\u00ebrfshir\u00eb: USB-C n\u00eb USB-C, 3A, 1m<\/p>\n<p><strong>Hyrjet:<\/strong><br \/>\nUSB-C: 5.0V DC 3.0A, 9.0V DC 2.0A \/ Maks. 18W<\/p>\n<p>Daljet:<br \/>\nUSB-A: 5.0V DC 3.0A, 9V DC 2.0A, 10V DC 2.25A, 12.0V DC 1.5A \/ Maks. 22.5W<br \/>\nUSB-A: 5.0V DC 3.0A, 9V DC 2.0A, 10V DC 2.25A, 12.0V DC 1.5A \/ Maks. 22.5W<br \/>\nUSB-C: 5.0V DC 3.0A, 9V DC 2.22A, 12V DC 1.67A \/ Maks. 20W<\/p>\n<p>PPS1: 5V &#8211; 5.9V DC 3A \/ Fuqia maksimale 17.7W<br \/>\nPPS2: 5V &#8211; 11V DC 2A \/ Fuqia maksimale 22W<\/p>\n","protected":false},"excerpt":{"rendered":"<p>22013946<\/p>\n","protected":false},"featured_media":7969,"comment_status":"open","ping_status":"closed","template":"","meta":[],"product_brand":[],"product_cat":[118,113,153],"product_tag":[],"class_list":{"0":"post-7968","1":"product","2":"type-product","3":"status-publish","4":"has-post-thumbnail","6":"product_cat-aksesore","7":"product_cat-celulartabletnavigim","8":"product_cat-power-bank","10":"first","11":"instock","12":"shipping-taxable","13":"purchasable","14":"product-type-simple"},"_links":{"self":[{"href":"https:\/\/www.metron-ks.com\/index.php?rest_route=\/wp\/v2\/product\/7968","targetHints":{"allow":["GET"]}}],"collection":[{"href":"https:\/\/www.metron-ks.com\/index.php?rest_route=\/wp\/v2\/product"}],"about":[{"href":"https:\/\/www.metron-ks.com\/index.php?rest_route=\/wp\/v2\/types\/product"}],"replies":[{"embeddable":true,"href":"https:\/\/www.metron-ks.com\/index.php?rest_route=%2Fwp%2Fv2%2Fcomments&post=7968"}],"wp:featuredmedia":[{"embeddable":true,"href":"https:\/\/www.metron-ks.com\/index.php?rest_route=\/wp\/v2\/media\/7969"}],"wp:attachment":[{"href":"https:\/\/www.metron-ks.com\/index.php?rest_route=%2Fwp%2Fv2%2Fmedia&parent=7968"}],"wp:term":[{"taxonomy":"product_brand","embeddable":true,"href":"https:\/\/www.metron-ks.com\/index.php?rest_route=%2Fwp%2Fv2%2Fproduct_brand&post=7968"},{"taxonomy":"product_cat","embeddable":true,"href":"https:\/\/www.metron-ks.com\/index.php?rest_route=%2Fwp%2Fv2%2Fproduct_cat&post=7968"},{"taxonomy":"product_tag","embeddable":true,"href":"https:\/\/www.metron-ks.com\/index.php?rest_route=%2Fwp%2Fv2%2Fproduct_tag&post=7968"}],"curies":[{"name":"wp","href":"https:\/\/api.w.org\/{rel}","templated":true}]}}