{"id":7986,"date":"2025-06-25T08:01:01","date_gmt":"2025-06-25T08:01:01","guid":{"rendered":"https:\/\/www.metron-ks.com\/?post_type=product&#038;p=7986"},"modified":"2025-06-25T08:01:02","modified_gmt":"2025-06-25T08:01:02","slug":"reket-elektrik-kunder-insekteve-meanit-r1","status":"publish","type":"product","link":"https:\/\/www.metron-ks.com\/?product=reket-elektrik-kunder-insekteve-meanit-r1","title":{"rendered":"Reket elektrik kund\u00ebr insekteve , meanIT R1"},"content":{"rendered":"<p>Bateri e integruar e rikarikueshme Li-ion 1200mAh<br \/>\nReketa gjithashtu ka nj\u00eb stend\u00eb n\u00eb t\u00eb cil\u00ebn q\u00ebndron n\u00eb modalitetin automatik.<br \/>\nDrit\u00eb LED vjollc\u00eb p\u00ebr t\u00eb t\u00ebrhequr insektet<br \/>\nPajisja ka dy m\u00ebnyra funksionimi, automatike-t\u00eb vazhdueshme<br \/>\ndhe manualisht me shtypjen e nj\u00eb butoni<br \/>\nDuke ndezur reket\u00ebn, rrjeta me tension t\u00eb lart\u00eb b\u00ebhet<br \/>\naktiv dhe shkat\u00ebrron insektet me nj\u00eb goditje elektrike<\/p>\n","protected":false},"excerpt":{"rendered":"<p>R1<\/p>\n","protected":false},"featured_media":7987,"comment_status":"closed","ping_status":"closed","template":"","meta":[],"product_brand":[],"product_cat":[174,118,136],"product_tag":[],"class_list":{"0":"post-7986","1":"product","2":"type-product","3":"status-publish","4":"has-post-thumbnail","6":"product_cat-aksesor","7":"product_cat-aksesore","8":"product_cat-pajisje-shtepiake","10":"first","11":"instock","12":"shipping-taxable","13":"purchasable","14":"product-type-simple"},"_links":{"self":[{"href":"https:\/\/www.metron-ks.com\/index.php?rest_route=\/wp\/v2\/product\/7986","targetHints":{"allow":["GET"]}}],"collection":[{"href":"https:\/\/www.metron-ks.com\/index.php?rest_route=\/wp\/v2\/product"}],"about":[{"href":"https:\/\/www.metron-ks.com\/index.php?rest_route=\/wp\/v2\/types\/product"}],"replies":[{"embeddable":true,"href":"https:\/\/www.metron-ks.com\/index.php?rest_route=%2Fwp%2Fv2%2Fcomments&post=7986"}],"wp:featuredmedia":[{"embeddable":true,"href":"https:\/\/www.metron-ks.com\/index.php?rest_route=\/wp\/v2\/media\/7987"}],"wp:attachment":[{"href":"https:\/\/www.metron-ks.com\/index.php?rest_route=%2Fwp%2Fv2%2Fmedia&parent=7986"}],"wp:term":[{"taxonomy":"product_brand","embeddable":true,"href":"https:\/\/www.metron-ks.com\/index.php?rest_route=%2Fwp%2Fv2%2Fproduct_brand&post=7986"},{"taxonomy":"product_cat","embeddable":true,"href":"https:\/\/www.metron-ks.com\/index.php?rest_route=%2Fwp%2Fv2%2Fproduct_cat&post=7986"},{"taxonomy":"product_tag","embeddable":true,"href":"https:\/\/www.metron-ks.com\/index.php?rest_route=%2Fwp%2Fv2%2Fproduct_tag&post=7986"}],"curies":[{"name":"wp","href":"https:\/\/api.w.org\/{rel}","templated":true}]}}