{"id":799,"date":"2023-03-06T22:23:27","date_gmt":"2023-03-06T22:23:27","guid":{"rendered":"https:\/\/www.metron-ks.com\/product\/maus-white-gaming-shark-marcus-2-gm-5005-6400dpi\/"},"modified":"2024-12-10T15:06:38","modified_gmt":"2024-12-10T15:06:38","slug":"maus-white-gaming-shark-marcus-2-gm-5005-6400dpi","status":"publish","type":"product","link":"https:\/\/www.metron-ks.com\/?product=maus-white-gaming-shark-marcus-2-gm-5005-6400dpi","title":{"rendered":"Maus Gaming White Shark, Marcus, GM-1606, 4800DPI"},"content":{"rendered":"<p>Pajisur me 7 butona p\u00ebr veprim t\u00eb shpejt\u00eb gjat\u00eb loj\u00ebrave.<\/p>\n<p>Pajisur me sensorin optik t\u00eb shkall\u00ebs s\u00eb lojrave Sunplus 199, i aft\u00eb deri n\u00eb 6400DPI.<\/p>\n<p>Butoni i rregulluesh\u00ebm DPI mund\u00ebson kalimin nd\u00ebrmjet 800\/1600\/2400\/3200\/4800\/6400 DPI, duke ju dh\u00ebn\u00eb nivelin e duhur t\u00eb sakt\u00ebsis\u00eb p\u00ebr cil\u00ebndo loj\u00eb q\u00eb po luani.<\/p>\n<p>Ndri\u00e7im RGB me 16,8 mil. ngjyra.<\/p>\n<p>Veshur me gom\u00eb q\u00eb\u00a0p\u00ebrmir\u00ebson kontrollin duke parandaluar rr\u00ebshqitjen dhe rr\u00ebshqitjen e gisht\u00ebrinjve.<\/p>\n<p>Gjat\u00ebsia e kabllos: 1.5\u00a0 m<\/p>\n<p>Pesha:144 g<\/p>\n<p>Materiali: Plastik<\/p>\n<p>Interface: USB 2.0<\/p>\n<p>Dimensionet [mm]:\u00a0130 mm x 90 mm x 38mm<\/p>\n","protected":false},"excerpt":{"rendered":"<p>Marcus 2, GM-5005, 6400 Dpi<\/p>\n","protected":false},"featured_media":2394,"comment_status":"closed","ping_status":"closed","template":"","meta":[],"product_brand":[],"product_cat":[118,116,124],"product_tag":[],"class_list":{"0":"post-799","1":"product","2":"type-product","3":"status-publish","4":"has-post-thumbnail","6":"product_cat-aksesore","7":"product_cat-gaming","8":"product_cat-mouse-gaming","10":"first","11":"instock","12":"shipping-taxable","13":"purchasable","14":"product-type-simple"},"_links":{"self":[{"href":"https:\/\/www.metron-ks.com\/index.php?rest_route=\/wp\/v2\/product\/799","targetHints":{"allow":["GET"]}}],"collection":[{"href":"https:\/\/www.metron-ks.com\/index.php?rest_route=\/wp\/v2\/product"}],"about":[{"href":"https:\/\/www.metron-ks.com\/index.php?rest_route=\/wp\/v2\/types\/product"}],"replies":[{"embeddable":true,"href":"https:\/\/www.metron-ks.com\/index.php?rest_route=%2Fwp%2Fv2%2Fcomments&post=799"}],"wp:featuredmedia":[{"embeddable":true,"href":"https:\/\/www.metron-ks.com\/index.php?rest_route=\/wp\/v2\/media\/2394"}],"wp:attachment":[{"href":"https:\/\/www.metron-ks.com\/index.php?rest_route=%2Fwp%2Fv2%2Fmedia&parent=799"}],"wp:term":[{"taxonomy":"product_brand","embeddable":true,"href":"https:\/\/www.metron-ks.com\/index.php?rest_route=%2Fwp%2Fv2%2Fproduct_brand&post=799"},{"taxonomy":"product_cat","embeddable":true,"href":"https:\/\/www.metron-ks.com\/index.php?rest_route=%2Fwp%2Fv2%2Fproduct_cat&post=799"},{"taxonomy":"product_tag","embeddable":true,"href":"https:\/\/www.metron-ks.com\/index.php?rest_route=%2Fwp%2Fv2%2Fproduct_tag&post=799"}],"curies":[{"name":"wp","href":"https:\/\/api.w.org\/{rel}","templated":true}]}}