{"id":8029,"date":"2025-07-16T07:05:08","date_gmt":"2025-07-16T07:05:08","guid":{"rendered":"https:\/\/www.metron-ks.com\/?post_type=product&#038;p=8029"},"modified":"2025-07-16T07:30:48","modified_gmt":"2025-07-16T07:30:48","slug":"d-link-hotspot-150-mbps-4g-lte-mobile-wifi","status":"publish","type":"product","link":"https:\/\/www.metron-ks.com\/?product=d-link-hotspot-150-mbps-4g-lte-mobile-wifi","title":{"rendered":"D-Link Hotspot 150 Mbps 4G LTE Mobile WiFi, DWR-932"},"content":{"rendered":"<p>DWR-932 4G LTE Mobile Wi-Fi Hotspot i D-Link me 150 Mbps ju lejon t\u00eb lidheni dhe t\u00eb ndani internet celular 4G LTE super t\u00eb shpejt\u00eb me shpejt\u00ebsi shkarkimi deri n\u00eb 150 Mbps, duke ju lejuar t\u00eb transmetoni muzik\u00eb\/video, t\u00eb luani loj\u00ebra online, t\u00eb shkarkoni dhe ngarkoni te dhena n\u00eb pajisje t\u00eb shumta nga kudo me shpejt\u00ebsi m\u00eb t\u00eb larta.<\/p>\n<p>Krijo Hotspot-in t\u00ebnd<\/p>\n<p>Hotspot-i DWR-932 4G LTE Mobile Wi-Fi 150 Mbps \u00ebsht\u00eb nj\u00eb hotspot celular Wi-Fi me shpejt\u00ebsi t\u00eb lart\u00eb 4G\/LTE me brez t\u00eb gjer\u00eb. DWR-932 p\u00ebrdor nj\u00eb lidhje interneti 4G p\u00ebr t&#8217;ju dh\u00ebn\u00eb nj\u00eb rrjet Wi-Fi t\u00eb thjesht\u00eb, t\u00eb shpejt\u00eb dhe t\u00eb larg\u00ebt.<\/p>\n<h3 data-start=\"73\" data-end=\"133\"><strong data-start=\"77\" data-end=\"133\">Specifikat<\/strong><\/h3>\n<p data-start=\"137\" data-end=\"182\"><strong data-start=\"137\" data-end=\"169\">Standardi i rrjetit pa tela:<\/strong> Wireless N<\/p>\n<p data-start=\"185\" data-end=\"249\"><strong data-start=\"185\" data-end=\"214\">Mb\u00ebshtetja p\u00ebr 3G\/4G LTE:<\/strong> 3G\/4G LTE n\u00ebp\u00ebrmjet kartel\u00ebs SIM<\/p>\n<p data-start=\"252\" data-end=\"339\"><strong data-start=\"252\" data-end=\"272\">Lloji i anten\u00ebs:<\/strong> Antena t\u00eb brendshme me drejtim t\u00eb gjithansh\u00ebm (omni-directional)<\/p>\n<p data-start=\"342\" data-end=\"408\"><strong data-start=\"342\" data-end=\"375\">Shpejt\u00ebsia e rrjetit pa tela:<\/strong> 300 Mbps n\u00eb frekuenc\u00ebn 2.4 GHz<\/p>\n<p data-start=\"411\" data-end=\"452\"><strong data-start=\"411\" data-end=\"439\">DAS i trupit (Body SAR):<\/strong> 1.411 W\/kg<\/p>\n","protected":false},"excerpt":{"rendered":"<p>DWR-932<\/p>\n","protected":false},"featured_media":8026,"comment_status":"closed","ping_status":"closed","template":"","meta":[],"product_brand":[],"product_cat":[118,120,123],"product_tag":[],"class_list":{"0":"post-8029","1":"product","2":"type-product","3":"status-publish","4":"has-post-thumbnail","6":"product_cat-aksesore","7":"product_cat-pajisje-rrjeti","8":"product_cat-router-pajisje-rrjeti","10":"first","11":"instock","12":"shipping-taxable","13":"purchasable","14":"product-type-simple"},"_links":{"self":[{"href":"https:\/\/www.metron-ks.com\/index.php?rest_route=\/wp\/v2\/product\/8029","targetHints":{"allow":["GET"]}}],"collection":[{"href":"https:\/\/www.metron-ks.com\/index.php?rest_route=\/wp\/v2\/product"}],"about":[{"href":"https:\/\/www.metron-ks.com\/index.php?rest_route=\/wp\/v2\/types\/product"}],"replies":[{"embeddable":true,"href":"https:\/\/www.metron-ks.com\/index.php?rest_route=%2Fwp%2Fv2%2Fcomments&post=8029"}],"wp:featuredmedia":[{"embeddable":true,"href":"https:\/\/www.metron-ks.com\/index.php?rest_route=\/wp\/v2\/media\/8026"}],"wp:attachment":[{"href":"https:\/\/www.metron-ks.com\/index.php?rest_route=%2Fwp%2Fv2%2Fmedia&parent=8029"}],"wp:term":[{"taxonomy":"product_brand","embeddable":true,"href":"https:\/\/www.metron-ks.com\/index.php?rest_route=%2Fwp%2Fv2%2Fproduct_brand&post=8029"},{"taxonomy":"product_cat","embeddable":true,"href":"https:\/\/www.metron-ks.com\/index.php?rest_route=%2Fwp%2Fv2%2Fproduct_cat&post=8029"},{"taxonomy":"product_tag","embeddable":true,"href":"https:\/\/www.metron-ks.com\/index.php?rest_route=%2Fwp%2Fv2%2Fproduct_tag&post=8029"}],"curies":[{"name":"wp","href":"https:\/\/api.w.org\/{rel}","templated":true}]}}