{"id":8041,"date":"2025-07-21T07:35:48","date_gmt":"2025-07-21T07:35:48","guid":{"rendered":"https:\/\/www.metron-ks.com\/?post_type=product&#038;p=8041"},"modified":"2025-07-21T07:48:15","modified_gmt":"2025-07-21T07:48:15","slug":"samsung-galaxy-watch-8-40mm-i-bardhe","status":"publish","type":"product","link":"https:\/\/www.metron-ks.com\/?product=samsung-galaxy-watch-8-40mm-i-bardhe","title":{"rendered":"Samsung Galaxy Watch 8, 40mm, i argjendt\u00eb"},"content":{"rendered":"<h4 data-start=\"113\" data-end=\"131\">\ud83d\udcf1 <strong data-start=\"121\" data-end=\"131\">Ekrani<\/strong><\/h4>\n<ul data-start=\"132\" data-end=\"235\">\n<li data-start=\"132\" data-end=\"179\">\n<p data-start=\"134\" data-end=\"179\"><strong data-start=\"134\" data-end=\"144\">Lloji:<\/strong> Super AMOLED, me ngjyra t\u00eb plota<\/p>\n<\/li>\n<li data-start=\"180\" data-end=\"235\">\n<p data-start=\"182\" data-end=\"235\"><strong data-start=\"182\" data-end=\"193\">Ve\u00e7ori:<\/strong> Ekran gjithmon\u00eb aktiv (Always On Display)<\/p>\n<\/li>\n<\/ul>\n<h4 data-start=\"237\" data-end=\"256\">\ud83d\udd0b <strong data-start=\"245\" data-end=\"256\">Bateria<\/strong><\/h4>\n<ul data-start=\"257\" data-end=\"341\">\n<li data-start=\"257\" data-end=\"284\">\n<p data-start=\"259\" data-end=\"284\"><strong data-start=\"259\" data-end=\"274\">Kapaciteti:<\/strong> 325 mAh<\/p>\n<\/li>\n<li data-start=\"285\" data-end=\"341\">\n<p data-start=\"287\" data-end=\"341\"><strong data-start=\"287\" data-end=\"309\">Karikim i shpejt\u00eb:<\/strong> Karikim me val\u00eb i bazuar n\u00eb WPC<\/p>\n<\/li>\n<\/ul>\n<h4 data-start=\"343\" data-end=\"362\">\ud83e\udde0 <strong data-start=\"351\" data-end=\"362\">Memorje<\/strong><\/h4>\n<ul data-start=\"363\" data-end=\"423\">\n<li data-start=\"363\" data-end=\"380\">\n<p data-start=\"365\" data-end=\"380\"><strong data-start=\"365\" data-end=\"373\">RAM:<\/strong> 2 GB<\/p>\n<\/li>\n<li data-start=\"381\" data-end=\"423\">\n<p data-start=\"383\" data-end=\"423\"><strong data-start=\"383\" data-end=\"407\">Memorje e brendshme:<\/strong> 32 GB kapacitet<\/p>\n<\/li>\n<\/ul>\n<h4 data-start=\"425\" data-end=\"453\">\ud83d\udccf <strong data-start=\"433\" data-end=\"453\">P\u00ebrmasat &amp; Pesha<\/strong><\/h4>\n<ul data-start=\"454\" data-end=\"522\">\n<li data-start=\"454\" data-end=\"498\">\n<p data-start=\"456\" data-end=\"498\"><strong data-start=\"456\" data-end=\"469\">P\u00ebrmasat:<\/strong> 40.4 mm x 42.7 mm x 8.6 mm<\/p>\n<\/li>\n<li data-start=\"499\" data-end=\"522\">\n<p data-start=\"501\" data-end=\"522\"><strong data-start=\"501\" data-end=\"511\">Pesha:<\/strong> 30.0 gram\u00eb<\/p>\n<\/li>\n<\/ul>\n<h4 data-start=\"524\" data-end=\"552\">\u2699\ufe0f <strong data-start=\"532\" data-end=\"552\">Sistemi Operativ<\/strong><\/h4>\n<ul data-start=\"553\" data-end=\"652\">\n<li data-start=\"553\" data-end=\"621\">\n<p data-start=\"555\" data-end=\"621\"><strong data-start=\"555\" data-end=\"576\">Sistemi operativ:<\/strong> Wear OS i fuqizuar nga Samsung (Wear OS 6)<\/p>\n<\/li>\n<li data-start=\"622\" data-end=\"652\">\n<p data-start=\"624\" data-end=\"652\"><strong data-start=\"624\" data-end=\"637\">Interface:<\/strong> One UI 8 Watch<\/p>\n<\/li>\n<\/ul>\n<h4 data-start=\"654\" data-end=\"695\">\ud83e\ude7a <strong data-start=\"662\" data-end=\"695\">Sensor\u00eb &amp; Ve\u00e7ori Sh\u00ebndet\u00ebsore<\/strong><\/h4>\n<ul>\n<li style=\"list-style-type: none;\">\n<ul data-start=\"731\" data-end=\"846\">\n<li data-start=\"731\" data-end=\"771\">\n<p data-start=\"733\" data-end=\"771\">Samsung BioActive Sensor (Optical Bio-signal Sensor + Electrical Heart Signal<br \/>\n+ Bioelectrical Impedance Analysis), Temperature Sensor, Accelerometer,<br \/>\nBarometer, Gyro Sensor, Geomagnetic Sensor, Light Sensor<\/p>\n<\/li>\n<\/ul>\n<\/li>\n<\/ul>\n<h4 data-start=\"990\" data-end=\"1015\">\ud83d\udcaa <strong data-start=\"998\" data-end=\"1015\">Q\u00ebndrueshm\u00ebri<\/strong><\/h4>\n<ul data-start=\"1016\" data-end=\"1110\">\n<li data-start=\"1016\" data-end=\"1070\">\n<p data-start=\"1018\" data-end=\"1070\"><strong data-start=\"1018\" data-end=\"1056\">Rezistenc\u00eb ndaj ujit dhe pluhurit:<\/strong> 5ATM + IP68<\/p>\n<\/li>\n<li data-start=\"1071\" data-end=\"1110\">\n<p data-start=\"1073\" data-end=\"1110\"><strong data-start=\"1073\" data-end=\"1097\">Standarde ushtarake:<\/strong> MIL-STD-810H<\/p>\n<\/li>\n<\/ul>\n<h4 data-start=\"1112\" data-end=\"1137\">\ud83d\udcf1 <strong data-start=\"1120\" data-end=\"1137\">P\u00ebrputhshm\u00ebri<\/strong><\/h4>\n<ul data-start=\"1138\" data-end=\"1216\">\n<li data-start=\"1138\" data-end=\"1190\">\n<p data-start=\"1140\" data-end=\"1190\">Pajisjet Android me version 12.0 ose m\u00eb t\u00eb lart\u00eb<\/p>\n<\/li>\n<li data-start=\"1191\" data-end=\"1216\">\n<p data-start=\"1193\" data-end=\"1216\">Me t\u00eb pakt\u00ebn 1.5 GB RAM<\/p>\n<\/li>\n<\/ul>\n","protected":false},"excerpt":{"rendered":"<p>SM-L320NZSAEUC<\/p>\n","protected":false},"featured_media":8043,"comment_status":"closed","ping_status":"closed","template":"","meta":[],"product_brand":[],"product_cat":[118,66,114],"product_tag":[],"class_list":{"0":"post-8041","1":"product","2":"type-product","3":"status-publish","4":"has-post-thumbnail","6":"product_cat-aksesore","7":"product_cat-oremates-aktiviteti","8":"product_cat-smart","10":"first","11":"instock","12":"shipping-taxable","13":"purchasable","14":"product-type-simple"},"_links":{"self":[{"href":"https:\/\/www.metron-ks.com\/index.php?rest_route=\/wp\/v2\/product\/8041","targetHints":{"allow":["GET"]}}],"collection":[{"href":"https:\/\/www.metron-ks.com\/index.php?rest_route=\/wp\/v2\/product"}],"about":[{"href":"https:\/\/www.metron-ks.com\/index.php?rest_route=\/wp\/v2\/types\/product"}],"replies":[{"embeddable":true,"href":"https:\/\/www.metron-ks.com\/index.php?rest_route=%2Fwp%2Fv2%2Fcomments&post=8041"}],"wp:featuredmedia":[{"embeddable":true,"href":"https:\/\/www.metron-ks.com\/index.php?rest_route=\/wp\/v2\/media\/8043"}],"wp:attachment":[{"href":"https:\/\/www.metron-ks.com\/index.php?rest_route=%2Fwp%2Fv2%2Fmedia&parent=8041"}],"wp:term":[{"taxonomy":"product_brand","embeddable":true,"href":"https:\/\/www.metron-ks.com\/index.php?rest_route=%2Fwp%2Fv2%2Fproduct_brand&post=8041"},{"taxonomy":"product_cat","embeddable":true,"href":"https:\/\/www.metron-ks.com\/index.php?rest_route=%2Fwp%2Fv2%2Fproduct_cat&post=8041"},{"taxonomy":"product_tag","embeddable":true,"href":"https:\/\/www.metron-ks.com\/index.php?rest_route=%2Fwp%2Fv2%2Fproduct_tag&post=8041"}],"curies":[{"name":"wp","href":"https:\/\/api.w.org\/{rel}","templated":true}]}}