{"id":8059,"date":"2025-07-21T08:16:18","date_gmt":"2025-07-21T08:16:18","guid":{"rendered":"https:\/\/www.metron-ks.com\/?post_type=product&#038;p=8059"},"modified":"2025-07-21T08:24:20","modified_gmt":"2025-07-21T08:24:20","slug":"samsung-galaxy-watch-8-classic-46mm-i-bardhe","status":"publish","type":"product","link":"https:\/\/www.metron-ks.com\/?product=samsung-galaxy-watch-8-classic-46mm-i-bardhe","title":{"rendered":"Samsung Galaxy Watch 8 Classic, 46mm, i bardh\u00eb"},"content":{"rendered":"<h4 data-start=\"164\" data-end=\"182\">\ud83d\udcf1 <strong data-start=\"172\" data-end=\"182\">Ekrani<\/strong><\/h4>\n<ul data-start=\"183\" data-end=\"286\">\n<li data-start=\"183\" data-end=\"230\">\n<p data-start=\"185\" data-end=\"230\"><strong data-start=\"185\" data-end=\"195\">Lloji:<\/strong> Super AMOLED, me ngjyra t\u00eb plota<\/p>\n<\/li>\n<li data-start=\"231\" data-end=\"286\">\n<p data-start=\"233\" data-end=\"286\"><strong data-start=\"233\" data-end=\"244\">Ve\u00e7ori:<\/strong> Ekran gjithmon\u00eb aktiv (Always On Display)<\/p>\n<\/li>\n<\/ul>\n<h4 data-start=\"288\" data-end=\"307\">\ud83d\udd0b <strong data-start=\"296\" data-end=\"307\">Bateria<\/strong><\/h4>\n<ul data-start=\"308\" data-end=\"397\">\n<li data-start=\"308\" data-end=\"335\">\n<p data-start=\"310\" data-end=\"335\"><strong data-start=\"310\" data-end=\"325\">Kapaciteti:<\/strong> 445 mAh<\/p>\n<\/li>\n<li data-start=\"336\" data-end=\"397\">\n<p data-start=\"338\" data-end=\"397\"><strong data-start=\"338\" data-end=\"361\">Karikimi i shpejt\u00eb:<\/strong> Me val\u00eb, bazuar n\u00eb teknologjin\u00eb WPC<\/p>\n<\/li>\n<\/ul>\n<h4 data-start=\"399\" data-end=\"418\">\ud83d\udcbe <strong data-start=\"407\" data-end=\"418\">Memorja<\/strong><\/h4>\n<ul data-start=\"419\" data-end=\"477\">\n<li data-start=\"419\" data-end=\"444\">\n<p data-start=\"421\" data-end=\"444\"><strong data-start=\"421\" data-end=\"437\">Memorie RAM:<\/strong> 2 GB<\/p>\n<\/li>\n<li data-start=\"445\" data-end=\"477\">\n<p data-start=\"447\" data-end=\"477\"><strong data-start=\"447\" data-end=\"471\">Memorie e brendshme:<\/strong> 64 GB<\/p>\n<\/li>\n<\/ul>\n<h4 data-start=\"479\" data-end=\"507\">\ud83d\udccf <strong data-start=\"487\" data-end=\"507\">P\u00ebrmasat &amp; Pesha<\/strong><\/h4>\n<ul data-start=\"508\" data-end=\"575\">\n<li data-start=\"508\" data-end=\"551\">\n<p data-start=\"510\" data-end=\"551\"><strong data-start=\"510\" data-end=\"523\">P\u00ebrmasat:<\/strong> 46.4 mm x 46 mm x 10.6 mm<\/p>\n<\/li>\n<li data-start=\"552\" data-end=\"575\">\n<p data-start=\"554\" data-end=\"575\"><strong data-start=\"554\" data-end=\"564\">Pesha:<\/strong> 63.5 gram\u00eb<\/p>\n<\/li>\n<\/ul>\n<h4 data-start=\"577\" data-end=\"605\">\u2699\ufe0f <strong data-start=\"585\" data-end=\"605\">Sistemi Operativ<\/strong><\/h4>\n<ul data-start=\"606\" data-end=\"717\">\n<li data-start=\"606\" data-end=\"674\">\n<p data-start=\"608\" data-end=\"674\"><strong data-start=\"608\" data-end=\"629\">Sistemi operativ:<\/strong> Wear OS i fuqizuar nga Samsung (Wear OS 6)<\/p>\n<\/li>\n<li data-start=\"675\" data-end=\"717\">\n<p data-start=\"677\" data-end=\"717\"><strong data-start=\"677\" data-end=\"702\">Nd\u00ebrfaqja p\u00ebrdoruese:<\/strong> One UI 8 Watch<\/p>\n<\/li>\n<\/ul>\n<h4 data-start=\"719\" data-end=\"762\">\ud83e\ude7a <strong data-start=\"727\" data-end=\"762\">Sensor\u00eb &amp; Monitorim Sh\u00ebndet\u00ebsor<\/strong><\/h4>\n<p>Samsung BioActive Sensor (Optical Bio-signal Sensor + Electrical Heart Signal<br \/>\n+ Bioelectrical Impedance Analysis), Temperature Sensor, Accelerometer,<br \/>\nBarometer, Gyro Sensor, Geomagnetic Sensor, Light Sensor<\/p>\n<h4 data-start=\"1050\" data-end=\"1077\">\ud83d\udee1\ufe0f <strong data-start=\"1059\" data-end=\"1077\">Q\u00ebndrueshm\u00ebria<\/strong><\/h4>\n<ul data-start=\"1078\" data-end=\"1172\">\n<li data-start=\"1078\" data-end=\"1132\">\n<p data-start=\"1080\" data-end=\"1132\"><strong data-start=\"1080\" data-end=\"1118\">Rezistenc\u00eb ndaj ujit dhe pluhurit:<\/strong> 5ATM + IP68<\/p>\n<\/li>\n<li data-start=\"1133\" data-end=\"1172\">\n<p data-start=\"1135\" data-end=\"1172\"><strong data-start=\"1135\" data-end=\"1159\">Standarde ushtarake:<\/strong> MIL-STD-810H<\/p>\n<\/li>\n<\/ul>\n<h4 data-start=\"1174\" data-end=\"1200\">\ud83d\udcf1 <strong data-start=\"1182\" data-end=\"1200\">P\u00ebrputhshm\u00ebria<\/strong><\/h4>\n<ul data-start=\"1201\" data-end=\"1268\">\n<li data-start=\"1201\" data-end=\"1243\">\n<p data-start=\"1203\" data-end=\"1243\">Me pajisje Android 12.0 ose m\u00eb t\u00eb reja<\/p>\n<\/li>\n<li data-start=\"1244\" data-end=\"1268\">\n<p data-start=\"1246\" data-end=\"1268\">Q\u00eb kan\u00eb mbi 1.5 GB RAM<\/p>\n<\/li>\n<\/ul>\n","protected":false},"excerpt":{"rendered":"<p>SM-L500NZWAEUC<\/p>\n","protected":false},"featured_media":8061,"comment_status":"closed","ping_status":"closed","template":"","meta":[],"product_brand":[],"product_cat":[118,66,114],"product_tag":[],"class_list":{"0":"post-8059","1":"product","2":"type-product","3":"status-publish","4":"has-post-thumbnail","6":"product_cat-aksesore","7":"product_cat-oremates-aktiviteti","8":"product_cat-smart","10":"first","11":"instock","12":"shipping-taxable","13":"purchasable","14":"product-type-simple"},"_links":{"self":[{"href":"https:\/\/www.metron-ks.com\/index.php?rest_route=\/wp\/v2\/product\/8059","targetHints":{"allow":["GET"]}}],"collection":[{"href":"https:\/\/www.metron-ks.com\/index.php?rest_route=\/wp\/v2\/product"}],"about":[{"href":"https:\/\/www.metron-ks.com\/index.php?rest_route=\/wp\/v2\/types\/product"}],"replies":[{"embeddable":true,"href":"https:\/\/www.metron-ks.com\/index.php?rest_route=%2Fwp%2Fv2%2Fcomments&post=8059"}],"wp:featuredmedia":[{"embeddable":true,"href":"https:\/\/www.metron-ks.com\/index.php?rest_route=\/wp\/v2\/media\/8061"}],"wp:attachment":[{"href":"https:\/\/www.metron-ks.com\/index.php?rest_route=%2Fwp%2Fv2%2Fmedia&parent=8059"}],"wp:term":[{"taxonomy":"product_brand","embeddable":true,"href":"https:\/\/www.metron-ks.com\/index.php?rest_route=%2Fwp%2Fv2%2Fproduct_brand&post=8059"},{"taxonomy":"product_cat","embeddable":true,"href":"https:\/\/www.metron-ks.com\/index.php?rest_route=%2Fwp%2Fv2%2Fproduct_cat&post=8059"},{"taxonomy":"product_tag","embeddable":true,"href":"https:\/\/www.metron-ks.com\/index.php?rest_route=%2Fwp%2Fv2%2Fproduct_tag&post=8059"}],"curies":[{"name":"wp","href":"https:\/\/api.w.org\/{rel}","templated":true}]}}