{"id":8080,"date":"2025-07-21T14:21:27","date_gmt":"2025-07-21T14:21:27","guid":{"rendered":"https:\/\/www.metron-ks.com\/?post_type=product&#038;p=8080"},"modified":"2025-07-21T14:29:21","modified_gmt":"2025-07-21T14:29:21","slug":"bluetooth-speaker-swissten-spectrum-15w-i-zi","status":"publish","type":"product","link":"https:\/\/www.metron-ks.com\/?product=bluetooth-speaker-swissten-spectrum-15w-i-zi","title":{"rendered":"Bluetooth Speaker Swissten Spectrum 15W, i zi"},"content":{"rendered":"<p>L\u00ebshoni fuqin\u00eb e z\u00ebrit premium me altoparlantin Bluetooth SWISSTEN SPECTRUM. Fuqia e z\u00ebrit prej 15W ofron nj\u00eb p\u00ebrvoj\u00eb d\u00ebgjimi q\u00eb do t&#8217;ju l\u00ebr\u00eb t\u00eb mahnitur.<\/p>\n<p>SWISSTEN SPECTRUM \u00ebsht\u00eb shoq\u00ebruesi kompakt perfekt p\u00ebr aventurat tuaja. Nd\u00ebrtimi i tij i fort\u00eb dhe rezistent ndaj sp\u00ebrkatjeve do t\u00eb thot\u00eb q\u00eb mund ta merrni me vete nga nj\u00eb fest\u00eb n\u00eb tjetr\u00ebn, nga pishina n\u00eb kamping.Pavar\u00ebsisht a jeni fans i muzik\u00ebs, entuziast i aktiviteteve n\u00eb natyr\u00eb apo thjesht dikush q\u00eb i do melodit\u00eb e shk\u00eblqyera, SWISSTEN SPECTRUM do t\u00eb p\u00ebrmir\u00ebsoj\u00eb p\u00ebrvoj\u00ebn tuaj t\u00eb d\u00ebgjimit.<\/p>\n<p>I pap\u00ebrshkuesh\u00ebm nga uji dhe pluhuri IP55<br \/>\nFal\u00eb shkall\u00ebs s\u00eb mbrojtjes IP55, nuk keni m\u00eb pse t\u00eb shqet\u00ebsoheni se altoparlanti juaj do t\u00eb bjer\u00eb n\u00eb uj\u00eb n\u00eb fest\u00ebn tuaj, kamping ose kudo n\u00eb l\u00ebvizje. Altoparlanti mund t\u00eb p\u00ebrdoret edhe brenda, mund ta p\u00ebrdorni kur b\u00ebni dush, gatuani ose aktivitete t\u00eb tjera q\u00eb k\u00ebrkojn\u00eb uj\u00eb.<\/p>\n<p>P\u00ebrvoja e d\u00ebgjimit<br \/>\nPavar\u00ebsisht madh\u00ebsis\u00eb s\u00eb tij t\u00eb vog\u00ebl, altoparlanti mund t\u00eb krijoj\u00eb nj\u00eb p\u00ebrvoj\u00eb muzikore q\u00eb do t&#8217;ju b\u00ebj\u00eb t\u00eb ndiheni sikur jeni n\u00eb nj\u00eb koncert. Kjo p\u00ebrvoj\u00eb do t\u00eb plot\u00ebsohet nga basi i fort\u00eb q\u00eb do t&#8217;ju lejoj\u00eb t\u00eb shijoni plot\u00ebsisht muzik\u00ebn.<\/p>\n<p>Dimensione kompakte<br \/>\nDo t&#8217;ju p\u00eblqejn\u00eb dimensionet shum\u00eb t\u00eb vogla t\u00eb altoparlantit (10.6 x 8.2 x 8.4 cm). Ai p\u00ebrshtatet n\u00eb t\u00eb gjitha \u00e7antat e shpin\u00ebs,duke siguruar q\u00eb ta keni gjithmon\u00eb af\u00ebr.<\/p>\n<p>Funksioni TWS<br \/>\nN\u00ebse d\u00ebshironi t\u00eb zgjeroni p\u00ebrvoj\u00ebn tuaj t\u00eb d\u00ebgjimit, altoparlant\u00ebt SWISSTEN SPECTRUM mund t\u00eb lidhen leht\u00ebsisht duke p\u00ebrdorur funksionin TWS. \u00c7iftimi i dy altoparlant\u00ebve zgjat pak koh\u00eb, gj\u00eb q\u00eb zgjeron fuqin\u00eb e nj\u00eb altoparlanti n\u00eb dy.<\/p>\n<p>Koh\u00eb e gjat\u00eb luajtjeje deri n\u00eb 10 or\u00eb<br \/>\nKapaciteti i bateris\u00eb prej 1200 mAh k\u00ebrkon nj\u00eb q\u00ebndrueshm\u00ebri t\u00eb gjat\u00eb prej 10 or\u00ebsh n\u00eb 50% t\u00eb volumit.<\/p>\n<p>Specifikimet<br \/>\nDimensionet: 106 x 82 x 84 mm<br \/>\nVersioni Bluetooth: 5.0<br \/>\nFrekuenca: 80 Hz &#8211; 15 kHz<br \/>\nRrezja e Bluetooth: &lt; 10 metra<br \/>\nFuqia: 15W<br \/>\nKoha e luajtjes: 10 or\u00eb (50% e volumit)<br \/>\nAltoparlanti: 52 mm<br \/>\nImpedanca: 40 ohm<br \/>\nPorta e karikimit: USB-C<br \/>\nKoha e karikimit: 2.5 or\u00eb<br \/>\nHyrja: 5V DC 1A \/ 5W<br \/>\nKapaciteti i bateris\u00eb: 1200 mAh<br \/>\nLloji i bateris\u00eb: Li-ion<br \/>\nRezistent: IP55<br \/>\nPesha: 301 g<\/p>\n","protected":false},"excerpt":{"rendered":"<p>52107010<\/p>\n","protected":false},"featured_media":8081,"comment_status":"closed","ping_status":"closed","template":"","meta":[],"product_brand":[],"product_cat":[118,22,158],"product_tag":[],"class_list":{"0":"post-8080","1":"product","2":"type-product","3":"status-publish","4":"has-post-thumbnail","6":"product_cat-aksesore","7":"product_cat-altoparlant-aksesore","8":"product_cat-pajisje-zerimi","10":"first","11":"instock","12":"shipping-taxable","13":"purchasable","14":"product-type-simple"},"_links":{"self":[{"href":"https:\/\/www.metron-ks.com\/index.php?rest_route=\/wp\/v2\/product\/8080","targetHints":{"allow":["GET"]}}],"collection":[{"href":"https:\/\/www.metron-ks.com\/index.php?rest_route=\/wp\/v2\/product"}],"about":[{"href":"https:\/\/www.metron-ks.com\/index.php?rest_route=\/wp\/v2\/types\/product"}],"replies":[{"embeddable":true,"href":"https:\/\/www.metron-ks.com\/index.php?rest_route=%2Fwp%2Fv2%2Fcomments&post=8080"}],"wp:featuredmedia":[{"embeddable":true,"href":"https:\/\/www.metron-ks.com\/index.php?rest_route=\/wp\/v2\/media\/8081"}],"wp:attachment":[{"href":"https:\/\/www.metron-ks.com\/index.php?rest_route=%2Fwp%2Fv2%2Fmedia&parent=8080"}],"wp:term":[{"taxonomy":"product_brand","embeddable":true,"href":"https:\/\/www.metron-ks.com\/index.php?rest_route=%2Fwp%2Fv2%2Fproduct_brand&post=8080"},{"taxonomy":"product_cat","embeddable":true,"href":"https:\/\/www.metron-ks.com\/index.php?rest_route=%2Fwp%2Fv2%2Fproduct_cat&post=8080"},{"taxonomy":"product_tag","embeddable":true,"href":"https:\/\/www.metron-ks.com\/index.php?rest_route=%2Fwp%2Fv2%2Fproduct_tag&post=8080"}],"curies":[{"name":"wp","href":"https:\/\/api.w.org\/{rel}","templated":true}]}}