{"id":8198,"date":"2025-09-04T10:37:33","date_gmt":"2025-09-04T10:37:33","guid":{"rendered":"https:\/\/www.metron-ks.com\/?post_type=product&#038;p=8198"},"modified":"2025-09-04T10:39:21","modified_gmt":"2025-09-04T10:39:21","slug":"karikues-samsung-usb-c-15w-i-bardhe","status":"publish","type":"product","link":"https:\/\/www.metron-ks.com\/?product=karikues-samsung-usb-c-15w-i-bardhe","title":{"rendered":"Karikues Samsung USB-C, 15W, i bardh\u00eb"},"content":{"rendered":"<p>Karikimi i shpejt\u00eb deri n\u00eb 15W<br \/>\nHyrja USB-C: E p\u00ebrshtatshme p\u00ebr Android dhe iOS.<br \/>\nMbron pajisjen nga mbingarkesa dhe temperaturat e larta.<br \/>\nVe\u00e7orit\u00eb: PD max. 15 W<br \/>\nInterface: USB-C<br \/>\nGjatesija e kabllos: 1m<br \/>\nDimensionet (W x H x D):37 x 22.5 x 74.1 mm<br \/>\nPesha: 38,5 g<br \/>\nTensioni i hyrjes: 100-240 V<br \/>\nTensioni i daljes (maksimumi, karikimi normal): 5 V<br \/>\nTensioni i daljes (maksimumi, karikimi i shpejt\u00eb): 9 V<br \/>\nRryma e daljes (maksimumi, karikimi normal): 2A<br \/>\nRryma e daljes (maksimumi, karikimi i shpejt\u00eb): 1,67A (9V<\/p>\n","protected":false},"excerpt":{"rendered":"<p>EP-T1510XWEGEU<\/p>\n","protected":false},"featured_media":8199,"comment_status":"closed","ping_status":"closed","template":"","meta":[],"product_brand":[],"product_cat":[118,113,115],"product_tag":[],"class_list":{"0":"post-8198","1":"product","2":"type-product","3":"status-publish","4":"has-post-thumbnail","6":"product_cat-aksesore","7":"product_cat-celulartabletnavigim","8":"product_cat-karikues-celulartabletnavigim","10":"first","11":"instock","12":"shipping-taxable","13":"purchasable","14":"product-type-simple"},"_links":{"self":[{"href":"https:\/\/www.metron-ks.com\/index.php?rest_route=\/wp\/v2\/product\/8198","targetHints":{"allow":["GET"]}}],"collection":[{"href":"https:\/\/www.metron-ks.com\/index.php?rest_route=\/wp\/v2\/product"}],"about":[{"href":"https:\/\/www.metron-ks.com\/index.php?rest_route=\/wp\/v2\/types\/product"}],"replies":[{"embeddable":true,"href":"https:\/\/www.metron-ks.com\/index.php?rest_route=%2Fwp%2Fv2%2Fcomments&post=8198"}],"wp:featuredmedia":[{"embeddable":true,"href":"https:\/\/www.metron-ks.com\/index.php?rest_route=\/wp\/v2\/media\/8199"}],"wp:attachment":[{"href":"https:\/\/www.metron-ks.com\/index.php?rest_route=%2Fwp%2Fv2%2Fmedia&parent=8198"}],"wp:term":[{"taxonomy":"product_brand","embeddable":true,"href":"https:\/\/www.metron-ks.com\/index.php?rest_route=%2Fwp%2Fv2%2Fproduct_brand&post=8198"},{"taxonomy":"product_cat","embeddable":true,"href":"https:\/\/www.metron-ks.com\/index.php?rest_route=%2Fwp%2Fv2%2Fproduct_cat&post=8198"},{"taxonomy":"product_tag","embeddable":true,"href":"https:\/\/www.metron-ks.com\/index.php?rest_route=%2Fwp%2Fv2%2Fproduct_tag&post=8198"}],"curies":[{"name":"wp","href":"https:\/\/api.w.org\/{rel}","templated":true}]}}