{"id":822,"date":"2023-03-06T22:23:37","date_gmt":"2023-03-06T22:23:37","guid":{"rendered":"https:\/\/www.metron-ks.com\/product\/mauspad-hama-54171-13-g-i-zi\/"},"modified":"2025-01-15T11:09:32","modified_gmt":"2025-01-15T11:09:32","slug":"mauspad-hama-54171-13-g-i-zi","status":"publish","type":"product","link":"https:\/\/www.metron-ks.com\/?product=mauspad-hama-54171-13-g-i-zi","title":{"rendered":"Mauspad Hama 126858, 13g, i zi"},"content":{"rendered":"<p><span style=\"color: #000000;\"><span style=\"font-family: 'Maven Pro', Helvetica, Arial, sans-serif;\">Sip\u00ebrfaqe e p\u00ebrshtatshme p\u00ebr maus dhe siguron l\u00ebvizjen e leht\u00eb\u00a0t\u00eb maus-it. Ka nj\u00eb baz\u00eb q\u00eb nuk lejon r\u00ebshqitjen e mauspad-it\u00a0gjat\u00eb pun\u00ebs. <\/span><\/span><\/p>\n<p><span style=\"color: #000000;\"><span style=\"font-family: 'Maven Pro', Helvetica, Arial, sans-serif;\">Dimensionet : <\/span><\/span><\/p>\n<p>Gjer\u00ebsia x Thell\u00ebsia x Lart\u00ebsia 22,3 x 18,3 x 0,3 cm<br \/>\nPesha 13 g<\/p>\n<p>&nbsp;<\/p>\n","protected":false},"excerpt":{"rendered":"<p>Mauspad Hama, i zi 126858<\/p>\n","protected":false},"featured_media":2353,"comment_status":"closed","ping_status":"closed","template":"","meta":[],"product_brand":[],"product_cat":[118,163,141],"product_tag":[],"class_list":{"0":"post-822","1":"product","2":"type-product","3":"status-publish","4":"has-post-thumbnail","6":"product_cat-aksesore","7":"product_cat-mousepad","8":"product_cat-pclaptop","10":"first","11":"instock","12":"shipping-taxable","13":"purchasable","14":"product-type-simple"},"_links":{"self":[{"href":"https:\/\/www.metron-ks.com\/index.php?rest_route=\/wp\/v2\/product\/822","targetHints":{"allow":["GET"]}}],"collection":[{"href":"https:\/\/www.metron-ks.com\/index.php?rest_route=\/wp\/v2\/product"}],"about":[{"href":"https:\/\/www.metron-ks.com\/index.php?rest_route=\/wp\/v2\/types\/product"}],"replies":[{"embeddable":true,"href":"https:\/\/www.metron-ks.com\/index.php?rest_route=%2Fwp%2Fv2%2Fcomments&post=822"}],"wp:featuredmedia":[{"embeddable":true,"href":"https:\/\/www.metron-ks.com\/index.php?rest_route=\/wp\/v2\/media\/2353"}],"wp:attachment":[{"href":"https:\/\/www.metron-ks.com\/index.php?rest_route=%2Fwp%2Fv2%2Fmedia&parent=822"}],"wp:term":[{"taxonomy":"product_brand","embeddable":true,"href":"https:\/\/www.metron-ks.com\/index.php?rest_route=%2Fwp%2Fv2%2Fproduct_brand&post=822"},{"taxonomy":"product_cat","embeddable":true,"href":"https:\/\/www.metron-ks.com\/index.php?rest_route=%2Fwp%2Fv2%2Fproduct_cat&post=822"},{"taxonomy":"product_tag","embeddable":true,"href":"https:\/\/www.metron-ks.com\/index.php?rest_route=%2Fwp%2Fv2%2Fproduct_tag&post=822"}],"curies":[{"name":"wp","href":"https:\/\/api.w.org\/{rel}","templated":true}]}}