{"id":828,"date":"2023-03-06T22:23:40","date_gmt":"2023-03-06T22:23:40","guid":{"rendered":"https:\/\/www.metron-ks.com\/product\/mbajtes-hama-fullmotion-per-tv-10-48-2-krah-118101\/"},"modified":"2025-01-15T11:08:07","modified_gmt":"2025-01-15T11:08:07","slug":"mbajtes-hama-fullmotion-per-tv-10-48-2-krah-118101","status":"publish","type":"product","link":"https:\/\/www.metron-ks.com\/?product=mbajtes-hama-fullmotion-per-tv-10-48-2-krah-118101","title":{"rendered":"Mbajt\u00ebs Hama FullMotion p\u00ebr TV 10&#8243; &#8211; 48&#8243;, 2 krah, 118101"},"content":{"rendered":"<p>P\u00ebr instalimin e ekraneve t\u00eb shesht\u00eb me nj\u00eb diagonale t\u00eb ekranit prej 19&#8243; deri 48&#8243;.<\/p>\n<p>Mb\u00ebshtet t\u00eb gjitha standardet VESA deri n\u00eb 200 x 200.<\/p>\n<p>Maks. Ngarkesa:\u00a020 kg<br \/>\nPjerr\u00ebsia : +\/- 5\/12 \u00b0<br \/>\nRrotullues: 0 \u00b0<br \/>\nDiapazoni i kthyesh\u00ebm: 180 \u00b0<br \/>\nDistanca maksimale nga muri:\u00a031,6 cm<\/p>\n<p>Madh\u00ebsia e rekomanduar e ekranit 48 &#8211; 122 cm (19 &#8220;-48&#8221;)<br \/>\nFunksione shtes\u00eb :Menaxhim\u00a0t\u00eb\u00a0kabllove<\/p>\n","protected":false},"excerpt":{"rendered":"<p>Mbajt\u00ebs Hama FullMotion p\u00ebr TV 10&#8243; &#8211; 48&#8243;, 2 krah, 118101<\/p>\n","protected":false},"featured_media":2328,"comment_status":"closed","ping_status":"closed","template":"","meta":[],"product_brand":[],"product_cat":[118,160,138],"product_tag":[],"class_list":{"0":"post-828","1":"product","2":"type-product","3":"status-publish","4":"has-post-thumbnail","6":"product_cat-aksesore","7":"product_cat-mbajtese-tv","8":"product_cat-tv","10":"first","11":"instock","12":"shipping-taxable","13":"purchasable","14":"product-type-simple"},"_links":{"self":[{"href":"https:\/\/www.metron-ks.com\/index.php?rest_route=\/wp\/v2\/product\/828","targetHints":{"allow":["GET"]}}],"collection":[{"href":"https:\/\/www.metron-ks.com\/index.php?rest_route=\/wp\/v2\/product"}],"about":[{"href":"https:\/\/www.metron-ks.com\/index.php?rest_route=\/wp\/v2\/types\/product"}],"replies":[{"embeddable":true,"href":"https:\/\/www.metron-ks.com\/index.php?rest_route=%2Fwp%2Fv2%2Fcomments&post=828"}],"wp:featuredmedia":[{"embeddable":true,"href":"https:\/\/www.metron-ks.com\/index.php?rest_route=\/wp\/v2\/media\/2328"}],"wp:attachment":[{"href":"https:\/\/www.metron-ks.com\/index.php?rest_route=%2Fwp%2Fv2%2Fmedia&parent=828"}],"wp:term":[{"taxonomy":"product_brand","embeddable":true,"href":"https:\/\/www.metron-ks.com\/index.php?rest_route=%2Fwp%2Fv2%2Fproduct_brand&post=828"},{"taxonomy":"product_cat","embeddable":true,"href":"https:\/\/www.metron-ks.com\/index.php?rest_route=%2Fwp%2Fv2%2Fproduct_cat&post=828"},{"taxonomy":"product_tag","embeddable":true,"href":"https:\/\/www.metron-ks.com\/index.php?rest_route=%2Fwp%2Fv2%2Fproduct_tag&post=828"}],"curies":[{"name":"wp","href":"https:\/\/api.w.org\/{rel}","templated":true}]}}