{"id":833,"date":"2023-03-06T22:23:45","date_gmt":"2023-03-06T22:23:45","guid":{"rendered":"https:\/\/www.metron-ks.com\/product\/mbajtes-manhattan-per-tv-lcd-461351-37-70-40-kg\/"},"modified":"2025-01-15T11:02:47","modified_gmt":"2025-01-15T11:02:47","slug":"mbajtes-manhattan-per-tv-lcd-461351-37-70-40-kg","status":"publish","type":"product","link":"https:\/\/www.metron-ks.com\/?product=mbajtes-manhattan-per-tv-lcd-461351-37-70-40-kg","title":{"rendered":"Mbajt\u00ebs Manhattan, p\u00ebr TV LCD 462440, 37&#8243;-80&#8243;, 40 kg"},"content":{"rendered":"<p>Mbajt\u00ebsi i murit me l\u00ebvizje t\u00eb plot\u00eb\u00a0LCD Manhattan Universal ofron rregullime precize p\u00ebr t\u00eb mbajtur t\u00eb qarta, t\u00eb mprehta dhe t\u00eb p\u00ebrcaktuara imazhet, kontrastet dhe ngjyrat. N\u00eb p\u00ebrputhje me VESA dhe i nd\u00ebrtuar nga materiale cil\u00ebsore, ky mbajt\u00ebs p\u00ebrshtatet me nj\u00eb s\u00ebr\u00eb madh\u00ebsish t\u00eb ekranit p\u00ebr nj\u00eb instalim t\u00eb sigurt\u00a0t\u00eb TV.<\/p>\n<p>Pershtatet ne ambiente te ndryshme si ne dhom\u00ebn tuaj t\u00eb ndenjes, dhom\u00ebn e gjumit, si dhe p\u00ebr p\u00ebrdorime komerciale n\u00eb hotele, klasa, salla konferencash etj<\/p>\n<p>Mb\u00ebshtet nj\u00eb televizor t\u00eb shesht\u00eb ose t\u00eb lakuar 37&#8243; deri n\u00eb 80&#8243; deri n\u00eb 40 kg (88 lbs.)<br \/>\nPamje t\u00eb optimizuara me pjerr\u00ebsi +3 deri n\u00eb -15\u00b0, rrotullim +\/-60\u00b0 dhe rregullim t\u00eb nivelimit pas instalimit +\/-3\u00b0<br \/>\nMban televizorin 67 deri n\u00eb 355 mm (2,6 deri n\u00eb 14 in.) nga muri<br \/>\nKonstruksion \u00e7eliku i r\u00ebnd\u00eb<br \/>\nP\u00ebrfshin nivelizimin me fluska t\u00eb ngjitur<br \/>\nMenaxhimi i integruar i kabllove p\u00ebr t\u00eb minimizuar rr\u00ebmuj\u00ebn<br \/>\nInstalim i leht\u00eb; ideale p\u00ebr sht\u00ebpi, zyra dhe aplikime komerciale<\/p>\n","protected":false},"excerpt":{"rendered":"<p>Mbajt\u00ebs p\u00ebr TV LCD 37&#8243;-80&#8243; 40 kg Manhattan, 462440<\/p>\n","protected":false},"featured_media":5201,"comment_status":"closed","ping_status":"closed","template":"","meta":[],"product_brand":[],"product_cat":[118,160,138],"product_tag":[],"class_list":{"0":"post-833","1":"product","2":"type-product","3":"status-publish","4":"has-post-thumbnail","6":"product_cat-aksesore","7":"product_cat-mbajtese-tv","8":"product_cat-tv","10":"first","11":"instock","12":"shipping-taxable","13":"purchasable","14":"product-type-simple"},"_links":{"self":[{"href":"https:\/\/www.metron-ks.com\/index.php?rest_route=\/wp\/v2\/product\/833","targetHints":{"allow":["GET"]}}],"collection":[{"href":"https:\/\/www.metron-ks.com\/index.php?rest_route=\/wp\/v2\/product"}],"about":[{"href":"https:\/\/www.metron-ks.com\/index.php?rest_route=\/wp\/v2\/types\/product"}],"replies":[{"embeddable":true,"href":"https:\/\/www.metron-ks.com\/index.php?rest_route=%2Fwp%2Fv2%2Fcomments&post=833"}],"wp:featuredmedia":[{"embeddable":true,"href":"https:\/\/www.metron-ks.com\/index.php?rest_route=\/wp\/v2\/media\/5201"}],"wp:attachment":[{"href":"https:\/\/www.metron-ks.com\/index.php?rest_route=%2Fwp%2Fv2%2Fmedia&parent=833"}],"wp:term":[{"taxonomy":"product_brand","embeddable":true,"href":"https:\/\/www.metron-ks.com\/index.php?rest_route=%2Fwp%2Fv2%2Fproduct_brand&post=833"},{"taxonomy":"product_cat","embeddable":true,"href":"https:\/\/www.metron-ks.com\/index.php?rest_route=%2Fwp%2Fv2%2Fproduct_cat&post=833"},{"taxonomy":"product_tag","embeddable":true,"href":"https:\/\/www.metron-ks.com\/index.php?rest_route=%2Fwp%2Fv2%2Fproduct_tag&post=833"}],"curies":[{"name":"wp","href":"https:\/\/api.w.org\/{rel}","templated":true}]}}