{"id":8337,"date":"2025-09-30T10:17:03","date_gmt":"2025-09-30T10:17:03","guid":{"rendered":"https:\/\/www.metron-ks.com\/?post_type=product&#038;p=8337"},"modified":"2025-10-02T11:18:09","modified_gmt":"2025-10-02T11:18:09","slug":"8337","status":"publish","type":"product","link":"https:\/\/www.metron-ks.com\/?product=8337","title":{"rendered":"Thith\u00ebse dore me bateri ELIT 4u1 zoomGo"},"content":{"rendered":"<p>Njihuni me fshes\u00ebn ton\u00eb shum\u00ebfunksionale me bateri q\u00eb mbahet n\u00eb dor\u00eb.<br \/>\nFryn, fryn, thith dhe fryn. ZoomGo \u00ebsht\u00eb nj\u00eb pajisje shum\u00ebfunksionale dhe portative me nj\u00eb dizajn kompakt q\u00eb kombinon funksionet e thithjes dhe fryrjes s\u00eb ajrit. Fal\u00eb pesh\u00ebs s\u00eb saj t\u00eb leht\u00eb dhe dizajnit praktik, \u00ebsht\u00eb ideale p\u00ebr p\u00ebrdorim n\u00eb sht\u00ebpi, gjat\u00eb udh\u00ebtimit ose n\u00eb automjet.<\/p>\n<p>Teknologjia BLDC ofron fuqi thithjeje t\u00eb fort\u00eb dhe t\u00eb q\u00ebndrueshme. Bateria 2000mAh \u00ebsht\u00eb e mjaftueshme p\u00ebr deri n\u00eb 30 minuta thithje t\u00eb fort\u00eb.<\/p>\n<p>Filtrat HEPA do t\u00eb sigurojn\u00eb q\u00eb edhe grimcat m\u00eb t\u00eb im\u00ebta t\u00eb pluhurit t\u00eb thithen.<\/p>\n<p>8 aksesor\u00eb p\u00ebr p\u00ebrdorim edhe m\u00eb t\u00eb leht\u00eb dhe nj\u00eb \u00e7ant\u00eb\u00a0 ku mund t\u00eb ruani t\u00eb gjitha aksesor\u00ebt dhe fshes\u00ebn me bateri.<\/p>\n<p>Specifikat<\/p>\n<p>SERIA optimaClean<br \/>\nFshes\u00eb me korrent p\u00ebr makin\u00eb 4 n\u00eb 1<br \/>\nFuqia: 100W, BLDC<br \/>\nTension i vler\u00ebsuar: 11.1V<br \/>\nBateria: Bateri 2000mAh Li-ion<br \/>\nFuqia e thithjes: 6-12-15Kpa<br \/>\nKoha e pun\u00ebs: 12-18-30 minuta<br \/>\nKoha e karikimit: 4-5 or\u00eb<br \/>\nFilt\u00ebr HEPA i lahet<br \/>\nRezervuar pluhuri: 160m<br \/>\nFunksione 4-n\u00eb-1: fshes\u00eb me bateri, fryrje, fryrje dhe kompresim<br \/>\nSeti p\u00ebrfshin nj\u00eb set aksesor\u00ebsh praktik\u00eb, kabllo USB dhe qese mbuluese.<\/p>\n","protected":false},"excerpt":{"rendered":"<p>4u1 zoomGo<\/p>\n","protected":false},"featured_media":8338,"comment_status":"closed","ping_status":"closed","template":"","meta":[],"product_brand":[],"product_cat":[118,136,196],"product_tag":[],"class_list":{"0":"post-8337","1":"product","2":"type-product","3":"status-publish","4":"has-post-thumbnail","6":"product_cat-aksesore","7":"product_cat-pajisje-shtepiake","8":"product_cat-thithese-elektrike","10":"first","11":"instock","12":"shipping-taxable","13":"purchasable","14":"product-type-simple"},"_links":{"self":[{"href":"https:\/\/www.metron-ks.com\/index.php?rest_route=\/wp\/v2\/product\/8337","targetHints":{"allow":["GET"]}}],"collection":[{"href":"https:\/\/www.metron-ks.com\/index.php?rest_route=\/wp\/v2\/product"}],"about":[{"href":"https:\/\/www.metron-ks.com\/index.php?rest_route=\/wp\/v2\/types\/product"}],"replies":[{"embeddable":true,"href":"https:\/\/www.metron-ks.com\/index.php?rest_route=%2Fwp%2Fv2%2Fcomments&post=8337"}],"wp:featuredmedia":[{"embeddable":true,"href":"https:\/\/www.metron-ks.com\/index.php?rest_route=\/wp\/v2\/media\/8338"}],"wp:attachment":[{"href":"https:\/\/www.metron-ks.com\/index.php?rest_route=%2Fwp%2Fv2%2Fmedia&parent=8337"}],"wp:term":[{"taxonomy":"product_brand","embeddable":true,"href":"https:\/\/www.metron-ks.com\/index.php?rest_route=%2Fwp%2Fv2%2Fproduct_brand&post=8337"},{"taxonomy":"product_cat","embeddable":true,"href":"https:\/\/www.metron-ks.com\/index.php?rest_route=%2Fwp%2Fv2%2Fproduct_cat&post=8337"},{"taxonomy":"product_tag","embeddable":true,"href":"https:\/\/www.metron-ks.com\/index.php?rest_route=%2Fwp%2Fv2%2Fproduct_tag&post=8337"}],"curies":[{"name":"wp","href":"https:\/\/api.w.org\/{rel}","templated":true}]}}