{"id":836,"date":"2023-03-06T22:23:46","date_gmt":"2023-03-06T22:23:46","guid":{"rendered":"https:\/\/www.metron-ks.com\/product\/mbajtes-per-projektor-sbox-pm-102-15kg\/"},"modified":"2025-01-15T08:53:12","modified_gmt":"2025-01-15T08:53:12","slug":"mbajtes-per-projektor-sbox-pm-102-15kg","status":"publish","type":"product","link":"https:\/\/www.metron-ks.com\/?product=mbajtes-per-projektor-sbox-pm-102-15kg","title":{"rendered":"Mbajt\u00ebs p\u00ebr projektor SBOX, PM-102, 15kg"},"content":{"rendered":"<p>PM-102 \u00ebsht\u00eb nj\u00eb mbajt\u00ebs\u00a0p\u00ebr projektor\u00ebt\u00a0deri n\u00eb 15 kg. Ajo ofron pozicionim multidireksional me kat\u00ebr krah\u00eb mb\u00ebshtet\u00ebs t\u00eb rregulluesh\u00ebm q\u00eb mund t\u00eb p\u00ebrshtaten me nj\u00eb gam\u00eb t\u00eb gjer\u00eb t\u00eb vrimave n\u00eb rritje. Ky mbajt\u00ebs\u00a0i projektorit \u00ebsht\u00eb i p\u00ebrsosur p\u00ebr t\u2019u p\u00ebrdorur n\u00eb klasa, dhoma bordi, hotele, bare dhe restorante ose kudo tjet\u00ebr q\u00eb duhet t\u00eb montohet nj\u00eb projektor.<\/p>\n<p>Modeli: PM-102<br \/>\nKapaciteti i ngarkes\u00ebs: deri n\u00eb 15 kg<br \/>\nRrotullues: 360 \u00b0<br \/>\nPjerrt\u00ebsia: 30 \u00b0<br \/>\nRregullimi i lart\u00ebsis\u00eb: nga 297 n\u00eb 370 mm<br \/>\nDistanca maksimale midis vrimave (projektori): 336 mm<\/p>\n","protected":false},"excerpt":{"rendered":"<p>Mbajt\u00ebs p\u00ebr projektor SBOX, PM102, 15kg<\/p>\n","protected":false},"featured_media":2300,"comment_status":"closed","ping_status":"closed","template":"","meta":[],"product_brand":[],"product_cat":[118,145,143],"product_tag":[],"class_list":{"0":"post-836","1":"product","2":"type-product","3":"status-publish","4":"has-post-thumbnail","6":"product_cat-aksesore","7":"product_cat-mbajtese-projektor","8":"product_cat-projektor","10":"first","11":"instock","12":"shipping-taxable","13":"purchasable","14":"product-type-simple"},"_links":{"self":[{"href":"https:\/\/www.metron-ks.com\/index.php?rest_route=\/wp\/v2\/product\/836","targetHints":{"allow":["GET"]}}],"collection":[{"href":"https:\/\/www.metron-ks.com\/index.php?rest_route=\/wp\/v2\/product"}],"about":[{"href":"https:\/\/www.metron-ks.com\/index.php?rest_route=\/wp\/v2\/types\/product"}],"replies":[{"embeddable":true,"href":"https:\/\/www.metron-ks.com\/index.php?rest_route=%2Fwp%2Fv2%2Fcomments&post=836"}],"wp:featuredmedia":[{"embeddable":true,"href":"https:\/\/www.metron-ks.com\/index.php?rest_route=\/wp\/v2\/media\/2300"}],"wp:attachment":[{"href":"https:\/\/www.metron-ks.com\/index.php?rest_route=%2Fwp%2Fv2%2Fmedia&parent=836"}],"wp:term":[{"taxonomy":"product_brand","embeddable":true,"href":"https:\/\/www.metron-ks.com\/index.php?rest_route=%2Fwp%2Fv2%2Fproduct_brand&post=836"},{"taxonomy":"product_cat","embeddable":true,"href":"https:\/\/www.metron-ks.com\/index.php?rest_route=%2Fwp%2Fv2%2Fproduct_cat&post=836"},{"taxonomy":"product_tag","embeddable":true,"href":"https:\/\/www.metron-ks.com\/index.php?rest_route=%2Fwp%2Fv2%2Fproduct_tag&post=836"}],"curies":[{"name":"wp","href":"https:\/\/api.w.org\/{rel}","templated":true}]}}