{"id":8391,"date":"2025-10-02T11:33:06","date_gmt":"2025-10-02T11:33:06","guid":{"rendered":"https:\/\/www.metron-ks.com\/?post_type=product&#038;p=8391"},"modified":"2025-10-02T11:33:06","modified_gmt":"2025-10-02T11:33:06","slug":"elit-grillfry360-pro-12u1-me-ajer","status":"publish","type":"product","link":"https:\/\/www.metron-ks.com\/?product=elit-grillfry360-pro-12u1-me-ajer","title":{"rendered":"ELIT GrillFry360 Pro 12u1 me aj\u00ebr"},"content":{"rendered":"<p>Grill shum\u00ebfunksional p\u00ebr skuqje me aj\u00ebr 12-n\u00eb-1 kombinon skar\u00ebn me aj\u00ebr t\u00eb nxeht\u00eb dhe at\u00eb elektrike p\u00ebr gatim t\u00eb sh\u00ebndetsh\u00ebm dhe t\u00eb shpejt\u00eb me deri n\u00eb 12 funksione, kontroll dixhital, kapacitet 6L dhe cil\u00ebsime inteligjente t\u00eb skar\u00ebs.<\/p>\n<p>Zbuloni kombinimin perfekt t\u00eb komoditetit, fuqis\u00eb dhe shkatht\u00ebsis\u00eb me skar\u00ebn me aj\u00ebr 12-n\u00eb-1, t\u00eb projektuar p\u00ebr p\u00ebrdorim t\u00eb p\u00ebrditsh\u00ebm . Fal\u00eb motorit t\u00eb saj t\u00eb fuqish\u00ebm 1500-1750W dhe temperatur\u00ebs s\u00eb rregullueshme nga 50 n\u00eb 230 \u00b0C, kjo pajisje lejon nj\u00eb shum\u00ebllojshm\u00ebri p\u00ebrgatitjesh t\u00eb sakta ushqimore .<\/p>\n<p>Sistemi i qarkullimit t\u00eb ajrit t\u00eb nxeht\u00eb 360\u00b0 i kombinuar me element\u00eb t\u00eb dyfisht\u00eb ngrohjeje siguron gatim t\u00eb nj\u00ebtrajtsh\u00ebm dhe rezultate krokante me 95% m\u00eb pak yndyr\u00eb dhe deri n\u00eb 66% m\u00eb shpejt se gatimi tradicional.<\/p>\n<p>Kontrolli \u00ebsht\u00eb i thjesht\u00eb n\u00ebp\u00ebrmjet kontrollit dixhital me ekran t\u00eb dyfisht\u00eb LED, nd\u00ebrsa dritarja e integruar ju lejon t\u00eb monitoroni procesin e gatimit pa e hapur pajisjen. Kapaciteti i madh prej 6 litrash ofron hap\u00ebsir\u00eb \u200b\u200bt\u00eb mjaftueshme p\u00ebr vakte p\u00ebr t\u00eb gjith\u00eb familjen, dhe koh\u00ebmat\u00ebsi deri n\u00eb 60 minuta me fikje automatike dhe sinjal zanor ofron siguri dhe komoditet shtes\u00eb.<\/p>\n<p>N\u00eb dispozicionin tuaj jan\u00eb 12 funksione gatimi \u2013 nga tiganisja klasike, skara, skuqja, tharja dhe pjekja, deri te avullimi, mbajtja e nxeht\u00ebsis\u00eb dhe cil\u00ebsimet manuale. P\u00ebrve\u00e7 k\u00ebsaj, ekzistojn\u00eb 4 cil\u00ebsime inteligjente t\u00eb skar\u00ebs (E Ul\u00ebt, Mesatare, E Lart\u00eb, Maksimale) q\u00eb ju lejojn\u00eb t\u00eb rregulloni intensitetin e nxeht\u00ebsis\u00eb sipas llojit t\u00eb ushqimit.<\/p>\n<p>Fuqia: 1500-1750W; 220-240 V \/ 50-60 Hz<br \/>\nTemperatur\u00eb e rregullueshme: 50-230 \u00baC<br \/>\nRrjedhje ajri 360\u00b0, element ngrohjeje i dyfisht\u00eb<br \/>\nGatim me 95% m\u00eb pak yndyr\u00eb dhe 66% m\u00eb shpejt<br \/>\nKontroll dixhital me ekran t\u00eb dyfisht\u00eb LED<br \/>\nDritare shikimi<br \/>\nKapaciteti: 6L<br \/>\nKoh\u00ebmat\u00ebsi: 60min<br \/>\n12 funksione gatimi: skuqje me aj\u00ebr, pjekje, skar\u00eb, pjekje n\u00eb furr\u00eb, dehidratim, pllak\u00eb gatimi, gatim i ngadalt\u00eb, zierje, avullim, mbajtje ngroht\u00eb dhe manual<br \/>\n4 cil\u00ebsime inteligjente t\u00eb skar\u00ebs: E ul\u00ebt, mesatare, e lart\u00eb, maksimale<br \/>\nFikje automatike me bip t\u00eb d\u00ebgjuesh\u00ebm<br \/>\nP\u00ebrfshir\u00eb aksesor\u00ebt: Tenxhere gatimi alumini jo-ngjit\u00ebse, raft avulli i kromuar, shport\u00eb \u00e7eliku e kromuar, kapak qelqi, fur\u00e7\u00eb pastrimi<\/p>\n<p>&nbsp;<\/p>\n","protected":false},"excerpt":{"rendered":"<p>ELIT GrillFry360 PRO<\/p>\n","protected":false},"featured_media":8395,"comment_status":"closed","ping_status":"closed","template":"","meta":[],"product_brand":[],"product_cat":[118,214,212,215,136],"product_tag":[],"class_list":{"0":"post-8391","1":"product","2":"type-product","3":"status-publish","4":"has-post-thumbnail","6":"product_cat-aksesore","7":"product_cat-friteze","8":"product_cat-grill","9":"product_cat-kuzhine","10":"product_cat-pajisje-shtepiake","12":"first","13":"instock","14":"shipping-taxable","15":"purchasable","16":"product-type-simple"},"_links":{"self":[{"href":"https:\/\/www.metron-ks.com\/index.php?rest_route=\/wp\/v2\/product\/8391","targetHints":{"allow":["GET"]}}],"collection":[{"href":"https:\/\/www.metron-ks.com\/index.php?rest_route=\/wp\/v2\/product"}],"about":[{"href":"https:\/\/www.metron-ks.com\/index.php?rest_route=\/wp\/v2\/types\/product"}],"replies":[{"embeddable":true,"href":"https:\/\/www.metron-ks.com\/index.php?rest_route=%2Fwp%2Fv2%2Fcomments&post=8391"}],"wp:featuredmedia":[{"embeddable":true,"href":"https:\/\/www.metron-ks.com\/index.php?rest_route=\/wp\/v2\/media\/8395"}],"wp:attachment":[{"href":"https:\/\/www.metron-ks.com\/index.php?rest_route=%2Fwp%2Fv2%2Fmedia&parent=8391"}],"wp:term":[{"taxonomy":"product_brand","embeddable":true,"href":"https:\/\/www.metron-ks.com\/index.php?rest_route=%2Fwp%2Fv2%2Fproduct_brand&post=8391"},{"taxonomy":"product_cat","embeddable":true,"href":"https:\/\/www.metron-ks.com\/index.php?rest_route=%2Fwp%2Fv2%2Fproduct_cat&post=8391"},{"taxonomy":"product_tag","embeddable":true,"href":"https:\/\/www.metron-ks.com\/index.php?rest_route=%2Fwp%2Fv2%2Fproduct_tag&post=8391"}],"curies":[{"name":"wp","href":"https:\/\/api.w.org\/{rel}","templated":true}]}}