{"id":8397,"date":"2025-10-02T11:52:49","date_gmt":"2025-10-02T11:52:49","guid":{"rendered":"https:\/\/www.metron-ks.com\/?post_type=product&#038;p=8397"},"modified":"2025-10-04T10:26:08","modified_gmt":"2025-10-04T10:26:08","slug":"mulli-kafeje-elit-cg-25","status":"publish","type":"product","link":"https:\/\/www.metron-ks.com\/?product=mulli-kafeje-elit-cg-25","title":{"rendered":"Mulli kafeje Elit CG-25"},"content":{"rendered":"<p>Shijoni arom\u00ebn dhe shijen e fresk\u00ebt t\u00eb kafes\u00eb me nj\u00eb mulli praktik me fuqi 150 W dhe kapacitet 50 g. I pajisur me nj\u00eb motor t\u00eb fuqish\u00ebm q\u00eb arrin deri n\u00eb 22,000 rrotullime n\u00eb minut\u00eb, ky mulli mund\u00ebson bluarjen e shpejt\u00eb dhe efikase t\u00eb kokrrave t\u00eb kafes\u00eb.<\/p>\n<p>Arrin deri n\u00eb 22,000 rrotullime n\u00eb minut\u00eb, duke ju lejuar t\u00eb bluani kokrra kafeje, er\u00ebza ose arra shpejt dhe me efikasitet.<\/p>\n<p>Mulliri Elite ka mund\u00ebsin\u00eb e bluarjes s\u00eb vazhdueshme dhe t\u00eb pulsuar p\u00ebr t\u00eb rregulluar struktur\u00ebn sakt\u00ebsisht ashtu si\u00e7 d\u00ebshironi. E t\u00ebra \u00e7far\u00eb duhet t\u00eb b\u00ebni \u00ebsht\u00eb t\u00eb shtypni nj\u00eb buton dhe bluarja fillon. Dy tehe \u00e7eliku inox do t&#8217;ju ofrojn\u00eb forc\u00ebn, q\u00ebndrueshm\u00ebrin\u00eb dhe jet\u00ebgjat\u00ebsin\u00eb e nevojshme.<\/p>\n<p>Fuqia: 150W, 220~240V\/50Hz<br \/>\nKapaciteti: 50g<br \/>\nBluan kokrra kafeje, arra dhe er\u00ebza<br \/>\nMotor me shpejt\u00ebsi t\u00eb lart\u00eb prej bakri t\u00eb plot\u00eb: 22,000 RPM<br \/>\nSistem operimi me puls<br \/>\nTeh bluar\u00ebs i q\u00ebndruesh\u00ebm prej \u00e7eliku inox<br \/>\nSistem sigurie p\u00ebr mbylljen e kapakut<br \/>\nKapak transparent p\u00ebr shikim<\/p>\n","protected":false},"excerpt":{"rendered":"<p>Elit CG-25<\/p>\n","protected":false},"featured_media":8398,"comment_status":"closed","ping_status":"closed","template":"","meta":[],"product_brand":[],"product_cat":[118,216,215,136],"product_tag":[],"class_list":{"0":"post-8397","1":"product","2":"type-product","3":"status-publish","4":"has-post-thumbnail","6":"product_cat-aksesore","7":"product_cat-aparat-per-kafe","8":"product_cat-kuzhine","9":"product_cat-pajisje-shtepiake","11":"first","12":"instock","13":"shipping-taxable","14":"purchasable","15":"product-type-simple"},"_links":{"self":[{"href":"https:\/\/www.metron-ks.com\/index.php?rest_route=\/wp\/v2\/product\/8397","targetHints":{"allow":["GET"]}}],"collection":[{"href":"https:\/\/www.metron-ks.com\/index.php?rest_route=\/wp\/v2\/product"}],"about":[{"href":"https:\/\/www.metron-ks.com\/index.php?rest_route=\/wp\/v2\/types\/product"}],"replies":[{"embeddable":true,"href":"https:\/\/www.metron-ks.com\/index.php?rest_route=%2Fwp%2Fv2%2Fcomments&post=8397"}],"wp:featuredmedia":[{"embeddable":true,"href":"https:\/\/www.metron-ks.com\/index.php?rest_route=\/wp\/v2\/media\/8398"}],"wp:attachment":[{"href":"https:\/\/www.metron-ks.com\/index.php?rest_route=%2Fwp%2Fv2%2Fmedia&parent=8397"}],"wp:term":[{"taxonomy":"product_brand","embeddable":true,"href":"https:\/\/www.metron-ks.com\/index.php?rest_route=%2Fwp%2Fv2%2Fproduct_brand&post=8397"},{"taxonomy":"product_cat","embeddable":true,"href":"https:\/\/www.metron-ks.com\/index.php?rest_route=%2Fwp%2Fv2%2Fproduct_cat&post=8397"},{"taxonomy":"product_tag","embeddable":true,"href":"https:\/\/www.metron-ks.com\/index.php?rest_route=%2Fwp%2Fv2%2Fproduct_tag&post=8397"}],"curies":[{"name":"wp","href":"https:\/\/api.w.org\/{rel}","templated":true}]}}